{"id":9979,"date":"2023-04-01T17:55:06","date_gmt":"2023-04-01T15:55:06","guid":{"rendered":"http:\/\/lckziu.pl\/?page_id=9979"},"modified":"2023-04-01T17:59:55","modified_gmt":"2023-04-01T15:59:55","slug":"mechatronik-742118","status":"publish","type":"page","link":"https:\/\/archiwum.lckziu.pl\/?page_id=9979","title":{"rendered":"Mechatronik 742118"},"content":{"rendered":"\r\n<div id=\"wp-block-themeisle-blocks-advanced-columns-f0bd240f\" class=\"wp-block-themeisle-blocks-advanced-columns has-1-columns has-desktop-equal-layout has-tablet-equal-layout has-mobile-equal-layout has-default-gap has-vertical-unset\">\r\n<div class=\"wp-block-themeisle-blocks-advanced-columns-overlay\">\u00a0<\/div>\r\n<div class=\"innerblocks-wrap\">\r\n<div id=\"wp-block-themeisle-blocks-advanced-column-f398389d\" class=\"wp-block-themeisle-blocks-advanced-column\"> <style>\r\n.caly {\r\ndisplay: flex;\r\nflex-wrap: wrap;\r\njustify-content: space-around;\r\nflex-direction: row;\r\n\r\n\/\/border-bottom:6px solid rgba(240,85,90,0.8);\r\n}\r\n.ofe {\r\n  display: block;\r\n  text-align:center;\r\n  \r\n}\r\n.omin {\r\n  color:rgba(40,85,190,0.6);\r\n}\r\n.omax {\r\n  font-size:1.5em;\r\n\r\n}\r\n.ofe ul {\r\nlist-style: none outside;\r\nmargin:0;\r\npadding:0;\r\n}\r\n.ofe li {\r\n  display: block;\r\n  font-size:1.2em;\r\n  padding: 0;\r\n}\r\n<\/style>\r\n<div class=\"caly\">\r\n<div class=\"ofe\"><span class=\"omax\">Opis\u00a0zawodu<br \/>kwalifikacja ELM.03<\/span><\/div>\r\n<div class=\"ofe\"><!--<span class=\"omin\">Przedmioty&nbsp;rozszerzone:<br>(1&nbsp;do&nbsp;wyboru)<\/span><ul><li>J\u0119zyk&nbsp;obcy<\/li><li>Geografia<\/li><ul>--><\/div>\r\n<div class=\"ofe\"><span class=\"omin\">J\u0119zyki\u00a0obce:<\/span>\r\n<ul>\r\n<li>Angielski<\/li>\r\n<\/ul>\r\n<\/div>\r\n<div class=\"ofe\"><a href=\"http:\/\/lckziu.pl\/wp-content\/uploads\/2023\/04\/mechatronik.pdf\" target=\"_blank\" rel=\"noopener noreferrer\">Podstawa\u00a0programowa<\/a><\/div>\r\n<\/div>\r\n<\/div>\r\n<\/div>\r\n<\/div>\r\n\r\n\r\n\r\n<p><strong>Mechatronik<\/strong> to specjalista zajmuj\u0105cy si\u0119 zagadnieniami zwi\u0105zanymi z mechatronik\u0105. G\u0142\u00f3wnym celem jego pracy jest monta\u017c, uruchamianie oraz konserwowanie i usprawnianie system\u00f3w i urz\u0105dze\u0144 o charakterze mechatronicznym, a tak\u017ce ich obs\u0142ugiwanie, eksploatowanie i odpowiednie programowanie.<\/p>\r\n<p>Osoba zatrudniona na takim stanowisku mo\u017ce te\u017c zajmowa\u0107 si\u0119 naprawami, prowadzeniem dokumentacji technicznej czy wykonywaniem oblicze\u0144. Wykorzystuje do tego wiedz\u0119 i umiej\u0119tno\u015bci z takich dziedzin jak informatyka, mechanika, elektronika, elektrotechnika czy systemy sterowania. Charakter pracy mechatronika zale\u017cy od konkretnego stanowiska. Specjali\u015bci mog\u0105 zajmowa\u0107 si\u0119 zadaniami zwi\u0105zanymi z montowaniem i obs\u0142ug\u0105 m.in. linii produkcyjnych, urz\u0105dze\u0144 powszechnego u\u017cytku, narz\u0119dzi medycznych oraz robot\u00f3w przemys\u0142owych. Ich wiedza i umiej\u0119tno\u015bci s\u0105 te\u017c potrzebne m.in. w bran\u017cy motoryzacyjnej, elektronicznej, lotniczej, energetycznej oraz w ochronie \u015brodowiska.<\/p>\r\n<p>NAUKA W NASZEJ SZKOLE UMO\u017bLIWIA:<\/p>\r\n<ol>\r\n<li>uzyskanie \u200e\u200ecertyfikatu kwalifikacji zawodowej:<\/li>\r\n<\/ol>\r\n<ul>\r\n<li><strong>ELM.03.<\/strong> Monta\u017c, uruchamianie i konserwacja urz\u0105dze\u0144 i system\u00f3w mechatronicznych<\/li>\r\n<\/ul>","protected":false},"excerpt":{"rendered":"<p>Mechatronik to specjalista zajmuj\u0105cy si\u0119 zagadnieniami zwi\u0105zanymi z mechatronik\u0105. G\u0142\u00f3wnym celem jego pracy jest monta\u017c, uruchamianie oraz konserwowanie i usprawnianie system\u00f3w i urz\u0105dze\u0144 o charakterze mechatronicznym, a tak\u017ce ich obs\u0142ugiwanie, eksploatowanie i odpowiednie programowanie. Osoba zatrudniona na takim stanowisku mo\u017ce te\u017c zajmowa\u0107 si\u0119 naprawami, prowadzeniem dokumentacji technicznej czy wykonywaniem oblicze\u0144. Wykorzystuje do tego wiedz\u0119 i&hellip;&nbsp;<a href=\"https:\/\/archiwum.lckziu.pl\/?page_id=9979\" class=\"\" rel=\"bookmark\">Czytaj dalej &raquo;<span class=\"screen-reader-text\">Mechatronik 742118<\/span><\/a><\/p>\n","protected":false},"author":2,"featured_media":0,"parent":0,"menu_order":0,"comment_status":"closed","ping_status":"closed","template":"","meta":{"neve_meta_sidebar":"full-width","neve_meta_container":"","neve_meta_enable_content_width":"on","neve_meta_content_width":100,"neve_meta_title_alignment":"","neve_meta_author_avatar":"","neve_post_elements_order":"","neve_meta_disable_header":"","neve_meta_disable_footer":"","neve_meta_disable_title":"","ngg_post_thumbnail":0,"_themeisle_gutenberg_block_has_review":false,"footnotes":""},"_links":{"self":[{"href":"https:\/\/archiwum.lckziu.pl\/index.php?rest_route=\/wp\/v2\/pages\/9979"}],"collection":[{"href":"https:\/\/archiwum.lckziu.pl\/index.php?rest_route=\/wp\/v2\/pages"}],"about":[{"href":"https:\/\/archiwum.lckziu.pl\/index.php?rest_route=\/wp\/v2\/types\/page"}],"author":[{"embeddable":true,"href":"https:\/\/archiwum.lckziu.pl\/index.php?rest_route=\/wp\/v2\/users\/2"}],"replies":[{"embeddable":true,"href":"https:\/\/archiwum.lckziu.pl\/index.php?rest_route=%2Fwp%2Fv2%2Fcomments&post=9979"}],"version-history":[{"count":5,"href":"https:\/\/archiwum.lckziu.pl\/index.php?rest_route=\/wp\/v2\/pages\/9979\/revisions"}],"predecessor-version":[{"id":9985,"href":"https:\/\/archiwum.lckziu.pl\/index.php?rest_route=\/wp\/v2\/pages\/9979\/revisions\/9985"}],"wp:attachment":[{"href":"https:\/\/archiwum.lckziu.pl\/index.php?rest_route=%2Fwp%2Fv2%2Fmedia&parent=9979"}],"curies":[{"name":"wp","href":"https:\/\/api.w.org\/{rel}","templated":true}]}}