{"id":9965,"date":"2023-04-01T17:38:05","date_gmt":"2023-04-01T15:38:05","guid":{"rendered":"http:\/\/lckziu.pl\/?page_id=9965"},"modified":"2023-04-01T17:53:18","modified_gmt":"2023-04-01T15:53:18","slug":"oper","status":"publish","type":"page","link":"https:\/\/archiwum.lckziu.pl\/?page_id=9965","title":{"rendered":"Operator obrabiarek skrawaj\u0105cych 722307"},"content":{"rendered":"\r\n<div id=\"wp-block-themeisle-blocks-advanced-columns-afd53382\" class=\"wp-block-themeisle-blocks-advanced-columns has-1-columns has-desktop-equal-layout has-tablet-equal-layout has-mobile-equal-layout has-default-gap has-vertical-unset\">\r\n<div class=\"wp-block-themeisle-blocks-advanced-columns-overlay\">\u00a0<\/div>\r\n<div class=\"innerblocks-wrap\">\r\n<div id=\"wp-block-themeisle-blocks-advanced-column-976b45e9\" class=\"wp-block-themeisle-blocks-advanced-column\"><style>.caly {display: flex;flex-wrap: wrap;justify-content: space-around;flex-direction: row;\/\/border-bottom:6px solid rgba(240,85,90,0.8);}.ofe {  display: block;  text-align:center;  }.omin {  color:rgba(40,85,190,0.6);}.omax {  font-size:1.5em;}.ofe ul {list-style: none outside;margin:0;padding:0;}.ofe li {  display: block;  font-size:1.2em;  padding: 0;}<\/style>\r\n<div class=\"caly\">\r\n<div class=\"ofe\"><span class=\"omax\">Opis\u00a0zawodu<br \/>kwalifikacja MEC.05<\/span><\/div>\r\n<div class=\"ofe\"><!--<span class=\"omin\">Przedmioty&nbsp;rozszerzone:<br>(1&nbsp;do&nbsp;wyboru)<\/span><ul><li>J\u0119zyk&nbsp;obcy<\/li><li>Geografia<\/li><ul>--><\/div>\r\n<div class=\"ofe\"><span class=\"omin\">J\u0119zyki\u00a0obce:<\/span>\r\n<ul>\r\n<li>Angielski<\/li>\r\n<\/ul>\r\n<\/div>\r\n<br \/>\r\n<div class=\"ofe\"><a href=\"http:\/\/lckziu.pl\/wp-content\/uploads\/2023\/04\/operator-obrabiarek-skrawajacych.pdf\" target=\"_blank\" rel=\"noopener noreferrer\">Podstawa\u00a0programowa<\/a>\u00a0<\/div>\r\n<div>\r\n<p><strong>Operator obrabiarek skrawaj\u0105cych<\/strong> nale\u017cy do zawod\u00f3w bardzo poszukiwanych na lokalnym\u00a0(i nie tylko) rynku pracy. Dominuj\u0105cymi czynno\u015bciami w\u00a0zawodzie s\u0105 prace ustawcze i\u00a0obr\u00f3bkowe, kt\u00f3re wykonuje pracownik zajmuj\u0105cy si\u0119 wytwarzaniem cz\u0119\u015bci maszyn na obrabiarkach konwencjonalnych i\u00a0obrabiarkach sterowanych numerycznie CNC.<\/p>\r\n<p><strong>Operator obrabiarek skrawaj\u0105cych<\/strong> obs\u0142uguje i\u00a0utrzymuje w\u00a0nale\u017cytym stanie technicznym nowoczesne maszyny do obr\u00f3bki skrawaniem. S\u0105 to zar\u00f3wno maszyny sterowane cyfrowo b\u0105d\u017a programowo, jak i\u00a0tradycyjne obrabiarki s\u0142u\u017c\u0105ce do kszta\u0142towania przedmiot\u00f3w z\u00a0metalu i\u00a0tworzyw sztucznych.<\/p>\r\n<p>Uczniowie kszta\u0142c\u0105cy si\u0119 w tym zawodzie ucz\u0105 si\u0119 obs\u0142ugi i\u00a0nadzorowania pracy uniwersalnych, p\u00f3\u0142automatycznych i\u00a0automatycznych obrabiarek skrawaj\u0105cych, takich jak: tokarki, frezarki, szlifierki w\u00a0tym obrabiarki sterowane numerycznie (CNC).<\/p>\r\n<p>NAUKA W NASZEJ SZKOLE UMO\u017bLIWIA:<\/p>\r\n<ol>\r\n<li>uzyskanie \u200e\u200ecertyfikatu kwalifikacji zawodowej:<\/li>\r\n<\/ol>\r\n<ul>\r\n<li><strong>MEC.05 <\/strong>U\u017cytkowanie obrabiarek skrawaj\u0105cych<\/li>\r\n<\/ul>\r\n<\/div>\r\n<\/div>\r\n<\/div>\r\n<\/div>\r\n<\/div>","protected":false},"excerpt":{"rendered":"","protected":false},"author":2,"featured_media":0,"parent":0,"menu_order":0,"comment_status":"closed","ping_status":"closed","template":"","meta":{"neve_meta_sidebar":"full-width","neve_meta_container":"","neve_meta_enable_content_width":"on","neve_meta_content_width":100,"neve_meta_title_alignment":"","neve_meta_author_avatar":"","neve_post_elements_order":"","neve_meta_disable_header":"","neve_meta_disable_footer":"","neve_meta_disable_title":"","ngg_post_thumbnail":0,"_themeisle_gutenberg_block_has_review":false,"footnotes":""},"_links":{"self":[{"href":"https:\/\/archiwum.lckziu.pl\/index.php?rest_route=\/wp\/v2\/pages\/9965"}],"collection":[{"href":"https:\/\/archiwum.lckziu.pl\/index.php?rest_route=\/wp\/v2\/pages"}],"about":[{"href":"https:\/\/archiwum.lckziu.pl\/index.php?rest_route=\/wp\/v2\/types\/page"}],"author":[{"embeddable":true,"href":"https:\/\/archiwum.lckziu.pl\/index.php?rest_route=\/wp\/v2\/users\/2"}],"replies":[{"embeddable":true,"href":"https:\/\/archiwum.lckziu.pl\/index.php?rest_route=%2Fwp%2Fv2%2Fcomments&post=9965"}],"version-history":[{"count":10,"href":"https:\/\/archiwum.lckziu.pl\/index.php?rest_route=\/wp\/v2\/pages\/9965\/revisions"}],"predecessor-version":[{"id":9978,"href":"https:\/\/archiwum.lckziu.pl\/index.php?rest_route=\/wp\/v2\/pages\/9965\/revisions\/9978"}],"wp:attachment":[{"href":"https:\/\/archiwum.lckziu.pl\/index.php?rest_route=%2Fwp%2Fv2%2Fmedia&parent=9965"}],"curies":[{"name":"wp","href":"https:\/\/api.w.org\/{rel}","templated":true}]}}