{"id":86,"date":"2014-09-16T02:08:22","date_gmt":"2014-09-16T00:08:22","guid":{"rendered":"http:\/\/lckziu.pl\/?page_id=86"},"modified":"2021-09-21T22:12:59","modified_gmt":"2021-09-21T20:12:59","slug":"kadra-lckziu","status":"publish","type":"page","link":"https:\/\/archiwum.lckziu.pl\/?page_id=86","title":{"rendered":"Kadra LCKZiU"},"content":{"rendered":"<section class=\"fw-main-row \">\n<div class=\"fw-container\">\n<div class=\"fw-row\">\n<div class=\"fw-col-xs-12\">\n<div class=\"fw-heading fw-heading-h3 \">\n<h3 class='fw-special-title'>DYREKCJA<\/h3>\n<\/p><\/div>\n<div class=\"fw-table\">\n<table>\n<thead>\n<tr class=\"heading-row\">\n<th class=\"default-col\">\n\t\t\t\t\t\t\t\tImi\u0119 i Nazwisko\t\t\t\t\t\t\t<\/th>\n<th class=\"default-col\">\n\t\t\t\t\t\t\t\tStanowisko\t\t\t\t\t\t\t<\/th>\n<\/tr>\n<\/thead>\n<tr class=\"default-row\">\n<td class=\"default-col\">\n\t\t\t\t\t\t\tmgr in\u017c. S\u0142awomir Dyba\u0142a\t\t\t\t\t\t<\/td>\n<td class=\"default-col\">\n\t\t\t\t\t\t\tDyrektor LCKZiU\t\t\t\t\t\t<\/td>\n<\/tr>\n<tr class=\"default-row\">\n<td class=\"default-col\">\n\t\t\t\t\t\t\tmgr in\u017c. Wies\u0142aw Ciorgo\u0144\t\t\t\t\t\t<\/td>\n<td class=\"default-col\">\n\t\t\t\t\t\t\tWicedyrektor LCKZiU\t\t\t\t\t\t<\/td>\n<\/tr>\n<tr class=\"default-row\">\n<td class=\"default-col\">\n\t\t\t\t\t\t\tmgr Jan Wasilewicz\t\t\t\t\t\t<\/td>\n<td class=\"default-col\">\n\t\t\t\t\t\t\tWicedyrektor LCKZiU\t\t\t\t\t\t<\/td>\n<\/tr>\n<tr class=\"default-row\">\n<td class=\"default-col\">\n\t\t\t\t\t\t\tmgr Cezary Wawszczak\t\t\t\t\t\t<\/td>\n<td class=\"default-col\">\n\t\t\t\t\t\t\tWicedyrektor LCKZiU\t\t\t\t\t\t<\/td>\n<\/tr>\n<\/table>\n<\/div>\n<\/div>\n<\/div>\n<div class=\"fw-row\">\n<div class=\"fw-col-xs-12\">\n<div class=\"fw-heading fw-heading-h3 \">\n<h3 class='fw-special-title'>Przedmioty og\u00f3lnokszta\u0142c\u0105ce<\/h3>\n<\/p><\/div>\n<div class=\"fw-table\">\n<table>\n<thead>\n<tr class=\"heading-row\">\n<th class=\"default-col\">\n\t\t\t\t\t\t\t\tImi\u0119 i Nazwisko\t\t\t\t\t\t\t<\/th>\n<th class=\"default-col\">\n\t\t\t\t\t\t\t\tStanowisko\t\t\t\t\t\t\t<\/th>\n<\/tr>\n<\/thead>\n<tr class=\"default-row\">\n<td class=\"default-col\">\n\t\t\t\t\t\t\tWasilewicz Jan\t\t\t\t\t\t<\/td>\n<td class=\"default-col\">\n\t\t\t\t\t\t\tz-ca dyrektora, zaj\u0119cia rewalidacyjne\t\t\t\t\t\t<\/td>\n<\/tr>\n<tr class=\"default-row\">\n<td class=\"default-col\">\n\t\t\t\t\t\t\tBarchacka Beata\t\t\t\t\t\t<\/td>\n<td class=\"default-col\">\n\t\t\t\t\t\t\tmatematyka, informatyka, przedsi\u0119biorczo\u015b\u0107\t\t\t\t\t\t<\/td>\n<\/tr>\n<tr class=\"default-row\">\n<td class=\"default-col\">\n\t\t\t\t\t\t\tBoryga Beata\t\t\t\t\t\t<\/td>\n<td class=\"default-col\">\n\t\t\t\t\t\t\tmatematyka\t\t\t\t\t\t<\/td>\n<\/tr>\n<tr class=\"default-row\">\n<td class=\"default-col\">\n\t\t\t\t\t\t\tBugaj Katarzyna\t\t\t\t\t\t<\/td>\n<td class=\"default-col\">\n\t\t\t\t\t\t\twiedza o spo\u0142ecze\u0144stwie, historia\t\t\t\t\t\t<\/td>\n<\/tr>\n<tr class=\"default-row\">\n<td class=\"default-col\">\n\t\t\t\t\t\t\tBo\u017cek Anna\t\t\t\t\t\t<\/td>\n<td class=\"default-col\">\n\t\t\t\t\t\t\tfizyka\t\t\t\t\t\t<\/td>\n<\/tr>\n<tr class=\"default-row\">\n<td class=\"default-col\">\n\t\t\t\t\t\t\tFedorowicz-Jackowski Pawe\u0142\t\t\t\t\t\t<\/td>\n<td class=\"default-col\">\n\t\t\t\t\t\t\treligia\t\t\t\t\t\t<\/td>\n<\/tr>\n<tr class=\"default-row\">\n<td class=\"default-col\">\n\t\t\t\t\t\t\tFugel Anna\t\t\t\t\t\t<\/td>\n<td class=\"default-col\">\n\t\t\t\t\t\t\tj. angielski\t\t\t\t\t\t<\/td>\n<\/tr>\n<tr class=\"default-row\">\n<td class=\"default-col\">\n\t\t\t\t\t\t\tGabry\u015b-Szuli\u0144ska Bo\u017cena\t\t\t\t\t\t<\/td>\n<td class=\"default-col\">\n\t\t\t\t\t\t\tmatematyka, podstawy przedsi\u0119biorczo\u015bci\t\t\t\t\t\t<\/td>\n<\/tr>\n<tr class=\"default-row\">\n<td class=\"default-col\">\n\t\t\t\t\t\t\tGawe\u0142 Marta\t\t\t\t\t\t<\/td>\n<td class=\"default-col\">\n\t\t\t\t\t\t\tj. polski\t\t\t\t\t\t<\/td>\n<\/tr>\n<tr class=\"default-row\">\n<td class=\"default-col\">\n\t\t\t\t\t\t\tGrabo\u015b Agnieszka\t\t\t\t\t\t<\/td>\n<td class=\"default-col\">\n\t\t\t\t\t\t\tbiologia, przedmioty ogrodnicze\t\t\t\t\t\t<\/td>\n<\/tr>\n<tr class=\"default-row\">\n<td class=\"default-col\">\n\t\t\t\t\t\t\tGruszka Marek\t\t\t\t\t\t<\/td>\n<td class=\"default-col\">\n\t\t\t\t\t\t\twychowanie fizyczne\t\t\t\t\t\t<\/td>\n<\/tr>\n<tr class=\"default-row\">\n<td class=\"default-col\">\n\t\t\t\t\t\t\tHelman Maria\t\t\t\t\t\t<\/td>\n<td class=\"default-col\">\n\t\t\t\t\t\t\tbiblioteka\t\t\t\t\t\t<\/td>\n<\/tr>\n<tr class=\"default-row\">\n<td class=\"default-col\">\n\t\t\t\t\t\t\tHuszaluk Dorota\t\t\t\t\t\t<\/td>\n<td class=\"default-col\">\n\t\t\t\t\t\t\twychowanie do \u017cycia w rodzinie, religia\t\t\t\t\t\t<\/td>\n<\/tr>\n<tr class=\"default-row\">\n<td class=\"default-col\">\n\t\t\t\t\t\t\tKa\u0142u\u017ca Mariusz\t\t\t\t\t\t<\/td>\n<td class=\"default-col\">\n\t\t\t\t\t\t\tj.niemiecki\t\t\t\t\t\t<\/td>\n<\/tr>\n<tr class=\"default-row\">\n<td class=\"default-col\">\n\t\t\t\t\t\t\tKasperska Iwona\t\t\t\t\t\t<\/td>\n<td class=\"default-col\">\n\t\t\t\t\t\t\tprzedmioty informatyczne\t\t\t\t\t\t<\/td>\n<\/tr>\n<tr class=\"default-row\">\n<td class=\"default-col\">\n\t\t\t\t\t\t\tKawerska Monika\t\t\t\t\t\t<\/td>\n<td class=\"default-col\">\n\t\t\t\t\t\t\tgeografia\t\t\t\t\t\t<\/td>\n<\/tr>\n<tr class=\"default-row\">\n<td class=\"default-col\">\n\t\t\t\t\t\t\tKlucha Urszula\t\t\t\t\t\t<\/td>\n<td class=\"default-col\">\n\t\t\t\t\t\t\tbiblioteka\t\t\t\t\t\t<\/td>\n<\/tr>\n<tr class=\"default-row\">\n<td class=\"default-col\">\n\t\t\t\t\t\t\tKonachowicz Andrzej\t\t\t\t\t\t<\/td>\n<td class=\"default-col\">\n\t\t\t\t\t\t\treligia prawos\u0142awna\t\t\t\t\t\t<\/td>\n<\/tr>\n<tr class=\"default-row\">\n<td class=\"default-col\">\n\t\t\t\t\t\t\tKopycka Beata\t\t\t\t\t\t<\/td>\n<td class=\"default-col\">\n\t\t\t\t\t\t\tj. polski\t\t\t\t\t\t<\/td>\n<\/tr>\n<tr class=\"default-row\">\n<td class=\"default-col\">\n\t\t\t\t\t\t\tKotko S\u0142awomir\t\t\t\t\t\t<\/td>\n<td class=\"default-col\">\n\t\t\t\t\t\t\twychowanie fizyczne\t\t\t\t\t\t<\/td>\n<\/tr>\n<tr class=\"default-row\">\n<td class=\"default-col\">\n\t\t\t\t\t\t\tKowalska Agnieszka\t\t\t\t\t\t<\/td>\n<td class=\"default-col\">\n\t\t\t\t\t\t\tj. angielski\t\t\t\t\t\t<\/td>\n<\/tr>\n<tr class=\"default-row\">\n<td class=\"default-col\">\n\t\t\t\t\t\t\tKr\u00f3l Dorota\t\t\t\t\t\t<\/td>\n<td class=\"default-col\">\n\t\t\t\t\t\t\tj. niemiecki\t\t\t\t\t\t<\/td>\n<\/tr>\n<tr class=\"default-row\">\n<td class=\"default-col\">\n\t\t\t\t\t\t\tKu\u017anar-Janczuk Ewa\t\t\t\t\t\t<\/td>\n<td class=\"default-col\">\n\t\t\t\t\t\t\thistoria\t\t\t\t\t\t<\/td>\n<\/tr>\n<tr class=\"default-row\">\n<td class=\"default-col\">\n\t\t\t\t\t\t\tKwiecie\u0144-G\u0142az Monika\t\t\t\t\t\t<\/td>\n<td class=\"default-col\">\n\t\t\t\t\t\t\tj. angielski\t\t\t\t\t\t<\/td>\n<\/tr>\n<tr class=\"default-row\">\n<td class=\"default-col\">\n\t\t\t\t\t\t\tModrzewska Bo\u017cena\t\t\t\t\t\t<\/td>\n<td class=\"default-col\">\n\t\t\t\t\t\t\tprzedmioty informatyczne\t\t\t\t\t\t<\/td>\n<\/tr>\n<tr class=\"default-row\">\n<td class=\"default-col\">\n\t\t\t\t\t\t\tModzelewska Bo\u017cena\t\t\t\t\t\t<\/td>\n<td class=\"default-col\">\n\t\t\t\t\t\t\tplastyka, przedmioty zawodowe graficzne\t\t\t\t\t\t<\/td>\n<\/tr>\n<tr class=\"default-row\">\n<td class=\"default-col\">\n\t\t\t\t\t\t\tOstrowski Marek\t\t\t\t\t\t<\/td>\n<td class=\"default-col\">\n\t\t\t\t\t\t\tmatematyka\t\t\t\t\t\t<\/td>\n<\/tr>\n<tr class=\"default-row\">\n<td class=\"default-col\">\n\t\t\t\t\t\t\tNaw\u00f3j Dariusz\t\t\t\t\t\t<\/td>\n<td class=\"default-col\">\n\t\t\t\t\t\t\twychowanie fizyczne\t\t\t\t\t\t<\/td>\n<\/tr>\n<tr class=\"default-row\">\n<td class=\"default-col\">\n\t\t\t\t\t\t\tPowa\u0142a-Nied\u017awiecki Maciej\t\t\t\t\t\t<\/td>\n<td class=\"default-col\">\n\t\t\t\t\t\t\twychowanie fizyczne\t\t\t\t\t\t<\/td>\n<\/tr>\n<tr class=\"default-row\">\n<td class=\"default-col\">\n\t\t\t\t\t\t\tSamborska Monika\t\t\t\t\t\t<\/td>\n<td class=\"default-col\">\n\t\t\t\t\t\t\tj.angielski\t\t\t\t\t\t<\/td>\n<\/tr>\n<tr class=\"default-row\">\n<td class=\"default-col\">\n\t\t\t\t\t\t\tS\u0142omianowska Barbara\t\t\t\t\t\t<\/td>\n<td class=\"default-col\">\n\t\t\t\t\t\t\tj.niemiecki\t\t\t\t\t\t<\/td>\n<\/tr>\n<tr class=\"default-row\">\n<td class=\"default-col\">\n\t\t\t\t\t\t\tStankiewicz Dariusz\t\t\t\t\t\t<\/td>\n<td class=\"default-col\">\n\t\t\t\t\t\t\treligia\t\t\t\t\t\t<\/td>\n<\/tr>\n<tr class=\"default-row\">\n<td class=\"default-col\">\n\t\t\t\t\t\t\tSzali\u0142ow Piotr\t\t\t\t\t\t<\/td>\n<td class=\"default-col\">\n\t\t\t\t\t\t\twychowanie fizyczne\t\t\t\t\t\t<\/td>\n<\/tr>\n<tr class=\"default-row\">\n<td class=\"default-col\">\n\t\t\t\t\t\t\t\u015acibiorska Gra\u017cyna\t\t\t\t\t\t<\/td>\n<td class=\"default-col\">\n\t\t\t\t\t\t\tmatematyka, chemia\t\t\t\t\t\t<\/td>\n<\/tr>\n<tr class=\"default-row\">\n<td class=\"default-col\">\n\t\t\t\t\t\t\tTarasi\u0144ska Wies\u0142awa\t\t\t\t\t\t<\/td>\n<td class=\"default-col\">\n\t\t\t\t\t\t\tj. polski, wiedza o kulturze\t\t\t\t\t\t<\/td>\n<\/tr>\n<tr class=\"default-row\">\n<td class=\"default-col\">\n\t\t\t\t\t\t\tW\u0105sik Wies\u0142awa\t\t\t\t\t\t<\/td>\n<td class=\"default-col\">\n\t\t\t\t\t\t\tj. niemiecki\t\t\t\t\t\t<\/td>\n<\/tr>\n<\/table>\n<\/div>\n<\/div>\n<\/div>\n<div class=\"fw-row\">\n<div class=\"fw-col-xs-12\">\n<div class=\"fw-heading fw-heading-h3 \">\n<h3 class='fw-special-title'>Przedmioty zawodowe mechaniczne i elektroniczne<\/h3>\n<\/p><\/div>\n<div class=\"fw-table\">\n<table>\n<thead>\n<tr class=\"heading-row\">\n<th class=\"default-col\">\n\t\t\t\t\t\t\t\tImi\u0119 i Nazwisko\t\t\t\t\t\t\t<\/th>\n<th class=\"default-col\">\n\t\t\t\t\t\t\t\tStanowisko\t\t\t\t\t\t\t<\/th>\n<\/tr>\n<\/thead>\n<tr class=\"default-row\">\n<td class=\"default-col\">\n\t\t\t\t\t\t\tDyba\u0142a S\u0142awomir\t\t\t\t\t\t<\/td>\n<td class=\"default-col\">\n\t\t\t\t\t\t\tDyrektor LCKZiU, technologia maszyn\t\t\t\t\t\t<\/td>\n<\/tr>\n<tr class=\"default-row\">\n<td class=\"default-col\">\n\t\t\t\t\t\t\tCiorgo\u0144 Wies\u0142aw\t\t\t\t\t\t<\/td>\n<td class=\"default-col\">\n\t\t\t\t\t\t\tz-ca dyrektora, mechanika\t\t\t\t\t\t<\/td>\n<\/tr>\n<tr class=\"default-row\">\n<td class=\"default-col\">\n\t\t\t\t\t\t\tBedli\u0144ski Tomasz\t\t\t\t\t\t<\/td>\n<td class=\"default-col\">\n\t\t\t\t\t\t\tprzedmioty mechaniczne\t\t\t\t\t\t<\/td>\n<\/tr>\n<tr class=\"default-row\">\n<td class=\"default-col\">\n\t\t\t\t\t\t\tD\u0119bska Ewa\t\t\t\t\t\t<\/td>\n<td class=\"default-col\">\n\t\t\t\t\t\t\tprzedmioty mechaniczne\t\t\t\t\t\t<\/td>\n<\/tr>\n<tr class=\"default-row\">\n<td class=\"default-col\">\n\t\t\t\t\t\t\tJaniszek Dariusz\t\t\t\t\t\t<\/td>\n<td class=\"default-col\">\n\t\t\t\t\t\t\tprzedmioty mechatroniczne\t\t\t\t\t\t<\/td>\n<\/tr>\n<tr class=\"default-row\">\n<td class=\"default-col\">\n\t\t\t\t\t\t\tKasperek Pawe\u0142\t\t\t\t\t\t<\/td>\n<td class=\"default-col\">\n\t\t\t\t\t\t\tprzedmioty mechaniczne\t\t\t\t\t\t<\/td>\n<\/tr>\n<tr class=\"default-row\">\n<td class=\"default-col\">\n\t\t\t\t\t\t\tMazur Miros\u0142aw\t\t\t\t\t\t<\/td>\n<td class=\"default-col\">\n\t\t\t\t\t\t\tprzedmioty mechatroniczne\t\t\t\t\t\t<\/td>\n<\/tr>\n<tr class=\"default-row\">\n<td class=\"default-col\">\n\t\t\t\t\t\t\tMicho\u0144 Kamil\t\t\t\t\t\t<\/td>\n<td class=\"default-col\">\n\t\t\t\t\t\t\tprzedmioty mechatroniczne\t\t\t\t\t\t<\/td>\n<\/tr>\n<tr class=\"default-row\">\n<td class=\"default-col\">\n\t\t\t\t\t\t\tMi\u0142kowska Maria\t\t\t\t\t\t<\/td>\n<td class=\"default-col\">\n\t\t\t\t\t\t\tmechanika\t\t\t\t\t\t<\/td>\n<\/tr>\n<tr class=\"default-row\">\n<td class=\"default-col\">\n\t\t\t\t\t\t\tPio\u015b Pawe\u0142\t\t\t\t\t\t<\/td>\n<td class=\"default-col\">\n\t\t\t\t\t\t\tprzedmioty mechaniczne\t\t\t\t\t\t<\/td>\n<\/tr>\n<tr class=\"default-row\">\n<td class=\"default-col\">\n\t\t\t\t\t\t\tPor\u0119bski Benedykt\t\t\t\t\t\t<\/td>\n<td class=\"default-col\">\n\t\t\t\t\t\t\tprzedmioty mechatroniczne\t\t\t\t\t\t<\/td>\n<\/tr>\n<tr class=\"default-row\">\n<td class=\"default-col\">\n\t\t\t\t\t\t\tSo\u0142tan Teresa\t\t\t\t\t\t<\/td>\n<td class=\"default-col\">\n\t\t\t\t\t\t\telektrotechnika, przedmioty mechatroniczne\t\t\t\t\t\t<\/td>\n<\/tr>\n<\/table>\n<\/div>\n<\/div>\n<\/div>\n<div class=\"fw-row\">\n<div class=\"fw-col-xs-12\">\n<div class=\"fw-heading fw-heading-h3 \">\n<h3 class='fw-special-title'>Przedmioty zawodowe informatyczne<\/h3>\n<\/p><\/div>\n<div class=\"fw-table\">\n<table>\n<thead>\n<tr class=\"heading-row\">\n<th class=\"default-col\">\n\t\t\t\t\t\t\t\tImi\u0119 i Nazwisko\t\t\t\t\t\t\t<\/th>\n<th class=\"default-col\">\n\t\t\t\t\t\t\t\tStanowisko\t\t\t\t\t\t\t<\/th>\n<\/tr>\n<\/thead>\n<tr class=\"default-row\">\n<td class=\"default-col\">\n\t\t\t\t\t\t\tD\u0105br\u00f3wka Andrzej\t\t\t\t\t\t<\/td>\n<td class=\"default-col\">\n\t\t\t\t\t\t\tprzedmioty informatyczne\t\t\t\t\t\t<\/td>\n<\/tr>\n<tr class=\"default-row\">\n<td class=\"default-col\">\n\t\t\t\t\t\t\tPlackowska Natalia\t\t\t\t\t\t<\/td>\n<td class=\"default-col\">\n\t\t\t\t\t\t\tgrafika komputerowa\t\t\t\t\t\t<\/td>\n<\/tr>\n<tr class=\"default-row\">\n<td class=\"default-col\">\n\t\t\t\t\t\t\tPo\u0142e\u0107 Ireneusz\t\t\t\t\t\t<\/td>\n<td class=\"default-col\">\n\t\t\t\t\t\t\tprzedmioty informatyczne\t\t\t\t\t\t<\/td>\n<\/tr>\n<tr class=\"default-row\">\n<td class=\"default-col\">\n\t\t\t\t\t\t\tWawszczak Cezary\t\t\t\t\t\t<\/td>\n<td class=\"default-col\">\n\t\t\t\t\t\t\tz-ca dyrektora, przedmioty informatyczne\t\t\t\t\t\t<\/td>\n<\/tr>\n<tr class=\"default-row\">\n<td class=\"default-col\">\n\t\t\t\t\t\t\tW\u0142osek Pawe\u0142\t\t\t\t\t\t<\/td>\n<td class=\"default-col\">\n\t\t\t\t\t\t\tgrafika komputerowa, przedmioty informatyczne\t\t\t\t\t\t<\/td>\n<\/tr>\n<tr class=\"default-row\">\n<td class=\"default-col\">\n\t\t\t\t\t\t\tW\u00f3jcik Grzegorz\t\t\t\t\t\t<\/td>\n<td class=\"default-col\">\n\t\t\t\t\t\t\tgrafika komputerowa\t\t\t\t\t\t<\/td>\n<\/tr>\n<\/table>\n<\/div>\n<\/div>\n<\/div>\n<div class=\"fw-row\">\n<div class=\"fw-col-xs-12\">\n<div class=\"fw-heading fw-heading-h3 \">\n<h3 class='fw-special-title'>Przedmioty ekonomiczne i pokrewne<\/h3>\n<\/p><\/div>\n<div class=\"fw-table\">\n<table>\n<thead>\n<tr class=\"heading-row\">\n<th class=\"default-col\">\n\t\t\t\t\t\t\t\tImi\u0119 i Nazwisko\t\t\t\t\t\t\t<\/th>\n<th class=\"default-col\">\n\t\t\t\t\t\t\t\tStanowisko\t\t\t\t\t\t\t<\/th>\n<\/tr>\n<\/thead>\n<tr class=\"default-row\">\n<td class=\"default-col\">\n\t\t\t\t\t\t\tDolecka Jadwiga\t\t\t\t\t\t<\/td>\n<td class=\"default-col\">\n\t\t\t\t\t\t\tprzedsi\u0119biorczo\u015b\u0107\t\t\t\t\t\t<\/td>\n<\/tr>\n<\/table>\n<\/div>\n<\/div>\n<\/div>\n<div class=\"fw-row\">\n<div class=\"fw-col-xs-12\">\n<div class=\"fw-heading fw-heading-h3 \">\n<h3 class='fw-special-title'>Nauczyciele praktycznej nauki zawodu<\/h3>\n<\/p><\/div>\n<div class=\"fw-table\">\n<table>\n<thead>\n<tr class=\"heading-row\">\n<th class=\"default-col\">\n\t\t\t\t\t\t\t\tImi\u0119 i Nazwisko\t\t\t\t\t\t\t<\/th>\n<th class=\"default-col\">\n\t\t\t\t\t\t\t\tStanowisko\t\t\t\t\t\t\t<\/th>\n<\/tr>\n<\/thead>\n<tr class=\"default-row\">\n<td class=\"default-col\">\n\t\t\t\t\t\t\tDrozd Pawe\u0142\t\t\t\t\t\t<\/td>\n<td class=\"default-col\">\n\t\t\t\t\t\t\tprzedmioty informatyczne\t\t\t\t\t\t<\/td>\n<\/tr>\n<tr class=\"default-row\">\n<td class=\"default-col\">\n\t\t\t\t\t\t\tDyba\u0142a Bogus\u0142aw\t\t\t\t\t\t<\/td>\n<td class=\"default-col\">\n\t\t\t\t\t\t\tzaj\u0119cia praktyczne\t\t\t\t\t\t<\/td>\n<\/tr>\n<tr class=\"default-row\">\n<td class=\"default-col\">\n\t\t\t\t\t\t\tGodlewska Renata\t\t\t\t\t\t<\/td>\n<td class=\"default-col\">\n\t\t\t\t\t\t\tprzedmioty ogrodnicze\t\t\t\t\t\t<\/td>\n<\/tr>\n<tr class=\"default-row\">\n<td class=\"default-col\">\n\t\t\t\t\t\t\tGrzegorczyk Jolanta\t\t\t\t\t\t<\/td>\n<td class=\"default-col\">\n\t\t\t\t\t\t\tprzedmioty ogrodnicze\t\t\t\t\t\t<\/td>\n<\/tr>\n<tr class=\"default-row\">\n<td class=\"default-col\">\n\t\t\t\t\t\t\tJ\u0119druszczak Henryk\t\t\t\t\t\t<\/td>\n<td class=\"default-col\">\n\t\t\t\t\t\t\tzaj\u0119cia praktyczne\t\t\t\t\t\t<\/td>\n<\/tr>\n<tr class=\"default-row\">\n<td class=\"default-col\">\n\t\t\t\t\t\t\tKajlewicz Piotr\t\t\t\t\t\t<\/td>\n<td class=\"default-col\">\n\t\t\t\t\t\t\tgrafika komputerowa\t\t\t\t\t\t<\/td>\n<\/tr>\n<tr class=\"default-row\">\n<td class=\"default-col\">\n\t\t\t\t\t\t\tKolasi\u0144ski Piotr\t\t\t\t\t\t<\/td>\n<td class=\"default-col\">\n\t\t\t\t\t\t\tprzedmioty elektryczne\t\t\t\t\t\t<\/td>\n<\/tr>\n<tr class=\"default-row\">\n<td class=\"default-col\">\n\t\t\t\t\t\t\tKorbus Jacek\t\t\t\t\t\t<\/td>\n<td class=\"default-col\">\n\t\t\t\t\t\t\tgrafika komputerowa\t\t\t\t\t\t<\/td>\n<\/tr>\n<tr class=\"default-row\">\n<td class=\"default-col\">\n\t\t\t\t\t\t\tNajman Artur\t\t\t\t\t\t<\/td>\n<td class=\"default-col\">\n\t\t\t\t\t\t\tzaj\u0119cia praktyczne\t\t\t\t\t\t<\/td>\n<\/tr>\n<tr class=\"default-row\">\n<td class=\"default-col\">\n\t\t\t\t\t\t\tNiewada-Wysocka Aleksandra\t\t\t\t\t\t<\/td>\n<td class=\"default-col\">\n\t\t\t\t\t\t\tprzedmioty ogrodnicze\t\t\t\t\t\t<\/td>\n<\/tr>\n<tr class=\"default-row\">\n<td class=\"default-col\">\n\t\t\t\t\t\t\tNiezgoda Grzegorz\t\t\t\t\t\t<\/td>\n<td class=\"default-col\">\n\t\t\t\t\t\t\tzaj\u0119cia praktyczne\t\t\t\t\t\t<\/td>\n<\/tr>\n<tr class=\"default-row\">\n<td class=\"default-col\">\n\t\t\t\t\t\t\tW\u0119gielski Zbigniew\t\t\t\t\t\t<\/td>\n<td class=\"default-col\">\n\t\t\t\t\t\t\tzaj\u0119cia praktyczne\t\t\t\t\t\t<\/td>\n<\/tr>\n<tr class=\"default-row\">\n<td class=\"default-col\">\n\t\t\t\t\t\t\tW\u00f3jcik Stanis\u0142aw\t\t\t\t\t\t<\/td>\n<td class=\"default-col\">\n\t\t\t\t\t\t\tzaj\u0119cia praktyczne\t\t\t\t\t\t<\/td>\n<\/tr>\n<tr class=\"default-row\">\n<td class=\"default-col\">\n\t\t\t\t\t\t\tW\u00f3jcik Zbigniew\t\t\t\t\t\t<\/td>\n<td class=\"default-col\">\n\t\t\t\t\t\t\tzaj\u0119cia praktyczne, edukacja dla bezpiecze\u0144stwa\t\t\t\t\t\t<\/td>\n<\/tr>\n<\/table>\n<\/div>\n<\/div>\n<\/div>\n<div class=\"fw-row\">\n<div class=\"fw-col-xs-12\">\n<div class=\"fw-heading fw-heading-h3 \">\n<h3 class='fw-special-title'>Pedagog szkolny oraz doradztwo zawodowe<\/h3>\n<\/p><\/div>\n<div class=\"fw-table\">\n<table>\n<thead>\n<tr class=\"heading-row\">\n<th class=\"default-col\">\n\t\t\t\t\t\t\t\tImi\u0119 i Nazwisko\t\t\t\t\t\t\t<\/th>\n<th class=\"default-col\">\n\t\t\t\t\t\t\t\tStanowisko\t\t\t\t\t\t\t<\/th>\n<\/tr>\n<\/thead>\n<tr class=\"default-row\">\n<td class=\"default-col\">\n\t\t\t\t\t\t\tG\u00f3rczy\u0144ski Miros\u0142aw\t\t\t\t\t\t<\/td>\n<td class=\"default-col\">\n\t\t\t\t\t\t\tdoradca zawodowy\t\t\t\t\t\t<\/td>\n<\/tr>\n<tr class=\"default-row\">\n<td class=\"default-col\">\n\t\t\t\t\t\t\tGruszka Marzena\t\t\t\t\t\t<\/td>\n<td class=\"default-col\">\n\t\t\t\t\t\t\tpedagog szkolny\t\t\t\t\t\t<\/td>\n<\/tr>\n<\/table>\n<\/div>\n<\/div>\n<\/div><\/div>\n<\/section>\n<p><!-- 0b51d3ffd2b7aaff475835453334dfd8 --><\/p>\n","protected":false},"excerpt":{"rendered":"<p>DYREKCJA Imi\u0119 i Nazwisko Stanowisko mgr in\u017c. S\u0142awomir Dyba\u0142a Dyrektor LCKZiU mgr in\u017c. Wies\u0142aw Ciorgo\u0144 Wicedyrektor LCKZiU mgr Jan Wasilewicz Wicedyrektor LCKZiU mgr Cezary Wawszczak Wicedyrektor LCKZiU Przedmioty og\u00f3lnokszta\u0142c\u0105ce Imi\u0119 i Nazwisko Stanowisko Wasilewicz Jan z-ca dyrektora, zaj\u0119cia rewalidacyjne Barchacka Beata matematyka, informatyka, przedsi\u0119biorczo\u015b\u0107 Boryga Beata matematyka Bugaj Katarzyna wiedza o spo\u0142ecze\u0144stwie, historia Bo\u017cek Anna&hellip;&nbsp;<a href=\"https:\/\/archiwum.lckziu.pl\/?page_id=86\" class=\"\" rel=\"bookmark\">Czytaj dalej &raquo;<span class=\"screen-reader-text\">Kadra LCKZiU<\/span><\/a><\/p>\n","protected":false},"author":1,"featured_media":0,"parent":0,"menu_order":0,"comment_status":"closed","ping_status":"closed","template":"","meta":{"neve_meta_sidebar":"","neve_meta_container":"","neve_meta_enable_content_width":"off","neve_meta_content_width":0,"neve_meta_title_alignment":"","neve_meta_author_avatar":"","neve_post_elements_order":"","neve_meta_disable_header":"","neve_meta_disable_footer":"","neve_meta_disable_title":"","ngg_post_thumbnail":0,"_themeisle_gutenberg_block_has_review":false,"footnotes":""},"_links":{"self":[{"href":"https:\/\/archiwum.lckziu.pl\/index.php?rest_route=\/wp\/v2\/pages\/86"}],"collection":[{"href":"https:\/\/archiwum.lckziu.pl\/index.php?rest_route=\/wp\/v2\/pages"}],"about":[{"href":"https:\/\/archiwum.lckziu.pl\/index.php?rest_route=\/wp\/v2\/types\/page"}],"author":[{"embeddable":true,"href":"https:\/\/archiwum.lckziu.pl\/index.php?rest_route=\/wp\/v2\/users\/1"}],"replies":[{"embeddable":true,"href":"https:\/\/archiwum.lckziu.pl\/index.php?rest_route=%2Fwp%2Fv2%2Fcomments&post=86"}],"version-history":[{"count":92,"href":"https:\/\/archiwum.lckziu.pl\/index.php?rest_route=\/wp\/v2\/pages\/86\/revisions"}],"predecessor-version":[{"id":7480,"href":"https:\/\/archiwum.lckziu.pl\/index.php?rest_route=\/wp\/v2\/pages\/86\/revisions\/7480"}],"wp:attachment":[{"href":"https:\/\/archiwum.lckziu.pl\/index.php?rest_route=%2Fwp%2Fv2%2Fmedia&parent=86"}],"curies":[{"name":"wp","href":"https:\/\/api.w.org\/{rel}","templated":true}]}}