{"id":840,"date":"2015-01-12T08:23:56","date_gmt":"2015-01-12T07:23:56","guid":{"rendered":"http:\/\/lckziu.pl\/?page_id=840"},"modified":"2016-02-01T10:37:26","modified_gmt":"2016-02-01T09:37:26","slug":"logo-lckziu","status":"publish","type":"page","link":"https:\/\/archiwum.lckziu.pl\/?page_id=840","title":{"rendered":"Logo LCKZiU"},"content":{"rendered":"<h2>Ksi\u0119ga znaku:<\/h2>\n<p>Zawiera opis Logo oraz dozwolone u\u017cycie. Nale\u017cy zapozna\u0107 si\u0119 z tym dokumentem przed rozpocz\u0119ciem pracy z Logo LCKZiU. Dokument <a href=\"http:\/\/lckziu.pl\/wp-content\/uploads\/2015\/01\/lckziu-kz.pdf\" target=\"_blank\">LCKZiU-KZ.PDF<\/a><br \/>\nCzcionka u\u017cywana w Logo: <a href=\"http:\/\/lckziu.pl\/wp-content\/uploads\/2015\/01\/Open_Sans.zip\">Open_Sans.zip<br \/>\n<\/a><\/p>\n<p>Papier s\u0142u\u017cbowy:\u00a0<a href=\"http:\/\/lckziu.pl\/wp-content\/uploads\/2015\/01\/Papier-firmowy1.dotx\" target=\"_blank\">Papier-firmowy1.dotx<\/a><\/p>\n<h2>Czcionka LCKZiU:<\/h2>\n<p>Czcionka LCKZiU zawiera logo LCKZiU kt\u00f3re podczas u\u017cywania czcionki wywo\u0142uje si\u0119 liter\u0105 l (ma\u0142e L)<br \/>\nFont mo\u017cna pobra\u0107 tutaj: <a href=\"http:\/\/lckziu.pl\/wp-content\/uploads\/2016\/01\/LCKZiU.ttf\" alt=\"LCKZiU.ttf\">LCKZiU.ttf<\/a><\/p>\n<h2>Grafika wektorowa:<\/h2>\n<p><a href=\"http:\/\/lckziu.pl\/wp-content\/uploads\/2015\/01\/logo-lckziu.zip\" target=\"_blank\">CDR(zip)<\/a><br \/>\n<a href=\"http:\/\/lckziu.pl\/wp-content\/uploads\/2015\/01\/logo-lckziu.pdf\" target=\"_blank\">PDF<\/a><\/p>\n<h2>Grafika rastrowa:<\/h2>\n<p><center><br \/>\n<a href=\"\/wp-content\/uploads\/2015\/01\/logo-lckziu.png\" target=\"_blank\"><img decoding=\"async\" title=\"Logo LCKZiU transparentne t\u0142o\" src=\"\/wp-content\/uploads\/2015\/01\/logo-lckziu.png\" alt=\"Logo LCKZiU transparentne t\u0142o\" width=\"40%\" \/><\/a><br \/>\n<a href=\"\/wp-content\/uploads\/2015\/01\/lckziu-logo-z-po.png\" target=\"_blank\"><img decoding=\"async\" title=\"Logo LCKZiU z polem ochronnym\" src=\"\/wp-content\/uploads\/2015\/01\/lckziu-logo-z-po.png\" alt=\"Logo LCKZiU z polem ochronnym\" width=\"40%\" \/><\/a><br \/>\n<a href=\"\/wp-content\/uploads\/2015\/01\/logo-lckziu-2.png\" target=\"_blank\"><img decoding=\"async\" title=\"Logo LCKZiU Rozwini\u0119ta nazwa\" src=\"\/wp-content\/uploads\/2015\/01\/logo-lckziu-2.png\" alt=\"Logo LCKZiU Rozwini\u0119ta nazwa\" width=\"95%\" \/><\/a><br \/>\n<img loading=\"lazy\" decoding=\"async\" src=\"http:\/\/lckziu.pl\/wp-content\/uploads\/2016\/01\/lckziu-anim.gif\" alt=\"lckziu-anim\" width=\"500\" height=\"500\" class=\"aligncenter size-full wp-image-1499\" \/><\/br><img loading=\"lazy\" decoding=\"async\" src=\"http:\/\/lckziu.pl\/wp-content\/uploads\/2016\/02\/lckziu-2.gif\" alt=\"lckziu-2\" width=\"500\" height=\"500\" class=\"aligncenter size-full wp-image-1521\" \/><\/center><\/p>\n","protected":false},"excerpt":{"rendered":"<p>Ksi\u0119ga znaku: Zawiera opis Logo oraz dozwolone u\u017cycie. Nale\u017cy zapozna\u0107 si\u0119 z tym dokumentem przed rozpocz\u0119ciem pracy z Logo LCKZiU. Dokument LCKZiU-KZ.PDF Czcionka u\u017cywana w Logo: Open_Sans.zip Papier s\u0142u\u017cbowy:\u00a0Papier-firmowy1.dotx Czcionka LCKZiU: Czcionka LCKZiU zawiera logo LCKZiU kt\u00f3re podczas u\u017cywania czcionki wywo\u0142uje si\u0119 liter\u0105 l (ma\u0142e L) Font mo\u017cna pobra\u0107 tutaj: LCKZiU.ttf Grafika wektorowa: CDR(zip) PDF&hellip;&nbsp;<a href=\"https:\/\/archiwum.lckziu.pl\/?page_id=840\" class=\"\" rel=\"bookmark\">Czytaj dalej &raquo;<span class=\"screen-reader-text\">Logo LCKZiU<\/span><\/a><\/p>\n","protected":false},"author":1,"featured_media":0,"parent":0,"menu_order":0,"comment_status":"closed","ping_status":"closed","template":"","meta":{"neve_meta_sidebar":"","neve_meta_container":"","neve_meta_enable_content_width":"","neve_meta_content_width":0,"neve_meta_title_alignment":"","neve_meta_author_avatar":"","neve_post_elements_order":"","neve_meta_disable_header":"","neve_meta_disable_footer":"","neve_meta_disable_title":"","ngg_post_thumbnail":0,"_themeisle_gutenberg_block_has_review":false,"footnotes":""},"_links":{"self":[{"href":"https:\/\/archiwum.lckziu.pl\/index.php?rest_route=\/wp\/v2\/pages\/840"}],"collection":[{"href":"https:\/\/archiwum.lckziu.pl\/index.php?rest_route=\/wp\/v2\/pages"}],"about":[{"href":"https:\/\/archiwum.lckziu.pl\/index.php?rest_route=\/wp\/v2\/types\/page"}],"author":[{"embeddable":true,"href":"https:\/\/archiwum.lckziu.pl\/index.php?rest_route=\/wp\/v2\/users\/1"}],"replies":[{"embeddable":true,"href":"https:\/\/archiwum.lckziu.pl\/index.php?rest_route=%2Fwp%2Fv2%2Fcomments&post=840"}],"version-history":[{"count":22,"href":"https:\/\/archiwum.lckziu.pl\/index.php?rest_route=\/wp\/v2\/pages\/840\/revisions"}],"predecessor-version":[{"id":852,"href":"https:\/\/archiwum.lckziu.pl\/index.php?rest_route=\/wp\/v2\/pages\/840\/revisions\/852"}],"wp:attachment":[{"href":"https:\/\/archiwum.lckziu.pl\/index.php?rest_route=%2Fwp%2Fv2%2Fmedia&parent=840"}],"curies":[{"name":"wp","href":"https:\/\/api.w.org\/{rel}","templated":true}]}}