{"id":757,"date":"2014-12-10T11:44:36","date_gmt":"2014-12-10T10:44:36","guid":{"rendered":"http:\/\/lckziu.pl\/?page_id=757"},"modified":"2023-09-14T09:51:10","modified_gmt":"2023-09-14T07:51:10","slug":"kalendarz-lckziu","status":"publish","type":"page","link":"https:\/\/archiwum.lckziu.pl\/?page_id=757","title":{"rendered":"Kalendarz LCKZIU"},"content":{"rendered":"<p>Kalendarz roku szkolnego 2023\/2024 mo\u017cna zobaczy\u0107 i pobra\u0107 <a href=\"\/wp-content\/uploads\/2023\/09\/Kalendarz-roku-szkolnego-2023-2024-LCKZiU-w-Lublinie.pdf\" target=\"_blank\" rel=\"noopener noreferrer\">TUTAJ<\/a><\/p>\n<p><iframe loading=\"lazy\" src=\"https:\/\/calendar.google.com\/calendar\/embed?src=lckziu1%40gmail.com&#038;ctz=Europe%2FWarsaw\" style=\"border: 0\" width=\"1280\" height=\"900\" frameborder=\"0\" scrolling=\"no\"><\/iframe><\/p>\n","protected":false},"excerpt":{"rendered":"<p>Kalendarz roku szkolnego 2023\/2024 mo\u017cna zobaczy\u0107 i pobra\u0107 TUTAJ<\/p>\n","protected":false},"author":1,"featured_media":0,"parent":0,"menu_order":0,"comment_status":"closed","ping_status":"closed","template":"","meta":{"neve_meta_sidebar":"","neve_meta_container":"","neve_meta_enable_content_width":"off","neve_meta_content_width":100,"neve_meta_title_alignment":"","neve_meta_author_avatar":"","neve_post_elements_order":"","neve_meta_disable_header":"","neve_meta_disable_footer":"","neve_meta_disable_title":"","ngg_post_thumbnail":0,"_themeisle_gutenberg_block_has_review":false,"footnotes":""},"_links":{"self":[{"href":"https:\/\/archiwum.lckziu.pl\/index.php?rest_route=\/wp\/v2\/pages\/757"}],"collection":[{"href":"https:\/\/archiwum.lckziu.pl\/index.php?rest_route=\/wp\/v2\/pages"}],"about":[{"href":"https:\/\/archiwum.lckziu.pl\/index.php?rest_route=\/wp\/v2\/types\/page"}],"author":[{"embeddable":true,"href":"https:\/\/archiwum.lckziu.pl\/index.php?rest_route=\/wp\/v2\/users\/1"}],"replies":[{"embeddable":true,"href":"https:\/\/archiwum.lckziu.pl\/index.php?rest_route=%2Fwp%2Fv2%2Fcomments&post=757"}],"version-history":[{"count":41,"href":"https:\/\/archiwum.lckziu.pl\/index.php?rest_route=\/wp\/v2\/pages\/757\/revisions"}],"predecessor-version":[{"id":10710,"href":"https:\/\/archiwum.lckziu.pl\/index.php?rest_route=\/wp\/v2\/pages\/757\/revisions\/10710"}],"wp:attachment":[{"href":"https:\/\/archiwum.lckziu.pl\/index.php?rest_route=%2Fwp%2Fv2%2Fmedia&parent=757"}],"curies":[{"name":"wp","href":"https:\/\/api.w.org\/{rel}","templated":true}]}}