{"id":71,"date":"2014-09-16T01:25:25","date_gmt":"2014-09-15T23:25:25","guid":{"rendered":"http:\/\/lckziu.pl\/?page_id=71"},"modified":"2015-01-05T09:21:09","modified_gmt":"2015-01-05T08:21:09","slug":"patron","status":"publish","type":"page","link":"https:\/\/archiwum.lckziu.pl\/?page_id=71","title":{"rendered":"Patron"},"content":{"rendered":"<p><img decoding=\"async\" style=\"margin: 5px;\" src=\"\/wp-content\/uploads\/2014\/09\/baczynski.png\" alt=\"\" align=\"left\" \/><strong>Patron Centrum: Krzysztof Kamil Baczy\u0144ski (22.01.1921-04.08.1944)<\/strong><\/p>\n<p><strong>Krzysztof Kamil Baczy\u0144ski<\/strong> &#8211; (pseudonim Jan Bugaj) urodzi\u0142 si\u0119 w Warszawie 22 stycznia 1921 roku. Drugie imi\u0119 Kamil otrzyma\u0142 na chrzcie .By\u0142 synem Stanis\u0142awa Baczy\u0144skiego i Stefani, z domu Ziele\u0144czyk. Rodzina Baczy\u0144skich wywodzi si\u0119 ze Lwowa. Ojciec Stanis\u0142awa &#8211; w\u0142a\u015bciciel zak\u0142adu krawieckiego &#8211; wzi\u0105\u0142 udzia\u0142 w powstaniu styczniowym. Wni\u00f3s\u0142 wi\u0119c z domu tradycje patryjotyczno &#8211; demokratyczne, a jego m\u0142odzie\u0144cze pogl\u0105dy uformowa\u0142y si\u0119 pod dzia\u0142aniem socjalizmu i ruchu niepodleg\u0142o\u015bciowego. Osob\u0105 uzdolniono literacko w rodzinie Baczy\u0144skich by\u0142a matka &#8211; pani Stefania. Jej zainteresowania sz\u0142y przede wszystkim w kierunku literatury dla dzieci i m\u0142odzie\u017cy. Lecz nie mniejsz\u0105 zas\u0142ug\u0105 pani Stefani by\u0142 jej stosunek do talentu pisarskiego syna. Doskonale i wcze\u015bnie rozezna\u0142a si\u0119 w tym talencje. Czuwa\u0142a nad nim m\u0105drze i w spos\u00f3b wymagaj\u0105cy, gdy talent ten sta\u0142 si\u0119 samodzielny. Wszystkie \u015bwiadectwa pisane i zpami\u0119tywane z osobistych kontakt\u00f3w dowodz\u0105, \u017ce by\u0142a pierwszym i g\u0142\u00f3wnym powiernikiem zamiar\u00f3w jedynaka. Pozosta\u0142a nim r\u00f3wnie\u017c, z m\u0142odzitk\u0105 \u017con\u0105 Baczy\u0144skiego, Barbar\u0105, dziel\u0105c swoj\u0105 rol\u0119, po jego ma\u0142\u017ce\u0144stwie. &#8222;Nad nimi mi\u0142o\u015b\u0107 \u017cywa, bo bogata, wieczna (&#8230;) mi\u0142o\u015b\u0107 jak przysta\u0144 spokojna, blisko\u015bci\u0105 bezpieczna&#8221;.<\/p>\n<p>Baczy\u0144ski, gdy osi\u0105gn\u0105\u0142 wiek odpowiedni wst\u0105pi\u0142 do jednego z najlepszych gimnazj\u00f3w w przedwojennej Warszawie &#8211; gim. Stefana Batorego. By\u0142 do\u015b\u0107 s\u0142abym uczniem, nawet z j\u0119zyka polskiego ocen nie mia\u0142 rewelacyjnych. Za to przez ca\u0142y okres nauki mia\u0142 znakomite oceny z rysunk\u00f3w. Marzy\u0142 o pracy grafika ksi\u0105\u017ckowego. Zas\u0142yn\u0105\u0142 z pi\u0119knych rysunk\u00f3w, kt\u00f3re ofiarowywa\u0142 swoim bliskim. Adresatkami wi\u0119kszo\u015bci tych &#8222;publikacji&#8221; by\u0142y Stefania i Barbara Baczy\u0144skie. (Cze\u015b\u0107 tej grafiki by\u0142a reprodukowana w trzech wydaniach 'Utwor\u00f3w zebranych&#8217; Baczy\u0144skiego [1961,1970,1979]). Krzysztof w\u0142a\u015bciwie nie lubi\u0142 szko\u0142y i nie zachowa\u0142 o niej najcieplejszych wspomnie\u0144. O stosunku Baczy\u0144skiego do gimnazjum \u015bwiadczy\u0107 mo\u017ce najlepiej jedno z jego nie zachowanych w ca\u0142o\u015bci &#8222;opowiada\u0144 bez tytu\u0142u&#8221;, rozpoczynaj\u0105ce si\u0119 od s\u0142\u00f3w: &#8222;Gimnazjum imienia Boobalka I&#8230;&#8221;, z gombrowiczowsk\u0105 i\u015bcie z\u0142o\u015bliwo\u015bci\u0105 napisana satyra, kt\u00f3rej realia niedwuznacznie zaczerpni\u0119te zosta\u0142y z macierzystej uczelni autora. Wobec braku zako\u0144czenia nie znamy daty napisania tej satyry &#8211; mo\u017cna jednak chyba z pewno\u015bci\u0105 przyj\u0105\u0107, \u017ce napisa\u0142 j\u0105 ucze\u0144, nie absolwent.<\/p>\n<p>27 lipca 1939 roku zmar\u0142 jego ojciec, nie doczekawszy pierwszych publikacji utalentowanego syna. Baczy\u0144ski przed wojna nie zd\u0105\u017cy\u0142 og\u0142osi\u0107 \u017cadnego utworu. Pisa\u0142 wiersze od 1936 roku, jego utwory z lat 1938 i 1939 \u015bwiadczy\u0142y o krystalizowaniu si\u0119 jego indywidualno\u015bci tw\u00f3rczej. Kazimierz Wyka, znakomity znawca tw\u00f3rczo\u015bci poety, okre\u015bli\u0142 ten pierwszy okres jako bliski szkole poetyckiej J\u00f3zefa Czechowicza i katastrofist\u00f3w.<\/p>\n<p>&#8222;Przede wszystkim \u015bwiadczy spos\u00f3b postawienia i rozwi\u0105zania rozleglejszej sytuacji poetyckiej. Jest on p\u0142ynny i emocjonalny, sk\u0142ada si\u0119 ze skojarze\u0144 wzajemnie na siebie nachodz\u0105cych i wzajemnie siebie zabarwiaj\u0105cych uczuciowo. W skojarzeniach tych i obrazach nie ma wyr\u00f3\u017cnienia miedzy pierwiastkiem fizycznym, wizualnym a pierwiastkiem indywidualnym. One r\u00f3wnie\u017c podawane zostaj\u0105 w jednej i tej samej formule&#8221; &#8211; pisa\u0142 Wyka w ksi\u0105\u017cce &#8222;Krzysztof Baczy\u0144ski&#8221;.<\/p>\n<p>Pierwszy okres do\u015bwiadcze\u0144 poety zamkn\u0105\u0142 si\u0119 rokiem 1941, kiedy w utworach Baczy\u0144skiego zacz\u0119\u0142y pojawia\u0107 si\u0119 nowe tony. Czas okupacji sp\u0119dzi\u0142 Baczy\u0144ski w Warszawie, mieszkaj\u0105c na Czerniakowie w pobli\u017cu klasztoru Nazaretanek na ul. Ho\u0142\u00f3wki 3 (dzisiaj Wczasowa). Wraz z matk\u0105 znalaz\u0142 si\u0119 w trudnej sytuacji materialnej, jaki\u015b czas \u017cyli z wysprzeda\u017cy rzeczy i niewielkich honorari\u00f3w, jakie otrzymywa\u0142a Stefania Baczy\u0144ska za tajne wydania swoich wypis\u00f3w szkolnych.<\/p>\n<p>Rok 1942, kt\u00f3ry by\u0142 prze\u0142omowy w tw\u00f3rczo\u015bci Baczy\u0144skiego, zawa\u017cy\u0142 r\u00f3wnie\u017c na jego \u017cyciu osobistym. Pod koniec 1941 roku pozna\u0142 on nieco m\u0142odsz\u0105 od siebie Barbar\u0119 Drapczy\u0144sk\u0105. By\u0142 on ju\u017c wtedy znanym w podziemiu poet\u0105, drukowanym w tajnych antologiach, wspomaganym stypendiami przez Departament Kultury Delegatury Rz\u0105du. Nast\u0119pnie Krzysztof rozpocz\u0105\u0142 polonistyczne studia na tajnym uniwersytecie.<\/p>\n<p>W lipcu 1944 roku Baczy\u0144ski zosta\u0142 podchor\u0105\u017cym rezerwy Armii Krajowej i z batalionu harcerskiego &#8222;Zo\u015bka&#8221; przeszed\u0142 do r\u00f3wnie\u017c s\u0142ynnego batalionu harcerskiego &#8222;Parasol&#8221;, w kt\u00f3rym obj\u0105\u0142 funkcj\u0119 zast\u0119pcy dow\u00f3dcy plutonu. Z chwil\u0105 wybuchu powstania nie dotar\u0142 na miejsce koncentracji, czekaj\u0105c na bro\u0144 w pobli\u017cu placu Teatralnego. Zg\u0142osi\u0142 si\u0119 wraz ze swymi kolegami do batalionu im. \u0141ukasi\u0144skiego (zgrupowanie Gozdawy) i bra\u0142 udzia\u0142 w walkach tego oddzia\u0142u o Ratusz i pa\u0142acyk Blanka. Poleg\u0142 4 sierpnia 1944 roku o godzinie pi\u0119tnastej, zastrzelony przez niemieckiego snajpera. Po ekshumacji cia\u0142o zosta\u0142o z\u0142o\u017cone obok jego ukochanej \u017cony Barbary.<br \/>\n<center><br \/>\n<iframe loading=\"lazy\" src=\"http:\/\/prezi.com\/embed\/atltujwxdp3y\/?bgcolor=ffffff&amp;lock_to_path=1&amp;autoplay=0&amp;autohide_ctrls=0&amp;features=undefined&amp;token=undefined&amp;disabled_features=undefined\" width=\"640\" height=\"480\" frameBorder=\"0\" webkitAllowFullScreen mozAllowFullscreen allowfullscreen><\/iframe><br \/>\n<\/center><\/p>\n","protected":false},"excerpt":{"rendered":"<p>Patron Centrum: Krzysztof Kamil Baczy\u0144ski (22.01.1921-04.08.1944) Krzysztof Kamil Baczy\u0144ski &#8211; (pseudonim Jan Bugaj) urodzi\u0142 si\u0119 w Warszawie 22 stycznia 1921 roku. Drugie imi\u0119 Kamil otrzyma\u0142 na chrzcie .By\u0142 synem Stanis\u0142awa Baczy\u0144skiego i Stefani, z domu Ziele\u0144czyk. Rodzina Baczy\u0144skich wywodzi si\u0119 ze Lwowa. Ojciec Stanis\u0142awa &#8211; w\u0142a\u015bciciel zak\u0142adu krawieckiego &#8211; wzi\u0105\u0142 udzia\u0142 w powstaniu styczniowym. Wni\u00f3s\u0142&hellip;&nbsp;<a href=\"https:\/\/archiwum.lckziu.pl\/?page_id=71\" class=\"\" rel=\"bookmark\">Czytaj dalej &raquo;<span class=\"screen-reader-text\">Patron<\/span><\/a><\/p>\n","protected":false},"author":1,"featured_media":0,"parent":0,"menu_order":0,"comment_status":"closed","ping_status":"closed","template":"","meta":{"neve_meta_sidebar":"","neve_meta_container":"","neve_meta_enable_content_width":"","neve_meta_content_width":0,"neve_meta_title_alignment":"","neve_meta_author_avatar":"","neve_post_elements_order":"","neve_meta_disable_header":"","neve_meta_disable_footer":"","neve_meta_disable_title":"","ngg_post_thumbnail":0,"_themeisle_gutenberg_block_has_review":false,"footnotes":""},"_links":{"self":[{"href":"https:\/\/archiwum.lckziu.pl\/index.php?rest_route=\/wp\/v2\/pages\/71"}],"collection":[{"href":"https:\/\/archiwum.lckziu.pl\/index.php?rest_route=\/wp\/v2\/pages"}],"about":[{"href":"https:\/\/archiwum.lckziu.pl\/index.php?rest_route=\/wp\/v2\/types\/page"}],"author":[{"embeddable":true,"href":"https:\/\/archiwum.lckziu.pl\/index.php?rest_route=\/wp\/v2\/users\/1"}],"replies":[{"embeddable":true,"href":"https:\/\/archiwum.lckziu.pl\/index.php?rest_route=%2Fwp%2Fv2%2Fcomments&post=71"}],"version-history":[{"count":4,"href":"https:\/\/archiwum.lckziu.pl\/index.php?rest_route=\/wp\/v2\/pages\/71\/revisions"}],"predecessor-version":[{"id":831,"href":"https:\/\/archiwum.lckziu.pl\/index.php?rest_route=\/wp\/v2\/pages\/71\/revisions\/831"}],"wp:attachment":[{"href":"https:\/\/archiwum.lckziu.pl\/index.php?rest_route=%2Fwp%2Fv2%2Fmedia&parent=71"}],"curies":[{"name":"wp","href":"https:\/\/api.w.org\/{rel}","templated":true}]}}