{"id":6361,"date":"2020-04-17T12:37:41","date_gmt":"2020-04-17T10:37:41","guid":{"rendered":"http:\/\/lckziu.pl\/?page_id=6361"},"modified":"2022-03-18T15:04:44","modified_gmt":"2022-03-18T14:04:44","slug":"ranking-szkol-srednich-2020-portalu-waszaedukacja-pl","status":"publish","type":"page","link":"https:\/\/archiwum.lckziu.pl\/?page_id=6361","title":{"rendered":"Ranking Technik\u00f3w portalu WaszaEdukacja.pl"},"content":{"rendered":"\n<div class=\"wp-block-themeisle-blocks-advanced-columns has-1-columns has-desktop-equal-layout has-tablet-equal-layout has-mobile-equal-layout has-default-gap has-vertical-unset\" id=\"wp-block-themeisle-blocks-advanced-columns-529efcaf\"><div class=\"wp-block-themeisle-blocks-advanced-columns-overlay\"><\/div><div class=\"innerblocks-wrap\">\n<div class=\"wp-block-themeisle-blocks-advanced-column\" id=\"wp-block-themeisle-blocks-advanced-column-081dfdea\">\n<ul><li>W rankingu za rok 2021 nasze Technikum Mechaniczne zaj\u0119\u0142o wysokie czwarte miejsce: <a rel=\"noreferrer noopener\" aria-label=\"https:\/\/waszaedukacja.pl\/ranking\/lublin\/technika (otwiera si\u0119 w nowej zak\u0142adce)\" href=\"https:\/\/waszaedukacja.pl\/ranking\/lublin\/technika\" target=\"_blank\">https:\/\/waszaedukacja.pl\/ranking\/lublin\/technika<\/a><\/li><\/ul>\n\n\n\n<ul><li>W <a rel=\"noreferrer noopener\" aria-label=\" (otwiera si\u0119 w nowej zak\u0142adce)\" href=\"https:\/\/waszaedukacja.pl\/ranking\/lublin\/technika\/2020\" target=\"_blank\">rankingu szk\u00f3\u0142 \u015brednich przygotowanym przez portal WaszaEdukacja.pl<\/a> za rok 2020 Technikum Mechaniczne w LCKZiU zaj\u0119\u0142o DRUGIE MIEJSCE PODIUM w\u015br\u00f3d najlepszych technik\u00f3w w Lublinie.<\/li><\/ul>\n\n\n\n<center>\n<a href=\"\/wp-content\/uploads\/2020\/04\/dyplom-II-lublin.pdf\" target=\"_blank\" rel=\"noopener noreferrer\">\n<img decoding=\"async\" src=\"\/wp-content\/uploads\/2020\/04\/waszaedukacja-dyplom-2020.png\" alt=\"Dyplom za zaj\u0119cie 2 miejsca\">\n<\/a>\n<\/center>\n<\/div>\n<\/div><\/div>\n","protected":false},"excerpt":{"rendered":"","protected":false},"author":1,"featured_media":0,"parent":0,"menu_order":0,"comment_status":"closed","ping_status":"closed","template":"","meta":{"neve_meta_sidebar":"right","neve_meta_container":"","neve_meta_enable_content_width":"off","neve_meta_content_width":100,"neve_meta_title_alignment":"","neve_meta_author_avatar":"","neve_post_elements_order":"","neve_meta_disable_header":"","neve_meta_disable_footer":"","neve_meta_disable_title":"","ngg_post_thumbnail":0,"_themeisle_gutenberg_block_has_review":false,"footnotes":""},"_links":{"self":[{"href":"https:\/\/archiwum.lckziu.pl\/index.php?rest_route=\/wp\/v2\/pages\/6361"}],"collection":[{"href":"https:\/\/archiwum.lckziu.pl\/index.php?rest_route=\/wp\/v2\/pages"}],"about":[{"href":"https:\/\/archiwum.lckziu.pl\/index.php?rest_route=\/wp\/v2\/types\/page"}],"author":[{"embeddable":true,"href":"https:\/\/archiwum.lckziu.pl\/index.php?rest_route=\/wp\/v2\/users\/1"}],"replies":[{"embeddable":true,"href":"https:\/\/archiwum.lckziu.pl\/index.php?rest_route=%2Fwp%2Fv2%2Fcomments&post=6361"}],"version-history":[{"count":6,"href":"https:\/\/archiwum.lckziu.pl\/index.php?rest_route=\/wp\/v2\/pages\/6361\/revisions"}],"predecessor-version":[{"id":8018,"href":"https:\/\/archiwum.lckziu.pl\/index.php?rest_route=\/wp\/v2\/pages\/6361\/revisions\/8018"}],"wp:attachment":[{"href":"https:\/\/archiwum.lckziu.pl\/index.php?rest_route=%2Fwp%2Fv2%2Fmedia&parent=6361"}],"curies":[{"name":"wp","href":"https:\/\/api.w.org\/{rel}","templated":true}]}}