{"id":6304,"date":"2020-04-06T13:09:59","date_gmt":"2020-04-06T11:09:59","guid":{"rendered":"http:\/\/lckziu.pl\/?page_id=6304"},"modified":"2023-04-01T18:00:35","modified_gmt":"2023-04-01T16:00:35","slug":"mechanik-pojazdow-samochodowych-723103","status":"publish","type":"page","link":"https:\/\/archiwum.lckziu.pl\/?page_id=6304","title":{"rendered":"Mechanik pojazd\u00f3w samochodowych 723103"},"content":{"rendered":"\r\n<div id=\"wp-block-themeisle-blocks-advanced-columns-b2db1acc\" class=\"wp-block-themeisle-blocks-advanced-columns has-1-columns has-desktop-equal-layout has-tablet-equal-layout has-mobile-equal-layout has-default-gap has-vertical-unset\">\r\n<div class=\"wp-block-themeisle-blocks-advanced-columns-overlay\">\u00a0<\/div>\r\n<div class=\"innerblocks-wrap\">\r\n<div id=\"wp-block-themeisle-blocks-advanced-column-15c0e6e4\" class=\"wp-block-themeisle-blocks-advanced-column\"> <style>\r\n.caly {\r\ndisplay: flex;\r\nflex-wrap: wrap;\r\njustify-content: space-around;\r\nflex-direction: row;\r\n\r\n\/\/border-bottom:6px solid rgba(240,85,90,0.8);\r\n}\r\n.ofe {\r\n  display: block;\r\n  text-align:center;\r\n  \r\n}\r\n.omin {\r\n  color:rgba(40,85,190,0.6);\r\n}\r\n.omax {\r\n  font-size:1.5em;\r\n\r\n}\r\n.ofe ul {\r\nlist-style: none outside;\r\nmargin:0;\r\npadding:0;\r\n}\r\n.ofe li {\r\n  display: block;\r\n  font-size:1.2em;\r\n  padding: 0;\r\n}\r\n<\/style>\r\n<div class=\"caly\">\r\n<div class=\"ofe\"><span class=\"omax\">Opis\u00a0zawodu<br \/>kwalifikacja MOT.05<\/span><\/div>\r\n<div class=\"ofe\"><!--<span class=\"omin\">Przedmioty&nbsp;rozszerzone:<br>(1&nbsp;do&nbsp;wyboru)<\/span><ul><li>J\u0119zyk&nbsp;obcy<\/li><li>Geografia<\/li><ul>--><\/div>\r\n<div class=\"ofe\"><span class=\"omin\">J\u0119zyki\u00a0obce:<\/span>\r\n<ul>\r\n<li>Niemiecki<\/li>\r\n<\/ul>\r\n<\/div>\r\n<div class=\"ofe\"><a href=\"https:\/\/www.ore.edu.pl\/wp-content\/uploads\/2020\/03\/mechanik-pojazdow-samochodowych.pdf\" target=\"_blank\" rel=\"noopener noreferrer\">Podstawa\u00a0programowa<\/a><\/div>\r\n<\/div>\r\n<\/div>\r\n<\/div>\r\n<\/div>\r\n\r\n\r\n\r\n<p>Motoryzacja to Twoja pasja?<br \/>Mechanik pojazd\u00f3w samochodowych \u2013 zaw\u00f3d z przysz\u0142o\u015bci\u0105!!!<br \/>W naszej szkole nauczysz si\u0119 obs\u0142ugi, diagnozowania i naprawy pojazd\u00f3w samochodowych. Zaj\u0119cia praktyczne odbywaj\u0105 si\u0119 w najlepszych prywatnych zak\u0142adach mechaniki pojazdowej na terenie Lublina. Uczysz si\u0119 od fachowc\u00f3w na nowoczesnym sprz\u0119cie. Po uko\u0144czeniu szko\u0142y mo\u017cesz pracowa\u0107 w:<\/p>\r\n\r\n\r\n\r\n<ul>\r\n<li>zak\u0142adach us\u0142ugowo-naprawczych, serwisach ASO<\/li>\r\n<li>stacjach kontroli pojazd\u00f3w<\/li>\r\n<li>s\u0142u\u017cbach technicznych obs\u0142ugi pojazd\u00f3w<\/li>\r\n<\/ul>\r\n\r\n\r\n\r\n<p>Ju\u017c od pierwszej klasy nasi uczniowie realizuj\u0105 swoj\u0105 \u015bcie\u017ck\u0119 kariery zawodowej. jako m\u0142odociani pracownicy poznaj\u0105 realia panuj\u0105ce w zak\u0142adach pracy. Kszta\u0142c\u0105 swoje umiej\u0119tno\u015bci w warunkach, w jakich p\u00f3\u017aniej b\u0119d\u0105 wykonywa\u0107 swoj\u0105 prac\u0119. Maj\u0105 dost\u0119p do najnowocze\u015bniejszych technologii. Najlepsi cz\u0119sto znajduj\u0105 prac\u0119 w zak\u0142adach, w kt\u00f3rych stawiali pierwsze kroki w zawodzie mechanika pojazd\u00f3w samochodowych.<\/p>\r\n","protected":false},"excerpt":{"rendered":"<p>Motoryzacja to Twoja pasja?Mechanik pojazd\u00f3w samochodowych \u2013 zaw\u00f3d z przysz\u0142o\u015bci\u0105!!!W naszej szkole nauczysz si\u0119 obs\u0142ugi, diagnozowania i naprawy pojazd\u00f3w samochodowych. Zaj\u0119cia praktyczne odbywaj\u0105 si\u0119 w najlepszych prywatnych zak\u0142adach mechaniki pojazdowej na terenie Lublina. Uczysz si\u0119 od fachowc\u00f3w na nowoczesnym sprz\u0119cie. Po uko\u0144czeniu szko\u0142y mo\u017cesz pracowa\u0107 w: zak\u0142adach us\u0142ugowo-naprawczych, serwisach ASO stacjach kontroli pojazd\u00f3w s\u0142u\u017cbach technicznych&hellip;&nbsp;<a href=\"https:\/\/archiwum.lckziu.pl\/?page_id=6304\" class=\"\" rel=\"bookmark\">Czytaj dalej &raquo;<span class=\"screen-reader-text\">Mechanik pojazd\u00f3w samochodowych 723103<\/span><\/a><\/p>\n","protected":false},"author":1,"featured_media":0,"parent":0,"menu_order":0,"comment_status":"closed","ping_status":"closed","template":"","meta":{"neve_meta_sidebar":"right","neve_meta_container":"","neve_meta_enable_content_width":"off","neve_meta_content_width":100,"neve_meta_title_alignment":"","neve_meta_author_avatar":"","neve_post_elements_order":"","neve_meta_disable_header":"","neve_meta_disable_footer":"","neve_meta_disable_title":"","ngg_post_thumbnail":0,"_themeisle_gutenberg_block_has_review":false,"footnotes":""},"_links":{"self":[{"href":"https:\/\/archiwum.lckziu.pl\/index.php?rest_route=\/wp\/v2\/pages\/6304"}],"collection":[{"href":"https:\/\/archiwum.lckziu.pl\/index.php?rest_route=\/wp\/v2\/pages"}],"about":[{"href":"https:\/\/archiwum.lckziu.pl\/index.php?rest_route=\/wp\/v2\/types\/page"}],"author":[{"embeddable":true,"href":"https:\/\/archiwum.lckziu.pl\/index.php?rest_route=\/wp\/v2\/users\/1"}],"replies":[{"embeddable":true,"href":"https:\/\/archiwum.lckziu.pl\/index.php?rest_route=%2Fwp%2Fv2%2Fcomments&post=6304"}],"version-history":[{"count":3,"href":"https:\/\/archiwum.lckziu.pl\/index.php?rest_route=\/wp\/v2\/pages\/6304\/revisions"}],"predecessor-version":[{"id":9986,"href":"https:\/\/archiwum.lckziu.pl\/index.php?rest_route=\/wp\/v2\/pages\/6304\/revisions\/9986"}],"wp:attachment":[{"href":"https:\/\/archiwum.lckziu.pl\/index.php?rest_route=%2Fwp%2Fv2%2Fmedia&parent=6304"}],"curies":[{"name":"wp","href":"https:\/\/api.w.org\/{rel}","templated":true}]}}