{"id":6300,"date":"2020-04-06T13:04:14","date_gmt":"2020-04-06T11:04:14","guid":{"rendered":"http:\/\/lckziu.pl\/?page_id=6300"},"modified":"2021-03-02T11:46:07","modified_gmt":"2021-03-02T10:46:07","slug":"ogrodnik-611303","status":"publish","type":"page","link":"https:\/\/archiwum.lckziu.pl\/?page_id=6300","title":{"rendered":"Ogrodnik 611303"},"content":{"rendered":"\n<div class=\"wp-block-themeisle-blocks-advanced-columns has-1-columns has-desktop-equal-layout has-tablet-equal-layout has-mobile-equal-layout has-default-gap has-vertical-unset\" id=\"wp-block-themeisle-blocks-advanced-columns-f0bd240f\"><div class=\"wp-block-themeisle-blocks-advanced-columns-overlay\"><\/div><div class=\"innerblocks-wrap\">\n<div class=\"wp-block-themeisle-blocks-advanced-column\" id=\"wp-block-themeisle-blocks-advanced-column-f398389d\">\n<style>\n.caly {\ndisplay: flex;\nflex-wrap: wrap;\njustify-content: space-around;\nflex-direction: row;\n\n\/\/border-bottom:6px solid rgba(240,85,90,0.8);\n}\n.ofe {\n  display: block;\n  text-align:center;\n  \n}\n.omin {\n  color:rgba(40,85,190,0.6);\n}\n.omax {\n  font-size:1.5em;\n\n}\n.ofe ul {\nlist-style: none outside;\nmargin:0;\npadding:0;\n}\n.ofe li {\n  display: block;\n  font-size:1.2em;\n  padding: 0;\n}\n<\/style>\n<div class=\"caly\">\n<div class=\"ofe\"><span class=\"omax\">Opis&nbsp;zawodu<br>kwalifikacja OGR.02<\/span><\/div>\n<div class=\"ofe\"><!--<span class=\"omin\">Przedmioty&nbsp;rozszerzone:<br>(1&nbsp;do&nbsp;wyboru)<\/span><ul><li>J\u0119zyk&nbsp;obcy<\/li><li>Geografia<\/li><ul>--><\/div>\n<div class=\"ofe\"><span class=\"omin\">J\u0119zyki&nbsp;obce:<\/span><ul><li>Angielski<\/li><ul><\/div>\n<div class=\"ofe\">\n<a href=\"https:\/\/www.ore.edu.pl\/wp-content\/uploads\/2020\/03\/ogrodnik.pdf\" target=\"_blank\" rel=\"noopener noreferrer\">Podstawa&nbsp;programowa<\/a>\n<\/div>\n<\/div>\n<\/div>\n<\/div><\/div>\n\n\n\n<p>Dzi\u0119ki nauce w zawodzie ogrodnik zdob\u0119dziesz umiej\u0119tno\u015bci:<\/p>\n\n\n\n<ul><li>zak\u0142adania i piel\u0119gnacji ogrod\u00f3w<\/li><li>uprawy ro\u015blin ozdobnych, sadowniczych, warzywnych, przyprawowych, grzyb\u00f3w; zbioru, przechowywania i sprzeda\u017cy plon\u00f3w ogrodniczych planowania pi\u0119knych nasadze\u0144 ogrodowych;<\/li><li>wykonywania bukiet\u00f3w, stroik\u00f3w \u015bwi\u0105tecznych, kompozycji kwiatowych;<\/li><li>poznasz ochron\u0119 ro\u015blin oraz narz\u0119dzia i maszyny stosowane w ogrodnictwie.<\/li><\/ul>\n\n\n\n<p>Po uko\u0144czeniu nauki mo\u017cesz pracowa\u0107 w wielu zak\u0142adach pracy, np.:<\/p>\n\n\n\n<ul><li>szk\u00f3\u0142kach ro\u015blin ozdobnych<\/li><li>przedsi\u0119biorstwach zajmuj\u0105cych si\u0119 upraw\u0105 warzyw, ro\u015blin sadowniczych<\/li><li>w gospodarstwach ekologicznych i zielarskich<\/li><li>w firmach zak\u0142adaj\u0105cych i piel\u0119gnuj\u0105cych tereny zieleni.<\/li><\/ul>\n\n\n\n<p>Ogrodnik to praca w kontakcie z natur\u0105 i na \u015bwie\u017cym powietrzu. Zaj\u0119cia praktyczne odbywaj\u0105 si\u0119 w szkolnym ogrodzie dydaktycznym oraz w firmach ogrodniczych.  Wsp\u00f3\u0142pracujemy z Uniwersytetem Przyrodniczym w ramach Gospodarstw Do\u015bwiadczalnych i Centrum Ogrodniczym PNOS w Lublinie, gdzie nasi uczniowie mog\u0105 nabywa\u0107 praktyczne umiej\u0119tno\u015bci ogrodnicze pod okiem najlepszych specjalist\u00f3w.<\/p>\n","protected":false},"excerpt":{"rendered":"<p>Dzi\u0119ki nauce w zawodzie ogrodnik zdob\u0119dziesz umiej\u0119tno\u015bci: zak\u0142adania i piel\u0119gnacji ogrod\u00f3w uprawy ro\u015blin ozdobnych, sadowniczych, warzywnych, przyprawowych, grzyb\u00f3w; zbioru, przechowywania i sprzeda\u017cy plon\u00f3w ogrodniczych planowania pi\u0119knych nasadze\u0144 ogrodowych; wykonywania bukiet\u00f3w, stroik\u00f3w \u015bwi\u0105tecznych, kompozycji kwiatowych; poznasz ochron\u0119 ro\u015blin oraz narz\u0119dzia i maszyny stosowane w ogrodnictwie. Po uko\u0144czeniu nauki mo\u017cesz pracowa\u0107 w wielu zak\u0142adach pracy, np.: szk\u00f3\u0142kach&hellip;&nbsp;<a href=\"https:\/\/archiwum.lckziu.pl\/?page_id=6300\" class=\"\" rel=\"bookmark\">Czytaj dalej &raquo;<span class=\"screen-reader-text\">Ogrodnik 611303<\/span><\/a><\/p>\n","protected":false},"author":1,"featured_media":0,"parent":0,"menu_order":0,"comment_status":"closed","ping_status":"closed","template":"","meta":{"neve_meta_sidebar":"right","neve_meta_container":"","neve_meta_enable_content_width":"off","neve_meta_content_width":100,"neve_meta_title_alignment":"","neve_meta_author_avatar":"","neve_post_elements_order":"","neve_meta_disable_header":"","neve_meta_disable_footer":"","neve_meta_disable_title":"","ngg_post_thumbnail":0,"_themeisle_gutenberg_block_has_review":false,"footnotes":""},"_links":{"self":[{"href":"https:\/\/archiwum.lckziu.pl\/index.php?rest_route=\/wp\/v2\/pages\/6300"}],"collection":[{"href":"https:\/\/archiwum.lckziu.pl\/index.php?rest_route=\/wp\/v2\/pages"}],"about":[{"href":"https:\/\/archiwum.lckziu.pl\/index.php?rest_route=\/wp\/v2\/types\/page"}],"author":[{"embeddable":true,"href":"https:\/\/archiwum.lckziu.pl\/index.php?rest_route=\/wp\/v2\/users\/1"}],"replies":[{"embeddable":true,"href":"https:\/\/archiwum.lckziu.pl\/index.php?rest_route=%2Fwp%2Fv2%2Fcomments&post=6300"}],"version-history":[{"count":5,"href":"https:\/\/archiwum.lckziu.pl\/index.php?rest_route=\/wp\/v2\/pages\/6300\/revisions"}],"predecessor-version":[{"id":6969,"href":"https:\/\/archiwum.lckziu.pl\/index.php?rest_route=\/wp\/v2\/pages\/6300\/revisions\/6969"}],"wp:attachment":[{"href":"https:\/\/archiwum.lckziu.pl\/index.php?rest_route=%2Fwp%2Fv2%2Fmedia&parent=6300"}],"curies":[{"name":"wp","href":"https:\/\/api.w.org\/{rel}","templated":true}]}}