{"id":61,"date":"2014-09-16T01:09:30","date_gmt":"2014-09-15T23:09:30","guid":{"rendered":"http:\/\/lckziu.pl\/?page_id=61"},"modified":"2021-02-25T09:50:30","modified_gmt":"2021-02-25T08:50:30","slug":"pedagog-szkolny","status":"publish","type":"page","link":"https:\/\/archiwum.lckziu.pl\/?page_id=61","title":{"rendered":"Pedagog szkolny"},"content":{"rendered":"<p>Szanowni Rodzice i Drodzy Uczniowie<\/p>\n<p>poni\u017cej zamieszczam kilka istotnych informacji z zakresu pomocy psychologiczno-pedagogicznej dla uczni\u00f3w i rodzic\u00f3w:<\/p>\n<p>1. <b>Pedagog szkolny : Marzena Gruszka<\/b>\u00a0pok\u00f3j 116<\/p>\n<p>Godziny pracy:<\/p>\n<ul style=\"list-style-type: square;\">\n<li>poniedzia\u0142ek: 9.00 &#8211; 13.00<\/li>\n<li>wtorek: 9.00 &#8211; 13.00<\/li>\n<li>\u015broda: 13.00 &#8211; 17.00<\/li>\n<li>czwartek: 9.00 &#8211; 13.00<\/li>\n<li>pi\u0105tek: 8.00 &#8211; 12.00<\/li>\n<\/ul>\n<p>2. Nasz\u0105 szko\u0142\u0105 opiekuje si\u0119 Poradnia Psychologiczno-Pedagogiczna Nr 5 w Lublinie mieszcz\u0105ca si\u0119 w budynku szko\u0142y, tel. 509-731-851, <a href=\"http:\/\/www.zp1.lublin.pl\" target=\"_blank\" rel=\"noopener noreferrer\"><strong>www.zp1.lublin.pl<\/strong><\/a><\/p>\n<p>Specjalistami odpowiedzialnymi za szko\u0142\u0119 s\u0105:<br \/>Psycholog- <b>mgr Katarzyna Gajewska<\/b><br \/>Pedagog- <b>mgr Joanna Szuran<\/b><\/p>\n<p>Rodzice i uczniowie mog\u0105 zg\u0142asza\u0107 si\u0119 indywidualnie po pomoc do pracownik\u00f3w poradni lub za po\u015brednictwem pedagoga szkolnego. Nie jest wymagane skierowanie ze szko\u0142y,<br \/>jednak w przypadku problem\u00f3w dydaktycznych wymagana jest opinia wychowawcy.<\/p>\n<p>3. Zgodnie z Ustaw\u0105 o systemie o\u015bwiaty szko\u0142a honoruje wy\u0142\u0105cznie opinie wydane przez publiczne poradnie psychologiczno-pedagogiczne, w tym specjalistyczne oraz niepubliczne poradnie psychologiczno-pedagogiczne za\u0142o\u017cone zgodnie z art.82 ustawy oraz zatrudniaj\u0105ce pracownik\u00f3w posiadaj\u0105cych kwalifikacje okre\u015blone dla pracownik\u00f3w publicznych poradni psychologiczni-pedagogicznych(poradnie te znajduj\u0105 si\u0119 w wykazie Kuratora O\u015bwiaty). Wszystkie opinie , kt\u00f3re ucze\u0144 chce z\u0142o\u017cy\u0107 w szkole, musz\u0105 zosta\u0107 z\u0142o\u017cone w sekretariacie szko\u0142y, sk\u0105d trafi\u0105 do pedagoga i wychowawcy. Wychowawca jest zobowi\u0105zany zapozna\u0107 z opiniami innych nauczycieli ucz\u0105cych. Do szko\u0142y nale\u017cy sk\u0142ada\u0107 orygina\u0142 opinii b\u0105d\u017a jego kopi\u0119 potwierdzon\u0105 przez szko\u0142\u0119.<\/p>\n<p>4. Uczniowie, w kt\u00f3rych rodzinie miesi\u0119czny doch\u00f3d na osob\u0119 nie przekracza 456z\u0142 netto mog\u0105 ubiega\u0107 si\u0119 o stypendium szkolne. Termin sk\u0142adania wniosk\u00f3w wraz z za\u015bwiadczeniami \u2013 do 15 wrze\u015bnia ka\u017cdego roku(jest to termin ustawowy). Informacje i druki do pobrania s\u0105 u pedagoga szkolnego od 1 wrze\u015bnia.<\/p>\n<p>5. Uczniowie, w kt\u00f3rych rodzinie doch\u00f3d miesi\u0119czny nie przekracza 526,50z\u0142 mog\u0105 ubiega\u0107 si\u0119 o bezp\u0142atne obiady.Aby otrzyma\u0107 ww.pomoc nale\u017cy zwr\u00f3ci\u0107 si\u0119 do filii Miejskiego O\u015brodka Pomocy Rodzinie w\u0142a\u015bciwej ze wzgl\u0119du na miejsce zamieszkania ucznia( <a href=\"http:\/\/www.mopr.lublin.pl\" target=\"_blank\" rel=\"noopener noreferrer\"><strong>www.mopr.lublin.pl<\/strong><\/a> \u2013 zak\u0142adka:Gdzie si\u0119 uda\u0107); tel.81 446-53-10. Uczniowie zamieszkali poza Gmin\u0105 Lublin ubiegaj\u0105 si\u0119 o pomoc w swojej gminie.<\/p>\n<p>6. Rodzice uczni\u00f3w posiadaj\u0105cych orzeczenie o niepe\u0142nosprawno\u015bci proszeni s\u0105 o dostarczenie odpowiedniego dokumentu do sekretariatu szko\u0142y.<\/p>\n<p>7. Wa\u017cna informacja dla rodzic\u00f3w wyje\u017cd\u017caj\u0105cych za granic\u0119 na d\u0142u\u017cszy czas:<br \/>Szanowni Pa\u0144stwo przypominam, \u017ce dziecko pozostawione pod opiek\u0105 dziadk\u00f3w lub innych krewnych musi mie\u0107 prawnego opiekuna, kt\u00f3ry b\u0119dzie podejmowa\u0142 wszystkie decyzje dotycz\u0105ce dziecka w Pa\u0144stwa imieniu. Instytucj\u0105, do kt\u00f3rej nale\u017cy<br \/>si\u0119 zwr\u00f3ci\u0107 z pro\u015bb\u0105 o ustanowienie prawnego opiekuna jest S\u0105d Rodzinny. Adres plac\u00f3wki:<\/p>\n<p>S\u0105d Rodzinny i Nieletnich<br \/>ul.Wallenroda 4D, 20-607 Lublin.<\/p>\n<p>8. Miejsca, gdzie mo\u017cna otrzyma\u0107 bezp\u0142atn\u0105 pomoc psychologiczno-pedagogiczn\u0105, socjaln\u0105, prawn\u0105 w przypadku przemocy w rodzinie, istnienia problem\u00f3w uzale\u017cnie\u0144 itp. Podaj\u0119 przydatne strony oraz numery telefon\u00f3w:<\/p>\n<ul>\n<li>Poradnia Psychologiczno-Pedagogiczna Nr 5w Lublinie ul.Magnoliowa 8 Tel. 509-731-851, <a href=\"http:\/\/www.zp1.lublin.pl\" target=\"_blank\" rel=\"noopener noreferrer\"><strong>www.zp1.lublin.pl<\/strong><\/a> (mie\u015bci si\u0119 w budynku LCKZiU)<\/li>\n<li>Centrum Interwencji Kryzysowej, Lublin, ul. Probostwo 6a, tel.81 466-55-46, 81 446-55-47, ca\u0142odobowy telefon zaufania 81 534-60-60; <strong><a href=\"http:\/\/www.ciklublin.pl\" target=\"_blank\" rel=\"noopener noreferrer\">www.ciklublin.pl<\/a><\/strong><\/li>\n<li>Specjalistyczna Poradnia dla Rodzin, Lublin, ul. Popie\u0142uszki 28e, Tel. 81 466-55-48, 81 466-55-49, 603-780-650;<\/li>\n<li>Poradnia Leczenia Uzale\u017cnie\u0144 dla Dzieci i M\u0142odzie\u017cy,ul.Kar\u0142owicza 1, tel.81 532-29-79, <a href=\"http:\/\/olu.lublin.pl\" target=\"_blank\" rel=\"noopener noreferrer\"><strong>olu.lublin.pl<\/strong><\/a>.<\/li>\n<li>M\u0142odzie\u017cowy O\u015brodek Socjoterapii, Lublin ,ul.Zak\u0142adowa 11a,tel.81 533-84-95,<\/li>\n<li>Stowarzyszenie MONAR, Poradnia Psychoprofilaktyki i Terapii Uzale\u017cnie\u0144, Lublin, ul.Hutnicza 10b, tel. 81 745-10-10;<\/li>\n<li>Antynarkotykowa Poradnia Internetowa, Serwis pomocowo-edukacyjny, bezp\u0142atne porady on-line: <strong><a href=\"http:\/\/www.narkomania.org.pl\" target=\"_blank\" rel=\"noopener noreferrer\">www.narkomania.org.pl<\/a><\/strong><\/li>\n<li>Fundacja Praesterno, O\u015brodek Profilaktyki \u015arodowiskowej, Oddzia\u0142 Terenowy w Lublinie, ul. Organowa 4, tel.81 740-66-44; 601-199-711;<\/li>\n<li>Bezp\u0142atny Telefon Zaufania dla Dzieci i M\u0142odzie\u017cy: 11-61-11, <strong><a href=\"http:\/\/www.116111.pl\" target=\"_blank\" rel=\"noopener noreferrer\">www.116111.pl<\/a><\/strong><\/li>\n<\/ul>\n\n\n<h3 class=\"wp-block-heading\">Materia\u0142y do pobrania<\/h3>\n\n\n\n<p><a href=\"\/wp-content\/uploads\/2021\/02\/1.-Strategie-radzenia-sobie-w-trakcie-trwania-pandemii-CZ-I.pdf\" target=\"_blank\" rel=\"noreferrer noopener\" aria-label=\"Strategie radzenia sobie w trakcie trwania pandemii CZ I.pdf (otwiera si\u0119 na nowej zak\u0142adce)\">Strategie radzenia sobie w trakcie trwania pandemii CZ I.pdf<\/a><\/p>\n\n\n\n<p><a href=\"\/wp-content\/uploads\/2021\/02\/3.-Strategie-radzenia-sobie-w-trakcie-trwania-pandemii-i-nie-tylko-Cz-III.pdf\" target=\"_blank\" rel=\"noreferrer noopener\" aria-label=\"Strategie radzenia sobie w trakcie trwania pandemii i nie tylko Cz III.pdf (otwiera si\u0119 na nowej zak\u0142adce)\">Strategie radzenia sobie w trakcie trwania pandemii i nie tylko Cz III.pdf<\/a><\/p>\n\n\n\n<p><a href=\"\/wp-content\/uploads\/2021\/02\/4.-Strategie-radzenia-sobie-w-trakcie-trwania-pandemii-CZ.-IV.pdf\" target=\"_blank\" rel=\"noreferrer noopener\" aria-label=\"Strategie radzenia sobie w trakcie trwania pandemii - CZ. IV.pdf (otwiera si\u0119 na nowej zak\u0142adce)\">Strategie radzenia sobie w trakcie trwania pandemii &#8211; CZ. IV.pdf<\/a><\/p>\n","protected":false},"excerpt":{"rendered":"<p>Szanowni Rodzice i Drodzy Uczniowie poni\u017cej zamieszczam kilka istotnych informacji z zakresu pomocy psychologiczno-pedagogicznej dla uczni\u00f3w i rodzic\u00f3w: 1. Pedagog szkolny : Marzena Gruszka\u00a0pok\u00f3j 116 Godziny pracy: poniedzia\u0142ek: 9.00 &#8211; 13.00 wtorek: 9.00 &#8211; 13.00 \u015broda: 13.00 &#8211; 17.00 czwartek: 9.00 &#8211; 13.00 pi\u0105tek: 8.00 &#8211; 12.00 2. Nasz\u0105 szko\u0142\u0105 opiekuje si\u0119 Poradnia Psychologiczno-Pedagogiczna Nr&hellip;&nbsp;<a href=\"https:\/\/archiwum.lckziu.pl\/?page_id=61\" class=\"\" rel=\"bookmark\">Czytaj dalej &raquo;<span class=\"screen-reader-text\">Pedagog szkolny<\/span><\/a><\/p>\n","protected":false},"author":1,"featured_media":0,"parent":0,"menu_order":0,"comment_status":"closed","ping_status":"closed","template":"","meta":{"neve_meta_sidebar":"","neve_meta_container":"","neve_meta_enable_content_width":"off","neve_meta_content_width":0,"neve_meta_title_alignment":"","neve_meta_author_avatar":"","neve_post_elements_order":"","neve_meta_disable_header":"","neve_meta_disable_footer":"","neve_meta_disable_title":"","ngg_post_thumbnail":0,"_themeisle_gutenberg_block_has_review":false,"footnotes":""},"_links":{"self":[{"href":"https:\/\/archiwum.lckziu.pl\/index.php?rest_route=\/wp\/v2\/pages\/61"}],"collection":[{"href":"https:\/\/archiwum.lckziu.pl\/index.php?rest_route=\/wp\/v2\/pages"}],"about":[{"href":"https:\/\/archiwum.lckziu.pl\/index.php?rest_route=\/wp\/v2\/types\/page"}],"author":[{"embeddable":true,"href":"https:\/\/archiwum.lckziu.pl\/index.php?rest_route=\/wp\/v2\/users\/1"}],"replies":[{"embeddable":true,"href":"https:\/\/archiwum.lckziu.pl\/index.php?rest_route=%2Fwp%2Fv2%2Fcomments&post=61"}],"version-history":[{"count":7,"href":"https:\/\/archiwum.lckziu.pl\/index.php?rest_route=\/wp\/v2\/pages\/61\/revisions"}],"predecessor-version":[{"id":6965,"href":"https:\/\/archiwum.lckziu.pl\/index.php?rest_route=\/wp\/v2\/pages\/61\/revisions\/6965"}],"wp:attachment":[{"href":"https:\/\/archiwum.lckziu.pl\/index.php?rest_route=%2Fwp%2Fv2%2Fmedia&parent=61"}],"curies":[{"name":"wp","href":"https:\/\/api.w.org\/{rel}","templated":true}]}}