{"id":562,"date":"2014-11-06T15:03:56","date_gmt":"2014-11-06T14:03:56","guid":{"rendered":"http:\/\/lckziu.pl\/?page_id=562"},"modified":"2015-01-12T08:56:27","modified_gmt":"2015-01-12T07:56:27","slug":"przydatne-linki","status":"publish","type":"page","link":"https:\/\/archiwum.lckziu.pl\/?page_id=562","title":{"rendered":"Przydatne linki"},"content":{"rendered":"<p><a title=\"Sport szkolny Lublin\" href=\"http:\/\/www.sportszkolny.lublin.eu\/\" target=\"_blank\">Sport szkolny Lublin<\/a><\/p>\n<p><a href=\"http:\/\/www.oke.krakow.pl\/inf\/\" target=\"_blank\">Okr\u0119gowa Komisja Egzaminacyjna Krak\u00f3w<\/a><\/p>\n<p><a href=\"http:\/\/www.cke.edu.pl\/\" target=\"_blank\">Centralna Komisja Egzaminacyjna<\/a><\/p>\n<p>&nbsp;<\/p>\n<p>Logo oraz Ksi\u0119ga znaku LCKZiU: <a href=\"?page_id=840\">LINK<\/a><\/p>\n","protected":false},"excerpt":{"rendered":"<p>Sport szkolny Lublin Okr\u0119gowa Komisja Egzaminacyjna Krak\u00f3w Centralna Komisja Egzaminacyjna &nbsp; Logo oraz Ksi\u0119ga znaku LCKZiU: LINK<\/p>\n","protected":false},"author":2,"featured_media":0,"parent":0,"menu_order":0,"comment_status":"closed","ping_status":"closed","template":"","meta":{"neve_meta_sidebar":"","neve_meta_container":"","neve_meta_enable_content_width":"","neve_meta_content_width":0,"neve_meta_title_alignment":"","neve_meta_author_avatar":"","neve_post_elements_order":"","neve_meta_disable_header":"","neve_meta_disable_footer":"","neve_meta_disable_title":"","ngg_post_thumbnail":0,"_themeisle_gutenberg_block_has_review":false,"footnotes":""},"_links":{"self":[{"href":"https:\/\/archiwum.lckziu.pl\/index.php?rest_route=\/wp\/v2\/pages\/562"}],"collection":[{"href":"https:\/\/archiwum.lckziu.pl\/index.php?rest_route=\/wp\/v2\/pages"}],"about":[{"href":"https:\/\/archiwum.lckziu.pl\/index.php?rest_route=\/wp\/v2\/types\/page"}],"author":[{"embeddable":true,"href":"https:\/\/archiwum.lckziu.pl\/index.php?rest_route=\/wp\/v2\/users\/2"}],"replies":[{"embeddable":true,"href":"https:\/\/archiwum.lckziu.pl\/index.php?rest_route=%2Fwp%2Fv2%2Fcomments&post=562"}],"version-history":[{"count":10,"href":"https:\/\/archiwum.lckziu.pl\/index.php?rest_route=\/wp\/v2\/pages\/562\/revisions"}],"predecessor-version":[{"id":864,"href":"https:\/\/archiwum.lckziu.pl\/index.php?rest_route=\/wp\/v2\/pages\/562\/revisions\/864"}],"wp:attachment":[{"href":"https:\/\/archiwum.lckziu.pl\/index.php?rest_route=%2Fwp%2Fv2%2Fmedia&parent=562"}],"curies":[{"name":"wp","href":"https:\/\/api.w.org\/{rel}","templated":true}]}}