{"id":5238,"date":"2019-10-10T18:49:51","date_gmt":"2019-10-10T16:49:51","guid":{"rendered":"http:\/\/lckziu.pl\/?page_id=5238"},"modified":"2023-10-02T08:45:25","modified_gmt":"2023-10-02T06:45:25","slug":"rada-rodzicow","status":"publish","type":"page","link":"https:\/\/archiwum.lckziu.pl\/?page_id=5238","title":{"rendered":"Rada Rodzic\u00f3w"},"content":{"rendered":"\n<p class=\"has-text-align-center\"><strong>Szanowni Rodzice i Opiekunowie,<\/strong><\/p>\n\n\n\n<p>wychodz\u0105c naprzeciw oczekiwaniom Rada Rodzic\u00f3w kolejny raz podj\u0119\u0142a decyzje o stworzeniu mo\u017cliwo\u015bci grupowego ubezpieczenia uczni\u00f3w szko\u0142y w roku szkolnym 2023\/24. Poni\u017cej specjalny link z ofert\u0105 przygotowan\u0105 dla Lubelskiego Centrum Kszta\u0142cenia Zawodowego i Ustawicznego w Lublinie, przy ul. Magnoliowej 8. Korzystaj\u0105c z linka, ka\u017cdy zainteresowany mo\u017ce wykupi\u0107 ubezpieczenie w zakresie NNW i zap\u0142aci\u0107 sk\u0142adk\u0119 indywidualnie bez udzia\u0142u Rady Rodzic\u00f3w. Ubezpieczenie jest dobrowolne.  <\/p>\n\n\n\n<p><a href=\"https:\/\/sprzedaz.wiener.pl\/ubezpieczenieoswiata\/g\/10347\" target=\"_blank\" rel=\"noreferrer noopener\" aria-label=\" (otwiera si\u0119 w nowej zak\u0142adce)\">https:\/\/sprzedaz.wiener.pl\/ubezpieczenieoswiata\/g\/10347<\/a><\/p>\n\n\n\n<p>\n<strong>Jak\nkupi\u0107 ubezpieczenie &#8211; <\/strong>wszystkie\nformalno\u015bci online po klikni\u0119ciu w powy\u017cszy link:<\/p>\n\n\n\n<ul>\n<li>\n\tKliknij\n\tprzycisk \u201eKup ubezpieczenie\u201d \n\t\n\t<\/li>\n\n\n\n<li>\n\tUzupe\u0142nij\n\tilo\u015b\u0107 os\u00f3b i dane osobowe niezb\u0119dne do zawarcia umowy\n\tubezpieczenia \n\t\n\t<\/li>\n\n\n\n<li>\n\tPotwierd\u017a\n\tpodane informacje i o\u015bwiadczenia \n\t\n\t<\/li>\n\n\n\n<li>\n\tZap\u0142a\u0107\n\tza ubezpieczenie online \n\t\n\t<\/li>\n\n\n\n<li><strong>Polis\u0119\n\twraz z Og\u00f3lnymi warunkami ubezpieczenia i Kart\u0105 produktu otrzymasz\n\tna wskazany adres e-mail<\/strong>\n\t\n\t\n<\/li>\n<\/ul>\n\n\n\n<p>Link dla oferty sk\u0142adka 44 z\u0142:<\/p>\n\n\n\n<p><a href=\"https:\/\/sprzedaz.wiener.pl\/ubezpieczenieoswiata\/g\/10662\">https:\/\/sprzedaz.wiener.pl\/ubezpieczenieoswiata\/g\/10662<\/a><\/p>\n\n\n\n<p>Link dla oferty sk\u0142adka 52 z\u0142 :<br><a href=\"https:\/\/sprzedaz.wiener.pl\/ubezpieczenieoswiata\/g\/10663\">https:\/\/sprzedaz.wiener.pl\/ubezpieczenieoswiata\/g\/10663<\/a><\/p>\n\n\n\n<p>On-line Rodzice mog\u0105 ubezpieczy\u0107 swoje dzieci tak\u017ce z innych szk\u00f3\u0142, przedszkoli lub student\u00f3w<br>w wieku od 0-26 lat<br>Tradycyjnie 50 % sk\u0142adki za drugie i kolejne dziecko (naliczenie automatyczne)<br>Op\u0142ata sk\u0142adki bezpo\u015brednio przy zawieraniu ubezpieczenia.<\/p>\n\n\n\n<p>Zakres ubezpieczenia szeroki &#8211; obejmuje nast\u0119pstwa nieszcz\u0119\u015bliwego wypadku, koszty leczenia, pobyty w szpitalu, powa\u017cne zachorowania \u2026. szczeg\u00f3\u0142y w za\u0142\u0105cznikach:<br>Wysoko\u015b\u0107 \u015bwiadcze\u0144 zale\u017cy od sumy ubezpieczenia i sk\u0142adki &#8211; zakres w tabelach<\/p>\n\n\n\n<p>sk\u0142adka 44 z\u0142 &#8211; Suma ubezpieczenia 20 000 z\u0142<br>sk\u0142adka 52 z\u0142 &#8211; Suma Ubezpieczenia 25 000 z\u0142<\/p>\n\n\n\n<p>Jak kupi\u0107 ubezpieczenie?<\/p>\n\n\n\n<pre class=\"wp-block-code\"><code>- wszystkie formalno\u015bci za\u0142atwisz online - kliknij w wybrany link\n\n    dalej przycisk \u201eKup ubezpieczenie\u201d\n    Uzupe\u0142nij ilo\u015b\u0107 os\u00f3b i dane osobowe niezb\u0119dne do zawarcia umowy ubezpieczenia\n    Rodzic nie jest ubezpieczonym - nale\u017cy to zaznaczy\u0107\n    Potwierd\u017a podane informacje i o\u015bwiadczenia\n    Zap\u0142a\u0107 za ubezpieczenie online\n    Polis\u0119 wraz z Og\u00f3lnymi warunkami ubezpieczenia i Kart\u0105 produktu otrzymasz na podany adres e-mail\n\n\nPozdrawiam,\nw razie potrzeby prosz\u0119 o kontakt tel. 600 379 933 lub email alicjazlot@wp.pl\n\nAlicja Zlot - agent ubezpieczeniowy ( pe\u0142nomocnictwo w za\u0142\u0105czniku)\n(www.ubezpieczenia-az.pl)<\/code><\/pre>\n\n\n\n<p><a href=\"http:\/\/lckziu.pl\/wp-content\/uploads\/2023\/09\/oferta-LCKZ-44-zl.pdf\">oferta LCKZ -44 z\u0142<\/a><\/p>\n\n\n\n<p><a href=\"http:\/\/lckziu.pl\/wp-content\/uploads\/2023\/09\/LCKZ-zakres-ubezpieczenia-uczniow-44-zl-1.pdf\">LCKZ- zakres ubezpieczenia uczni\u00f3w &#8211; 44 z\u0142-1<\/a><\/p>\n\n\n\n<p><a href=\"http:\/\/lckziu.pl\/wp-content\/uploads\/2023\/09\/oferta-LCKZ-52-zl.pdf\">oferta LCKZ -52 z\u0142<\/a><\/p>\n\n\n\n<p><a href=\"http:\/\/lckziu.pl\/wp-content\/uploads\/2023\/09\/LCKZ-zakres-ubezpieczenia-uczniow-52-zl-1.pdf\">LCKZ- zakres ubezpieczenia uczni\u00f3w -52 z\u0142-1<\/a><\/p>\n\n\n\n<p><a href=\"http:\/\/lckziu.pl\/wp-content\/uploads\/2023\/09\/Pakiet-OSWIATA-Ogolne-warunki-ubezpieczenia-2023.pdf\">Pakiet O\u015aWIATA &#8211; Og\u00f3lne warunki ubezpieczenia -2023<\/a><\/p>\n\n\n\n<p><a href=\"http:\/\/lckziu.pl\/wp-content\/uploads\/2023\/09\/PELNOMOCNICTWO-WIENER.pdf\">PE\u0141NOMOCNICTWO WIENER<\/a><\/p>\n\n\n\n<p><a href=\"http:\/\/lckziu.pl\/wp-content\/uploads\/2023\/09\/ZMIANY-W-ZAKRESIE-SWIADCZEN.odt\">ZMIANY W ZAKRESIE \u015aWIADCZE\u0143<\/a><\/p>\n\n\n\n<p><a href=\"http:\/\/lckziu.pl\/wp-content\/uploads\/2023\/09\/JAK-ZGLOSIC-SZKODE-NNW-dziecka.pdf\">JAK ZG\u0141OSI\u0106 SZKOD\u0118 -NNW dziecka<\/a><\/p>\n\n\n\n<p>Link\naktywny do 15\nlistopada\n2022 roku.<\/p>\n\n\n\n<p>W\nprzypadku pyta\u0144 prosimy o kontakt: <a href=\"mailto:rada.rodzicow@lckziu.lublin.eu\">rada.rodzicow@lckziu.lublin.eu<\/a><\/p>\n\n\n\n<p class=\"has-text-align-center\"> PREZYDIUM RADY RODZIC\u00d3W<br> Lubelskiego Centrum Kszta\u0142cenia Zawodowego i Ustawicznego<br> im. Krzysztofa Kamila Baczy\u0144skiego w Lublinie<br> w roku szkolnym 2023\/2024<br> <strong>Przewodnicz\u0105cy: <\/strong> <strong>Bernadeta Kuchno<\/strong><br> <strong>V-c Przewodnicz\u0105ca: Rafa\u0142 Pytka<\/strong><br> <strong>Sekretarz: Izabella Skrok<br> Skarbnik: Magdalena Bakanacz<br> Cz\u0142onek prezydium: Justyna W\u0142osek<\/strong><\/p>\n\n\n\n<p class=\"has-text-align-center\">\n<a href=\"http:\/\/lckziu.pl\/wp-content\/uploads\/2019\/12\/Regulamin-Rady-Rodzic%C3%B3w.pdf\" target=\"_blank\" rel=\"noreferrer noopener\">REGULAMIN\nRADY RODZIC\u00d3W (za\u0142 w wersji PDF )<\/a><\/p>\n\n\n\n<p class=\"has-text-align-center\"> WP\u0141ATY NA FUNDUSZ RADY RODZIC\u00d3W<br> Sk\u0142adka roczna na fundusz Rady Rodzic\u00f3w \u2013 50 z\u0142 za pierwsze dziecko w tej szkole i 40 z\u0142 za ka\u017cde nast\u0119pne w tej szkole.<br> Dane do przelew\u00f3w na Fundusz Rady Rodzic\u00f3w:<br> Rada Rodzic\u00f3w LCKZiU im KK Baczy\u0144skiego w Lublinie<br> ul. Magnoliowa 8, 20-143 Lublin<br> PEKAO S.A. I o\/Lublin 85 1240 2470 1111 0010 9449 4391<\/p>\n\n\n\n<p class=\"has-text-align-center\">\nW\nopisie ka\u017cdego przelewu prosimy o wpisanie:<br>\n\u201eDarowizna\nna cele o\u015bwiatowe Rady Rodzic\u00f3w\u201d<br>\noraz\npodanie:<br>\nimienia, nazwiska ucznia oraz inicja\u0142\u00f3w klasy.<\/p>\n\n\n\n<p class=\"has-text-align-center\">\n<strong>Zach\u0119camy\ndo wp\u0142at. Pieni\u0105dze <\/strong><strong>przeznaczone\ns\u0105<\/strong><strong>\nna nagrody dla wybitnych uczni\u00f3w, wsparcie inicjatyw uczniowskich i\npomoc w realizacji zada\u0144 o\u015bwiatowych.  <\/strong>\n<\/p>\n\n\n\n<p class=\"has-text-align-center\">\nRada\nRodzic\u00f3w zaprasza do dialogu uczni\u00f3w, nauczycieli, rodzic\u00f3w,\ndyrekcj\u0119 szko\u0142y.<br>\nCzekamy na Pa\u0144stwa pomys\u0142y, sugestie, uwagi\npod adresem:<br>\n<a href=\"mailto:rada.rodzicow@lckziu.lublin.eu\">rada.rodzicow@lckziu.lublin.eu<\/a><\/p>\n\n\n\n<p class=\"has-text-align-center\">\n<strong>W\nnajbli\u017cszym czasie wi\u0119cej informacji.<\/strong><\/p>\n","protected":false},"excerpt":{"rendered":"<p>Szanowni Rodzice i Opiekunowie, wychodz\u0105c naprzeciw oczekiwaniom Rada Rodzic\u00f3w kolejny raz podj\u0119\u0142a decyzje o stworzeniu mo\u017cliwo\u015bci grupowego ubezpieczenia uczni\u00f3w szko\u0142y w roku szkolnym 2023\/24. Poni\u017cej specjalny link z ofert\u0105 przygotowan\u0105 dla Lubelskiego Centrum Kszta\u0142cenia Zawodowego i Ustawicznego w Lublinie, przy ul. Magnoliowej 8. Korzystaj\u0105c z linka, ka\u017cdy zainteresowany mo\u017ce wykupi\u0107 ubezpieczenie w zakresie NNW i&hellip;&nbsp;<a href=\"https:\/\/archiwum.lckziu.pl\/?page_id=5238\" class=\"\" rel=\"bookmark\">Czytaj dalej &raquo;<span class=\"screen-reader-text\">Rada Rodzic\u00f3w<\/span><\/a><\/p>\n","protected":false},"author":1,"featured_media":0,"parent":0,"menu_order":0,"comment_status":"closed","ping_status":"closed","template":"","meta":{"neve_meta_sidebar":"","neve_meta_container":"","neve_meta_enable_content_width":"off","neve_meta_content_width":0,"neve_meta_title_alignment":"","neve_meta_author_avatar":"","neve_post_elements_order":"","neve_meta_disable_header":"","neve_meta_disable_footer":"","neve_meta_disable_title":"","ngg_post_thumbnail":0,"_themeisle_gutenberg_block_has_review":false,"footnotes":""},"_links":{"self":[{"href":"https:\/\/archiwum.lckziu.pl\/index.php?rest_route=\/wp\/v2\/pages\/5238"}],"collection":[{"href":"https:\/\/archiwum.lckziu.pl\/index.php?rest_route=\/wp\/v2\/pages"}],"about":[{"href":"https:\/\/archiwum.lckziu.pl\/index.php?rest_route=\/wp\/v2\/types\/page"}],"author":[{"embeddable":true,"href":"https:\/\/archiwum.lckziu.pl\/index.php?rest_route=\/wp\/v2\/users\/1"}],"replies":[{"embeddable":true,"href":"https:\/\/archiwum.lckziu.pl\/index.php?rest_route=%2Fwp%2Fv2%2Fcomments&post=5238"}],"version-history":[{"count":26,"href":"https:\/\/archiwum.lckziu.pl\/index.php?rest_route=\/wp\/v2\/pages\/5238\/revisions"}],"predecessor-version":[{"id":11050,"href":"https:\/\/archiwum.lckziu.pl\/index.php?rest_route=\/wp\/v2\/pages\/5238\/revisions\/11050"}],"wp:attachment":[{"href":"https:\/\/archiwum.lckziu.pl\/index.php?rest_route=%2Fwp%2Fv2%2Fmedia&parent=5238"}],"curies":[{"name":"wp","href":"https:\/\/api.w.org\/{rel}","templated":true}]}}