{"id":394,"date":"2014-10-02T09:58:25","date_gmt":"2014-10-02T07:58:25","guid":{"rendered":"http:\/\/lckziu.pl\/?page_id=394"},"modified":"2014-10-02T09:58:25","modified_gmt":"2014-10-02T07:58:25","slug":"usluga-edukacyjna-organizacja-i-przeprowadzenie-zaplanowanych-godzin-zajec-dodatkowych-w-pracowniach-i-warsztatach-szkolnych","status":"publish","type":"page","link":"https:\/\/archiwum.lckziu.pl\/?page_id=394","title":{"rendered":"Us\u0142uga edukacyjna Organizacja i przeprowadzenie zaplanowanych godzin zaj\u0119\u0107 dodatkowych w pracowniach i warsztatach szkolnych"},"content":{"rendered":"<h3>Nazwa przetargu: Us\u0142uga edukacyjna Organizacja i przeprowadzenie zaplanowanych godzin zaj\u0119\u0107 dodatkowych w pracowniach i warsztatach szkolnych<\/h3>\n<p>Wykaz dokument\u00f3w:<\/p>\n<p><a href=\"http:\/\/80.53.230.229\/ogloszenia_przetargi\/2014-01-11\/ogloszenie_o_zamowieniu.pdf\">OG\u0141OSZENIE O ZAM\u00d3WIENIU<\/a><\/br><br \/>\n<a href=\"http:\/\/80.53.230.229\/ogloszenia_przetargi\/2014-01-11\/siwz.doc\">SPECYFIKACJA ISTOTNYCH WARUNK\u00d3W ZAM\u00d3WIENIA<\/a><\/br><br \/>\n<a href=\"http:\/\/80.53.230.229\/ogloszenia_przetargi\/2014-01-11\/zal.nr1-wzor-osw.o-spelnieniu-warunkow-udzialu-w-postepowaniu-lcez.doc\">Za\u0142. nr 1 WZ\u00d3R: O\u015bwiadczenie o spe\u0142nieniu warunk\u00f3w udzia\u0142u w post\u0119powaniu<\/a><\/br><br \/>\n<a href=\"http:\/\/80.53.230.229\/ogloszenia_przetargi\/2014-01-11\/zal.nr2-wzor-osw.o-braku-podstaw-do-wykluczenia-lcez.doc\">Za\u0142. nr 2 WZ\u00d3R: O\u015bwiadczenie o braku podstaw do wykluczenia<\/a><\/br><br \/>\n<a href=\"http:\/\/80.53.230.229\/ogloszenia_przetargi\/2014-01-11\/zal.nr3-wzor-wykazu-osob.doc\">Za\u0142. nr 3 WZ\u00d3R: WYKAZ OS\u00d3B<\/a><\/br><br \/>\n<a href=\"http:\/\/80.53.230.229\/ogloszenia_przetargi\/2014-01-11\/zal.nr4-wzor-wykazu-wykonanych-glownych-uslug.doc\">Za\u0142. nr 4 WZ\u00d3R: Wykaz wykonanych g\u0142\u00f3wnych us\u0142ug<\/a><\/br><br \/>\n<a href=\"http:\/\/80.53.230.229\/ogloszenia_przetargi\/2014-01-11\/zal.nr5-wzor-formularza-ofertowego.doc\">Za\u0142. nr 5 WZ\u00d3R: FORMULARZ OFERTOWY<\/a><\/br><br \/>\n<a href=\"http:\/\/80.53.230.229\/ogloszenia_przetargi\/2014-01-11\/zal.nr6-wzor-osw.o-podwykonawcach.doc\">Za\u0142. nr 6 WZ\u00d3R: O\u015bwiadczenie o cz\u0119\u015bci zam\u00f3wienia, kt\u00f3rej wykonanie, wykonawca zamierza powierzy\u0107 podwykonawcom<\/a><\/br><br \/>\n<a href=\"http:\/\/80.53.230.229\/ogloszenia_przetargi\/2014-01-11\/zal.nr7-wzor-umowy-lcez.doc\">Za\u0142. nr 7 WZ\u00d3R: UMOWA LCEZ<\/a><\/br><br \/>\n<a href=\"http:\/\/80.53.230.229\/ogloszenia_przetargi\/2014-01-11\/zal.nr8-lcez.doc\">Za\u0142. nr 8 WZ\u00d3R: Informacja o przynale\u017cno\u015bci do grupy kapita\u0142owej<\/a><\/br><br \/>\n<a href=\"http:\/\/80.53.230.229\/ogloszenia_przetargi\/2014-01-11\/zalaczniki-do-wzoru-umowy-cv-z-oswiadczeniami.doc\">Za\u0142. nr 9 WZ\u00d3R: Za\u0142\u0105czniki do wzoru umowy CV z o\u015bwiadczeniami<\/a><\/br><br \/>\n<a href=\"http:\/\/80.53.230.229\/ogloszenia_przetargi\/2014-01-11\/protokol-zotwarcia-ofert.pdf\">Protok\u00f3\u0142 z otwarcia ofert<\/a><\/br><br \/>\n<a href=\"http:\/\/80.53.230.229\/ogloszenia_przetargi\/2014-01-11\/zawiadomienie.pdf\">ZAWIADOMIENIE<\/a><\/br><\/p>\n","protected":false},"excerpt":{"rendered":"<p>Nazwa przetargu: Us\u0142uga edukacyjna Organizacja i przeprowadzenie zaplanowanych godzin zaj\u0119\u0107 dodatkowych w pracowniach i warsztatach szkolnych Wykaz dokument\u00f3w: OG\u0141OSZENIE O ZAM\u00d3WIENIU SPECYFIKACJA ISTOTNYCH WARUNK\u00d3W ZAM\u00d3WIENIA Za\u0142. nr 1 WZ\u00d3R: O\u015bwiadczenie o spe\u0142nieniu warunk\u00f3w udzia\u0142u w post\u0119powaniu Za\u0142. nr 2 WZ\u00d3R: O\u015bwiadczenie o braku podstaw do wykluczenia Za\u0142. nr 3 WZ\u00d3R: WYKAZ OS\u00d3B Za\u0142. nr 4&hellip;&nbsp;<a href=\"https:\/\/archiwum.lckziu.pl\/?page_id=394\" class=\"\" rel=\"bookmark\">Czytaj dalej &raquo;<span class=\"screen-reader-text\">Us\u0142uga edukacyjna Organizacja i przeprowadzenie zaplanowanych godzin zaj\u0119\u0107 dodatkowych w pracowniach i warsztatach szkolnych<\/span><\/a><\/p>\n","protected":false},"author":1,"featured_media":0,"parent":0,"menu_order":0,"comment_status":"closed","ping_status":"closed","template":"","meta":{"neve_meta_sidebar":"","neve_meta_container":"","neve_meta_enable_content_width":"","neve_meta_content_width":0,"neve_meta_title_alignment":"","neve_meta_author_avatar":"","neve_post_elements_order":"","neve_meta_disable_header":"","neve_meta_disable_footer":"","neve_meta_disable_title":"","ngg_post_thumbnail":0,"_themeisle_gutenberg_block_has_review":false,"footnotes":""},"_links":{"self":[{"href":"https:\/\/archiwum.lckziu.pl\/index.php?rest_route=\/wp\/v2\/pages\/394"}],"collection":[{"href":"https:\/\/archiwum.lckziu.pl\/index.php?rest_route=\/wp\/v2\/pages"}],"about":[{"href":"https:\/\/archiwum.lckziu.pl\/index.php?rest_route=\/wp\/v2\/types\/page"}],"author":[{"embeddable":true,"href":"https:\/\/archiwum.lckziu.pl\/index.php?rest_route=\/wp\/v2\/users\/1"}],"replies":[{"embeddable":true,"href":"https:\/\/archiwum.lckziu.pl\/index.php?rest_route=%2Fwp%2Fv2%2Fcomments&post=394"}],"version-history":[{"count":1,"href":"https:\/\/archiwum.lckziu.pl\/index.php?rest_route=\/wp\/v2\/pages\/394\/revisions"}],"predecessor-version":[{"id":395,"href":"https:\/\/archiwum.lckziu.pl\/index.php?rest_route=\/wp\/v2\/pages\/394\/revisions\/395"}],"wp:attachment":[{"href":"https:\/\/archiwum.lckziu.pl\/index.php?rest_route=%2Fwp%2Fv2%2Fmedia&parent=394"}],"curies":[{"name":"wp","href":"https:\/\/api.w.org\/{rel}","templated":true}]}}