{"id":390,"date":"2014-10-02T09:52:09","date_gmt":"2014-10-02T07:52:09","guid":{"rendered":"http:\/\/lckziu.pl\/?page_id=390"},"modified":"2014-10-02T09:52:09","modified_gmt":"2014-10-02T07:52:09","slug":"dostawa-sprzetu-i-wyposazenia-w-ramach-projektu-juz-czas-na-staz-ii-przetarg","status":"publish","type":"page","link":"https:\/\/archiwum.lckziu.pl\/?page_id=390","title":{"rendered":"Dostawa sprz\u0119tu i wyposa\u017cenia w ramach projektu \u201eJu\u017c czas na sta\u017c\u201d (II Przetarg)"},"content":{"rendered":"<ul>\n<li><a href=\"http:\/\/80.53.230.229\/pliki\/przetarg_3\/dostawa\/ogloszenie.pdf\" target=\"_blank\">Og\u0142oszenie o zam\u00f3wieniu &#8211; pdf<\/a><\/li>\n<li><a href=\"http:\/\/80.53.230.229\/pliki\/przetarg_3\/dostawa\/siwz_lcez.pdf\" target=\"_blank\">Specyfikacja istotnych warunk\u00f3w zam\u00f3wienia &#8211; pdf<\/a><\/li>\n<li><a href=\"http:\/\/80.53.230.229\/pliki\/przetarg_3\/dostawa\/formularz_oferty.docx\" target=\"_blank\">Formularz oferty &#8211; docx<\/a><\/li>\n<li><a href=\"http:\/\/80.53.230.229\/pliki\/przetarg_3\/dostawa\/formularz_oferty.pdf\" target=\"_blank\">Formularz oferty &#8211; pdf<\/a><\/li>\n<li><a href=\"http:\/\/80.53.230.229\/pliki\/przetarg_3\/dostawa\/LCEZ_zalacznik_2.xlsx\" target=\"_blank\">Formularz asortymentowo-cenowy &#8211; xlsx<\/a><\/li>\n<li><a href=\"http:\/\/80.53.230.229\/pliki\/przetarg_3\/dostawa\/LCEZ_zalacznik_2.xls\" target=\"_blank\">Formularz asortymentowo-cenowy &#8211; xls<\/a><\/li>\n<li><a href=\"http:\/\/80.53.230.229\/pliki\/przetarg_3\/dostawa\/zal_nr_3.docx\" target=\"_blank\">O\u015bwiadczenie sk\u0142adaj\u0105cego ofert\u0119 &#8211; docx<\/a><\/li>\n<li><a href=\"http:\/\/80.53.230.229\/pliki\/przetarg_3\/dostawa\/zal_nr_3.pdf\" target=\"_blank\">O\u015bwiadczenie sk\u0142adaj\u0105cego ofert\u0119 &#8211; pdf<\/a><\/li>\n<li><a href=\"http:\/\/80.53.230.229\/pliki\/przetarg_3\/dostawa\/zal_4.docx\" target=\"_blank\">O\u015bwiadczenie sk\u0142adaj\u0105cego ofert\u0119_I &#8211; docx<\/a><\/li>\n<li><a href=\"http:\/\/80.53.230.229\/pliki\/przetarg_3\/dostawa\/zal_4.pdf\" target=\"_blank\">O\u015bwiadczenie sk\u0142adaj\u0105cego ofert\u0119_I &#8211; pdf<\/a><\/li>\n<li><a href=\"http:\/\/80.53.230.229\/pliki\/przetarg_3\/dostawa\/zal_5.docx\" target=\"_blank\">Lista podmiot\u00f3w &#8211; docx<\/a><\/li>\n<li><a href=\"http:\/\/80.53.230.229\/pliki\/przetarg_3\/dostawa\/zal_5.pdf\" target=\"_blank\">Lista podmiot\u00f3w &#8211; pdf<\/a><\/li>\n<li><a href=\"http:\/\/80.53.230.229\/pliki\/przetarg_3\/dostawa\/umowa_LCEZ.pdf\" target=\"_blank\">Wz\u00f3r umowy &#8211; pdf<\/a><\/li>\n<li><a href=\"http:\/\/80.53.230.229\/pliki\/przetarg_3\/dostawa\/pytania_wykonawcow.pdf\" target=\"_blank\">Pytania wykonawc\u00f3w &#8211; pdf<\/a><\/li>\n<li><a href=\"http:\/\/80.53.230.229\/pliki\/przetarg_3\/dostawa\/protokol_z_otwarcia_ofert.pdf\" target=\"_blank\">Protok\u00f3\u0142 z otwarcia ofert &#8211; pdf<\/a><\/li>\n<\/ul>\n<p>\n<a href=\"http:\/\/80.53.230.229\/pliki\/przetarg_3\/dostawa\/zawiadomienie.pdf\" target=\"_blank\">Zawiadomienie<\/a><\/p>\n","protected":false},"excerpt":{"rendered":"<p>Og\u0142oszenie o zam\u00f3wieniu &#8211; pdf Specyfikacja istotnych warunk\u00f3w zam\u00f3wienia &#8211; pdf Formularz oferty &#8211; docx Formularz oferty &#8211; pdf Formularz asortymentowo-cenowy &#8211; xlsx Formularz asortymentowo-cenowy &#8211; xls O\u015bwiadczenie sk\u0142adaj\u0105cego ofert\u0119 &#8211; docx O\u015bwiadczenie sk\u0142adaj\u0105cego ofert\u0119 &#8211; pdf O\u015bwiadczenie sk\u0142adaj\u0105cego ofert\u0119_I &#8211; docx O\u015bwiadczenie sk\u0142adaj\u0105cego ofert\u0119_I &#8211; pdf Lista podmiot\u00f3w &#8211; docx Lista podmiot\u00f3w &#8211; pdf&hellip;&nbsp;<a href=\"https:\/\/archiwum.lckziu.pl\/?page_id=390\" class=\"\" rel=\"bookmark\">Czytaj dalej &raquo;<span class=\"screen-reader-text\">Dostawa sprz\u0119tu i wyposa\u017cenia w ramach projektu \u201eJu\u017c czas na sta\u017c\u201d (II Przetarg)<\/span><\/a><\/p>\n","protected":false},"author":1,"featured_media":0,"parent":0,"menu_order":0,"comment_status":"closed","ping_status":"closed","template":"","meta":{"neve_meta_sidebar":"","neve_meta_container":"","neve_meta_enable_content_width":"","neve_meta_content_width":0,"neve_meta_title_alignment":"","neve_meta_author_avatar":"","neve_post_elements_order":"","neve_meta_disable_header":"","neve_meta_disable_footer":"","neve_meta_disable_title":"","ngg_post_thumbnail":0,"_themeisle_gutenberg_block_has_review":false,"footnotes":""},"_links":{"self":[{"href":"https:\/\/archiwum.lckziu.pl\/index.php?rest_route=\/wp\/v2\/pages\/390"}],"collection":[{"href":"https:\/\/archiwum.lckziu.pl\/index.php?rest_route=\/wp\/v2\/pages"}],"about":[{"href":"https:\/\/archiwum.lckziu.pl\/index.php?rest_route=\/wp\/v2\/types\/page"}],"author":[{"embeddable":true,"href":"https:\/\/archiwum.lckziu.pl\/index.php?rest_route=\/wp\/v2\/users\/1"}],"replies":[{"embeddable":true,"href":"https:\/\/archiwum.lckziu.pl\/index.php?rest_route=%2Fwp%2Fv2%2Fcomments&post=390"}],"version-history":[{"count":1,"href":"https:\/\/archiwum.lckziu.pl\/index.php?rest_route=\/wp\/v2\/pages\/390\/revisions"}],"predecessor-version":[{"id":391,"href":"https:\/\/archiwum.lckziu.pl\/index.php?rest_route=\/wp\/v2\/pages\/390\/revisions\/391"}],"wp:attachment":[{"href":"https:\/\/archiwum.lckziu.pl\/index.php?rest_route=%2Fwp%2Fv2%2Fmedia&parent=390"}],"curies":[{"name":"wp","href":"https:\/\/api.w.org\/{rel}","templated":true}]}}