{"id":385,"date":"2014-10-02T09:44:33","date_gmt":"2014-10-02T07:44:33","guid":{"rendered":"http:\/\/lckziu.pl\/?page_id=385"},"modified":"2014-10-02T09:46:53","modified_gmt":"2014-10-02T07:46:53","slug":"dostawa-sprzetu-i-wyposazenia-w-ramach-projektu-juz-czas-na-staz","status":"publish","type":"page","link":"https:\/\/archiwum.lckziu.pl\/?page_id=385","title":{"rendered":"Dostawa sprz\u0119tu i wyposa\u017cenia w ramach projektu \u201eJu\u017c czas na sta\u017c\u201d"},"content":{"rendered":"<ul>\n<li><a href=\"http:\/\/80.53.230.229\/pliki\/przetarg_3\/ogloszenie.pdf\" target=\"_blank\">Og\u0142oszenie o zam\u00f3wieniu<\/a><\/li>\n<li><a href=\"http:\/\/80.53.230.229\/pliki\/przetarg_3\/siwz_lcez.pdf\" target=\"_blank\">Specyfikacja istotnych warunk\u00f3w zam\u00f3wienia<\/a><\/li>\n<li><a href=\"http:\/\/80.53.230.229\/pliki\/przetarg_3\/formularz_oferty.docx\" target=\"_blank\">Formularz oferty<\/a><\/li>\n<li><a href=\"http:\/\/80.53.230.229\/pliki\/przetarg_3\/zalacznik_2.xlsx\" target=\"_blank\">Formularz asortymentowo-cenowy<\/a><\/li>\n<li><a href=\"http:\/\/80.53.230.229\/pliki\/przetarg_3\/zal_3.docx\" target=\"_blank\">O\u015bwiadczenie sk\u0142adaj\u0105cego ofert\u0119<\/a><\/li>\n<li><a href=\"http:\/\/80.53.230.229\/pliki\/przetarg_3\/zal_4.docx\" target=\"_blank\">O\u015bwiadczenie sk\u0142adaj\u0105cego ofert\u0119_I<\/a><\/li>\n<li><a href=\"http:\/\/80.53.230.229\/pliki\/przetarg_3\/zal_5.docx\" target=\"_blank\">Lista podmiot\u00f3w<\/a><\/li>\n<li><a href=\"http:\/\/80.53.230.229\/pliki\/przetarg_3\/wzor_umowy.pdf\" target=\"_blank\">Wz\u00f3r umowy<\/a><\/li>\n<li><a href=\"http:\/\/80.53.230.229\/pliki\/przetarg_3\/odpowiedz_na_pytanie_wykonawcy.jpg\" target=\"_blank\">Odpowied\u017a na pytanie wykonawcy<\/a><\/li>\n<li><a href=\"http:\/\/80.53.230.229\/pliki\/przetarg_3\/ogloszenie_o_zmianie_ogloszenia.jpg\" target=\"_blank\">Og\u0142oszenie o zmianie og\u0142oszenia<\/a><\/li>\n<li><a href=\"http:\/\/80.53.230.229\/pliki\/przetarg_3\/zmiana_terminu_skladania_ofert.jpg\" target=\"_blank\">Zmiana terminu sk\u0142adania ofert<\/a><\/li>\n<li><a href=\"http:\/\/80.53.230.229\/pliki\/przetarg_3\/odpowiedz_na_pytanie_wykonawcy2.jpg\" target=\"_blank\">Odpowied\u017a na pytanie wykonawcy 2<\/a><\/li>\n<li><a href=\"http:\/\/80.53.230.229\/pliki\/przetarg_3\/odpowiedz_na_pytanie_wykonawcy3.jpg\" target=\"_blank\">Odpowied\u017a na pytanie wykonawcy 3<\/a><\/li>\n<li><a href=\"http:\/\/80.53.230.229\/pliki\/przetarg_3\/rozstrzygniecie_przetargu.pdf\" target=\"_blank\">Rozstrzygni\u0119cie przetargu <\/a><\/li>\n<\/ul>\n","protected":false},"excerpt":{"rendered":"<p>Og\u0142oszenie o zam\u00f3wieniu Specyfikacja istotnych warunk\u00f3w zam\u00f3wienia Formularz oferty Formularz asortymentowo-cenowy O\u015bwiadczenie sk\u0142adaj\u0105cego ofert\u0119 O\u015bwiadczenie sk\u0142adaj\u0105cego ofert\u0119_I Lista podmiot\u00f3w Wz\u00f3r umowy Odpowied\u017a na pytanie wykonawcy Og\u0142oszenie o zmianie og\u0142oszenia Zmiana terminu sk\u0142adania ofert Odpowied\u017a na pytanie wykonawcy 2 Odpowied\u017a na pytanie wykonawcy 3 Rozstrzygni\u0119cie przetargu<\/p>\n","protected":false},"author":1,"featured_media":0,"parent":0,"menu_order":0,"comment_status":"closed","ping_status":"closed","template":"","meta":{"neve_meta_sidebar":"","neve_meta_container":"","neve_meta_enable_content_width":"","neve_meta_content_width":0,"neve_meta_title_alignment":"","neve_meta_author_avatar":"","neve_post_elements_order":"","neve_meta_disable_header":"","neve_meta_disable_footer":"","neve_meta_disable_title":"","ngg_post_thumbnail":0,"_themeisle_gutenberg_block_has_review":false,"footnotes":""},"_links":{"self":[{"href":"https:\/\/archiwum.lckziu.pl\/index.php?rest_route=\/wp\/v2\/pages\/385"}],"collection":[{"href":"https:\/\/archiwum.lckziu.pl\/index.php?rest_route=\/wp\/v2\/pages"}],"about":[{"href":"https:\/\/archiwum.lckziu.pl\/index.php?rest_route=\/wp\/v2\/types\/page"}],"author":[{"embeddable":true,"href":"https:\/\/archiwum.lckziu.pl\/index.php?rest_route=\/wp\/v2\/users\/1"}],"replies":[{"embeddable":true,"href":"https:\/\/archiwum.lckziu.pl\/index.php?rest_route=%2Fwp%2Fv2%2Fcomments&post=385"}],"version-history":[{"count":3,"href":"https:\/\/archiwum.lckziu.pl\/index.php?rest_route=\/wp\/v2\/pages\/385\/revisions"}],"predecessor-version":[{"id":389,"href":"https:\/\/archiwum.lckziu.pl\/index.php?rest_route=\/wp\/v2\/pages\/385\/revisions\/389"}],"wp:attachment":[{"href":"https:\/\/archiwum.lckziu.pl\/index.php?rest_route=%2Fwp%2Fv2%2Fmedia&parent=385"}],"curies":[{"name":"wp","href":"https:\/\/api.w.org\/{rel}","templated":true}]}}