{"id":3500,"date":"2018-03-13T16:05:08","date_gmt":"2018-03-13T15:05:08","guid":{"rendered":"http:\/\/lckziu.pl\/?page_id=3500"},"modified":"2021-01-25T13:02:38","modified_gmt":"2021-01-25T12:02:38","slug":"oferta-edukacyjna-2018-technik-grafiki-i-poligrafii-cyfrowej","status":"publish","type":"page","link":"https:\/\/archiwum.lckziu.pl\/?page_id=3500","title":{"rendered":"Technik Grafiki i Poligrafii Cyfrowej 311943"},"content":{"rendered":"\n<div class=\"wp-block-themeisle-blocks-advanced-columns has-1-columns has-desktop-equal-layout has-tablet-equal-layout has-mobile-equal-layout has-default-gap has-vertical-unset\" id=\"wp-block-themeisle-blocks-advanced-columns-73d88401\"><div class=\"wp-block-themeisle-blocks-advanced-columns-overlay\"><\/div><div class=\"innerblocks-wrap\">\n<div class=\"wp-block-themeisle-blocks-advanced-column\" id=\"wp-block-themeisle-blocks-advanced-column-e174a33f\">\n<style>.caly {display: flex;flex-wrap: wrap;justify-content: space-around;flex-direction: row;\/\/border-bottom:6px solid rgba(240,85,90,0.8);}.ofe {  display: block;  text-align:center;  }.omin {  color:rgba(40,85,190,0.6);}.omax {  font-size:1.5em;}.ofe ul {list-style: none outside;margin:0;padding:0;}.ofe li {  display: block;  font-size:1.2em;  padding: 0;}<\/style><div class=\"caly\"><div class=\"ofe\"><span class=\"omax\">Opis&nbsp;zawodu<\/span><\/div><div class=\"ofe\"><span class=\"omin\">Przedmioty&nbsp;rozszerzone:<br><!--(1&nbsp;do&nbsp;wyboru)--><\/span><ul><li>Matematyka<\/li><li>Informatyka<\/li><ul><\/div><div class=\"ofe\"><span class=\"omin\">J\u0119zyki&nbsp;obce:<\/span><ul><li>Angielski<\/li><li>Niemiecki<\/li><ul><\/div><div class=\"ofe\"><a href=\"https:\/\/www.ore.edu.pl\/wp-content\/uploads\/2020\/03\/technik-grafiki-i-poligrafii-cyfrowej.pdf\" target=\"_blank\" rel=\"noopener noreferrer\">Podstawa&nbsp;programowa<\/a><\/div><\/div>\n<\/div>\n<\/div><\/div>\n\n\n\n<div class=\"wp-block-columns is-layout-flex wp-container-core-columns-layout-1 wp-block-columns-is-layout-flex\">\n<div class=\"wp-block-column is-layout-flow wp-block-column-is-layout-flow\">\n<p>Rozejrzyjcie si\u0119 wok\u00f3\u0142 siebie. Otaczaj\u0105 nas wszechobecne reklamy, na ulicach rozdawane s\u0105 ulotki, foldery, w ka\u017cdym sklepie dost\u0119pne s\u0105 darmowe gazetki, powstaj\u0105 coraz to nowe animacje gier, filmik\u00f3w zach\u0119caj\u0105cych do zakupu towar\u00f3w i us\u0142ug, wszelkiego rodzaju pojazdy oklejane s\u0105 kolorowymi banerami \u2026.. .<\/p>\n\n\n\n<p>Zastanawiali\u015bcie si\u0119 kiedy\u015b, gdzie znajduj\u0105 si\u0119 wielkie zak\u0142ady graficzne wytwarzaj\u0105ce wielko i niskonak\u0142adowe druki, wytw\u00f3rnie film\u00f3w reklamowych\u2026? Dzi\u0119ki ci\u0105g\u0142emu rozwojowi technik informatycznych i komputer\u00f3w takie produkty mog\u0105 powstawa\u0107 w niewielkich wyspecjalizowanych firmach, domowym zaciszu lub w \u201eprzeno\u015bnym laptopowym warsztacie\u201d. Jedno si\u0119 tylko nie zmienia, w dalszym ci\u0105gu potrzebny jest cz\u0142owiek, specjalista od grafiki cyfrowej, biegle obs\u0142uguj\u0105cy programy i urz\u0105dzenia komputerowe, posiadaj\u0105cy zmys\u0142 estetyczny i pasj\u0119 do realizacji w\u0142asnych pomys\u0142\u00f3w.<\/p>\n\n\n\n<center><iframe loading=\"lazy\" width=\"560\" height=\"315\" src=\"https:\/\/www.youtube-nocookie.com\/embed\/W3cEqfU2zwU\" frameborder=\"0\" allow=\"accelerometer; autoplay; encrypted-media; gyroscope; picture-in-picture\" allowfullscreen=\"\"><\/iframe><\/center>\n\n\n\n<p>Jeste\u015bmy jedyn\u0105 szko\u0142\u0105 w Lublinie ucz\u0105c\u0105 tego zawodu. Nasi uczniowie w trakcie nauki nabywaj\u0105 praktyczne umiej\u0119tno\u015bci wykonuj\u0105c wszystkie wykorzystywane w szkole dyplomy, zaproszenia, banery reklamowe, foldery i ulotki. Strona internetowa to tak\u017ce ich dzie\u0142o. Na w\u0142asne potrzeby tworz\u0105 zaproszenia i naklejki, a tak\u017ce animacje do gier. Ich prace zdobywaj\u0105 nagrody i wyr\u00f3\u017cnienia w r\u00f3\u017cnych konkursach.<\/p>\n\n\n\n<p>Po zdaniu egzamin\u00f3w zawodowych z dw\u00f3ch kwalifikacji i uko\u0144czeniu szko\u0142y otrzymasz dyplom wraz z suplementem w j\u0119zyku angielskim \u2013 EUROPASS, uprawniaj\u0105cym do uznania Twoich kwalifikacji na obszarze ca\u0142ej Unii Europejskiej.<\/p>\n<\/div>\n\n\n\n<div class=\"wp-block-column is-layout-flow wp-block-column-is-layout-flow\">\n<center><iframe loading=\"lazy\" width=\"560\" height=\"315\" src=\"https:\/\/www.youtube-nocookie.com\/embed\/w1hQyYAfVQc\" frameborder=\"0\" allow=\"accelerometer; autoplay; encrypted-media; gyroscope; picture-in-picture\" allowfullscreen=\"\"><\/iframe><\/center>\n\n\n\n<p>Wybieraj\u0105c zaw\u00f3d technika grafiki i poligrafii cyfrowej nauczysz si\u0119 od specjalist\u00f3w podstaw obs\u0142ugi program\u00f3w do obr\u00f3bki fotografii i tekstu, zaznajomisz si\u0119 z grafik\u0105 wektorow\u0105 i rastrow\u0105, nauczysz si\u0119 tworzenia animacji komputerowych i film\u00f3w reklamowych. Pomog\u0105 Ci w tym dobrze wyposa\u017cone pracownie komputerowe i praktyki zawodowe w nowoczesnych firmach reklamowych.<\/p>\n\n\n\n<p>W trakcie czteroletniej nauki przygotujesz si\u0119 do egzamin\u00f3w z kwalifikacji w zawodzie: AU.54 Przygotowanie oraz wykonywanie prac graficznych i publikacji cyfrowych oraz AU.55 Drukowanie cyfrowe i obr\u00f3bka druk\u00f3w.<\/p>\n\n\n\n<p>A co dalej? Dalej mo\u017cesz si\u0119 uczy\u0107 na uczelniach artystycznych w kierunku grafiki, na uczelniach politechnicznych np. informatyki. Mo\u017cesz pracowa\u0107 w zak\u0142adach graficznych, je\u015bli takie jeszcze istniej\u0105, licznych agencjach reklamowych lub sprzedawa\u0107 swoje umiej\u0119tno\u015bci za po\u015brednictwem internetu jako freelanser, wszystko zale\u017cy od Ciebie.<\/p>\n<\/div>\n<\/div>\n","protected":false},"excerpt":{"rendered":"<p>Rozejrzyjcie si\u0119 wok\u00f3\u0142 siebie. Otaczaj\u0105 nas wszechobecne reklamy, na ulicach rozdawane s\u0105 ulotki, foldery, w ka\u017cdym sklepie dost\u0119pne s\u0105 darmowe gazetki, powstaj\u0105 coraz to nowe animacje gier, filmik\u00f3w zach\u0119caj\u0105cych do zakupu towar\u00f3w i us\u0142ug, wszelkiego rodzaju pojazdy oklejane s\u0105 kolorowymi banerami \u2026.. . Zastanawiali\u015bcie si\u0119 kiedy\u015b, gdzie znajduj\u0105 si\u0119 wielkie zak\u0142ady graficzne wytwarzaj\u0105ce wielko i&hellip;&nbsp;<a href=\"https:\/\/archiwum.lckziu.pl\/?page_id=3500\" class=\"\" rel=\"bookmark\">Czytaj dalej &raquo;<span class=\"screen-reader-text\">Technik Grafiki i Poligrafii Cyfrowej 311943<\/span><\/a><\/p>\n","protected":false},"author":1,"featured_media":0,"parent":0,"menu_order":0,"comment_status":"closed","ping_status":"closed","template":"","meta":{"neve_meta_sidebar":"","neve_meta_container":"","neve_meta_enable_content_width":"off","neve_meta_content_width":0,"neve_meta_title_alignment":"","neve_meta_author_avatar":"","neve_post_elements_order":"","neve_meta_disable_header":"","neve_meta_disable_footer":"","neve_meta_disable_title":"","ngg_post_thumbnail":0,"_themeisle_gutenberg_block_has_review":false,"footnotes":""},"_links":{"self":[{"href":"https:\/\/archiwum.lckziu.pl\/index.php?rest_route=\/wp\/v2\/pages\/3500"}],"collection":[{"href":"https:\/\/archiwum.lckziu.pl\/index.php?rest_route=\/wp\/v2\/pages"}],"about":[{"href":"https:\/\/archiwum.lckziu.pl\/index.php?rest_route=\/wp\/v2\/types\/page"}],"author":[{"embeddable":true,"href":"https:\/\/archiwum.lckziu.pl\/index.php?rest_route=\/wp\/v2\/users\/1"}],"replies":[{"embeddable":true,"href":"https:\/\/archiwum.lckziu.pl\/index.php?rest_route=%2Fwp%2Fv2%2Fcomments&post=3500"}],"version-history":[{"count":14,"href":"https:\/\/archiwum.lckziu.pl\/index.php?rest_route=\/wp\/v2\/pages\/3500\/revisions"}],"predecessor-version":[{"id":6860,"href":"https:\/\/archiwum.lckziu.pl\/index.php?rest_route=\/wp\/v2\/pages\/3500\/revisions\/6860"}],"wp:attachment":[{"href":"https:\/\/archiwum.lckziu.pl\/index.php?rest_route=%2Fwp%2Fv2%2Fmedia&parent=3500"}],"curies":[{"name":"wp","href":"https:\/\/api.w.org\/{rel}","templated":true}]}}