{"id":3496,"date":"2018-03-13T16:04:34","date_gmt":"2018-03-13T15:04:34","guid":{"rendered":"http:\/\/lckziu.pl\/?page_id=3496"},"modified":"2021-01-25T13:00:36","modified_gmt":"2021-01-25T12:00:36","slug":"oferta-edukacyjna-2018-technik-mechatronik","status":"publish","type":"page","link":"https:\/\/archiwum.lckziu.pl\/?page_id=3496","title":{"rendered":"Technik Mechatronik 311410"},"content":{"rendered":"\n<div class=\"wp-block-themeisle-blocks-advanced-columns has-1-columns has-desktop-equal-layout has-tablet-equal-layout has-mobile-equal-layout has-default-gap has-vertical-unset\" id=\"wp-block-themeisle-blocks-advanced-columns-afd53382\"><div class=\"wp-block-themeisle-blocks-advanced-columns-overlay\"><\/div><div class=\"innerblocks-wrap\">\n<div class=\"wp-block-themeisle-blocks-advanced-column\" id=\"wp-block-themeisle-blocks-advanced-column-976b45e9\">\n<style>.caly {display: flex;flex-wrap: wrap;justify-content: space-around;flex-direction: row;\/\/border-bottom:6px solid rgba(240,85,90,0.8);}.ofe {  display: block;  text-align:center;  }.omin {  color:rgba(40,85,190,0.6);}.omax {  font-size:1.5em;}.ofe ul {list-style: none outside;margin:0;padding:0;}.ofe li {  display: block;  font-size:1.2em;  padding: 0;}<\/style><div class=\"caly\"><div class=\"ofe\"><span class=\"omax\">Opis&nbsp;zawodu<\/span><\/div><div class=\"ofe\"><span class=\"omin\">Przedmioty&nbsp;rozszerzone:<br><!--(1&nbsp;do&nbsp;wyboru)--><\/span><ul><li>Matematyka<\/li><li>Fizyka<\/li><ul><\/div><div class=\"ofe\"><span class=\"omin\">J\u0119zyki&nbsp;obce:<\/span><ul><li>Angielski<\/li><li>Niemiecki<\/li><ul><\/div><div class=\"ofe\"><a href=\"https:\/\/www.ore.edu.pl\/wp-content\/uploads\/2020\/03\/technik-mechatronik.pdf\" target=\"_blank\" rel=\"noopener noreferrer\">Podstawa&nbsp;programowa<\/a><\/div><\/div>\n<\/div>\n<\/div><\/div>\n\n\n\n<div class=\"wp-block-columns is-layout-flex wp-container-core-columns-layout-1 wp-block-columns-is-layout-flex\">\n<div class=\"wp-block-column is-layout-flow wp-block-column-is-layout-flow\">\n<p>Czym zajmuje si\u0119 mechatronik? Pomimo i\u017c wszyscy ludzie bardziej lub mniej \u015bwiadomie bior\u0105 udzia\u0142 w rewolucji 4.0 i korzystaj\u0105 z pracy mechatronik\u00f3w, to niewielu potrafi odpowiedzie\u0107 na to pytanie.<\/p>\n\n\n\n<p>Technik mechatronik to zaw\u00f3d wysokich technologii. Zajmuj\u0105cy si\u0119 budow\u0105, dzia\u0142aniem i obs\u0142ug\u0105 skomplikowanych urz\u0105dze\u0144 technicznych. Mechatronicy konstruuj\u0105, programuj\u0105, obs\u0142uguj\u0105 i naprawiaj\u0105 wszelkiego rodzaju urz\u0105dzenia sterowane komputerowo.<\/p>\n\n\n\n<p>Wybieraj\u0105c nauk\u0119 w tym trudnym, ale daj\u0105cym du\u017c\u0105 satysfakcj\u0119 zawodzie zdob\u0119dziesz wiedz\u0119 z zakresu elektrotechniki, mechaniki, automatyki, pneumatyki i hydrauliki, ponadto poznasz tajniki programowania sterownik\u00f3w przemys\u0142owych. W praktyce nauczysz si\u0119 programowania prostych urz\u0105dze\u0144 jakimi s\u0105 bramy automatyczne, a tak\u017ce tych skomplikowanych, wykorzystywanych do budowy linii produkcyjnych, robot\u00f3w przemys\u0142owych. Ponadto nauczysz si\u0119 podstaw obs\u0142ugi obrabiarek skrawaj\u0105cych w tym programowania CNC.<\/p>\n\n\n\n<center><iframe loading=\"lazy\" width=\"560\" height=\"315\" src=\"https:\/\/www.youtube-nocookie.com\/embed\/_IB58McDLUE\" frameborder=\"0\" allow=\"accelerometer; autoplay; encrypted-media; gyroscope; picture-in-picture\" allowfullscreen=\"\"><\/iframe><\/center>\n\n\n\n<p>Po zako\u0144czeniu czteroletniej nauki w technikum, mo\u017cesz kontynuowa\u0107 kszta\u0142cenie na politechnicznych studiach wy\u017cszych np. na kierunkach mechatronika, elektrotechnika, informatyka itp. lub podj\u0105\u0107 prac\u0119. Twoimi przysz\u0142ymi miejscami pracy mog\u0105 by\u0107 przedsi\u0119biorstwa wyposa\u017cone w linie produkcyjne i roboty przemys\u0142owe, serwisy maszyn i urz\u0105dze\u0144 przemys\u0142owych, komputerowych i sprz\u0119tu AGD. Nic nie stoi na przeszkodzie aby\u015b wykonywa\u0142 prace automatyka, elektrotechnika lub podj\u0105\u0142 w\u0142asn\u0105 dzia\u0142alno\u015b\u0107 gospodarcz\u0105.<\/p>\n\n\n\n<p>Ze wzgl\u0119du na bardzo dobre przygotowanie do zawodu i wysokie wyniki z egzamin\u00f3w zawodowych, szko\u0142a w 2016 roku zosta\u0142a uznana za szko\u0142\u0119 mistrz\u00f3w w zawodzie technik mechatronik, a naszych absolwent\u00f3w poszukuj\u0105 lubelscy pracodawcy.<\/p>\n<\/div>\n\n\n\n<div class=\"wp-block-column is-layout-flow wp-block-column-is-layout-flow\">\n<center><iframe loading=\"lazy\" width=\"560\" height=\"315\" src=\"https:\/\/www.youtube-nocookie.com\/embed\/4jHMYmp642s\" frameborder=\"0\" allow=\"accelerometer; autoplay; encrypted-media; gyroscope; picture-in-picture\" allowfullscreen=\"\"><\/iframe><\/center>\n\n\n\n<p>Na zaj\u0119ciach lekcyjnych wykorzystywa\u0142 b\u0119dziesz nowoczesny sprz\u0119t pomiarowy, komputerowe programy symulacyjne oraz wysokiej jako\u015bci pomoce dydaktyczne. Poszerzysz swoj\u0105 wiedz\u0119 ucz\u0105c si\u0119 obs\u0142ugi drukarki 3D, serwisuj\u0105c drony i elektroniczny sprz\u0119t AGD. Praktycznej nauki zawodu nauczysz si\u0119 w warsztatach szkolnych i na praktykach zawodowych w nowoczesnych firmach.<\/p>\n\n\n\n<p>W trakcie nauki mo\u017cesz naby\u0107 dodatkowe umiej\u0119tno\u015bci i uprawnienia np.: spawanie, SEP, certyfikat AutoCAD, Inventor.<\/p>\n\n\n\n<p>Po zdaniu egzamin\u00f3w zawodowych z dw\u00f3ch kwalifikacji i uko\u0144czeniu szko\u0142y otrzymasz dyplom wraz z suplementem w j\u0119zyku angielskim \u2013 EUROPASS, uprawniaj\u0105cym do uznania Twoich kwalifikacji na obszarze ca\u0142ej Unii Europejskiej.<\/p>\n\n\n\n<center><iframe loading=\"lazy\" width=\"560\" height=\"315\" src=\"https:\/\/www.youtube-nocookie.com\/embed\/pvpMaO39UoM\" frameborder=\"0\" allow=\"accelerometer; autoplay; encrypted-media; gyroscope; picture-in-picture\" allowfullscreen=\"\"><\/iframe><\/center>\n<\/div>\n<\/div>\n\n\n\n<center><iframe loading=\"lazy\" width=\"840\" height=\"473\" src=\"https:\/\/www.youtube-nocookie.com\/embed\/UsfpIly1XOM\" frameborder=\"0\" allow=\"accelerometer; autoplay; encrypted-media; gyroscope; picture-in-picture\" allowfullscreen=\"\"><\/iframe><\/center>\n","protected":false},"excerpt":{"rendered":"<p>Czym zajmuje si\u0119 mechatronik? Pomimo i\u017c wszyscy ludzie bardziej lub mniej \u015bwiadomie bior\u0105 udzia\u0142 w rewolucji 4.0 i korzystaj\u0105 z pracy mechatronik\u00f3w, to niewielu potrafi odpowiedzie\u0107 na to pytanie. Technik mechatronik to zaw\u00f3d wysokich technologii. Zajmuj\u0105cy si\u0119 budow\u0105, dzia\u0142aniem i obs\u0142ug\u0105 skomplikowanych urz\u0105dze\u0144 technicznych. Mechatronicy konstruuj\u0105, programuj\u0105, obs\u0142uguj\u0105 i naprawiaj\u0105 wszelkiego rodzaju urz\u0105dzenia sterowane komputerowo.&hellip;&nbsp;<a href=\"https:\/\/archiwum.lckziu.pl\/?page_id=3496\" class=\"\" rel=\"bookmark\">Czytaj dalej &raquo;<span class=\"screen-reader-text\">Technik Mechatronik 311410<\/span><\/a><\/p>\n","protected":false},"author":1,"featured_media":0,"parent":0,"menu_order":0,"comment_status":"closed","ping_status":"closed","template":"","meta":{"neve_meta_sidebar":"","neve_meta_container":"","neve_meta_enable_content_width":"off","neve_meta_content_width":0,"neve_meta_title_alignment":"","neve_meta_author_avatar":"","neve_post_elements_order":"","neve_meta_disable_header":"","neve_meta_disable_footer":"","neve_meta_disable_title":"","ngg_post_thumbnail":0,"_themeisle_gutenberg_block_has_review":false,"footnotes":""},"_links":{"self":[{"href":"https:\/\/archiwum.lckziu.pl\/index.php?rest_route=\/wp\/v2\/pages\/3496"}],"collection":[{"href":"https:\/\/archiwum.lckziu.pl\/index.php?rest_route=\/wp\/v2\/pages"}],"about":[{"href":"https:\/\/archiwum.lckziu.pl\/index.php?rest_route=\/wp\/v2\/types\/page"}],"author":[{"embeddable":true,"href":"https:\/\/archiwum.lckziu.pl\/index.php?rest_route=\/wp\/v2\/users\/1"}],"replies":[{"embeddable":true,"href":"https:\/\/archiwum.lckziu.pl\/index.php?rest_route=%2Fwp%2Fv2%2Fcomments&post=3496"}],"version-history":[{"count":22,"href":"https:\/\/archiwum.lckziu.pl\/index.php?rest_route=\/wp\/v2\/pages\/3496\/revisions"}],"predecessor-version":[{"id":6858,"href":"https:\/\/archiwum.lckziu.pl\/index.php?rest_route=\/wp\/v2\/pages\/3496\/revisions\/6858"}],"wp:attachment":[{"href":"https:\/\/archiwum.lckziu.pl\/index.php?rest_route=%2Fwp%2Fv2%2Fmedia&parent=3496"}],"curies":[{"name":"wp","href":"https:\/\/api.w.org\/{rel}","templated":true}]}}