{"id":197,"date":"2014-09-23T10:18:53","date_gmt":"2014-09-23T08:18:53","guid":{"rendered":"http:\/\/lckziu.pl\/?page_id=197"},"modified":"2022-10-21T10:50:02","modified_gmt":"2022-10-21T08:50:02","slug":"doradca-zawodowy-w-lckziu","status":"publish","type":"page","link":"https:\/\/archiwum.lckziu.pl\/?page_id=197","title":{"rendered":"Doradca zawodowy w LCKZiU"},"content":{"rendered":"<p><span style=\"color: #0000ff;\"><i style=\"color: #0000ff;\">Wszystkich zainteresowanych podj\u0119ciem nauki w LCKZiU absolwent\u00f3w Szk\u00f3\u0142 Podstawowych (ich rodzic\u00f3w i opiekun\u00f3w) zach\u0119camy do kontaktu z doradc\u0105 zawodowym zatrudnionym w szkole &#8211; Panem Miros\u0142awem G\u00f3rczy\u0144skim.<\/i><i style=\"color: #0000ff;\"><br \/>\n<\/i><i style=\"color: #0000ff;\">Mo\u017cna z nim porozmawia\u0107 online na platformie <strong>Microsoft Teams codziennie, po wcze\u015bniejszym zg\u0142oszeniu e-mail:\u00a0<a style=\"color: #0000ff;\" href=\"mailto:mgorczynski@wp.pl\" target=\"_blank\" rel=\"noopener noreferrer\">mgorczynski@wp.pl<\/a> lub telefonicznym: 502 661 <\/strong><\/i><i><strong style=\"color: #0000ff;\">342<\/strong> (celem uzyskania kodu dost\u0119pu do zespo\u0142u \u201ezaj\u0119cia online\u201d na Microsoft Teams).<br \/>\n<\/i><i style=\"color: #0000ff;\"><br \/>\n<\/i><i style=\"color: #0000ff;\">Kontakt jest mo\u017cliwy w nast\u0119puj\u0105cych godzinach:<\/i><i style=\"color: #0000ff;\"><br \/>\n<\/i><em>Poniedzia\u0142ek \u2013 9:00 \u2013 12:00<\/em><br \/>\n<em>Wtorek 9:00 \u2013 12:00<\/em><br \/>\n<em>\u015aroda 9:00 \u2013 12:00<\/em><br \/>\n<em>Czwartek 13:00 \u2013 16:00<\/em><br \/>\n<em>Pi\u0105tek 9:00 \u2013 12:00<\/em><br \/>\n<\/span><\/p>\n<hr \/>\n<p><span style=\"font-weight: 400;\">Obszar pracy nauczyciela doradcy zawodowego w szkole i jego najwa\u017cniejsze zadania z zakresu edukacyjno-zawodowego oraz psychologiczno-pedagogicznego wsparcia ucznia okre\u015blaj\u0105:<\/span><\/p>\n<ul>\n<li style=\"font-weight: 400;\"><span style=\"font-weight: 400;\">Rozporz\u0105dzeniu Ministra Edukacji Narodowej z dnia 12 lutego 2019 r. w sprawie doradztwa zawodowego (Dz. U. z 2019 r. poz. 325);<\/span><\/li>\n<li style=\"font-weight: 400;\"><span style=\"font-weight: 400;\">Wydane na podstawie: Prawo o\u015bwiatowe, art. 47 ust. 1 pkt. 5<\/span><\/li>\n<\/ul>\n<p><span style=\"font-weight: 400;\">&#8211; Rozporz\u0105dzenie Ministra Edukacji Narodowej z dnia 9 sierpnia 2017 r. w sprawie zasad organizacji i udzielania pomocy psychologiczno-pedagogicznej w publicznych przedszkolach, szko\u0142ach i plac\u00f3wkach (Dz. U. z 2017 r. poz. 1591 ze zm.)<\/span><\/p>\n<p><span style=\"font-weight: 400;\">&#8211; Rozporz\u0105dzenie Ministra Edukacji Narodowej z dnia 16 sierpnia 2018 r. zmieniaj\u0105ce rozporz\u0105dzenie w sprawie zasad organizacji i udzielania pomocy psychologiczno-pedagogicznej w publicznych przedszkolach, szko\u0142ach i plac\u00f3wkach (Dz. U. 2018 r. poz. 1647)<\/span><\/p>\n<p><span style=\"font-weight: 400;\">&#8211; Rozporz\u0105dzenie Ministra Edukacji Narodowej z dnia 13 lutego 2019 r. zmieniaj\u0105ce rozporz\u0105dzenie w sprawie zasad organizacji i udzielania pomocy psychologiczno-pedagogicznej w publicznych przedszkolach, szko\u0142ach i plac\u00f3wkach (Dz. U. 2019 poz. 323) \u2013 wchodzi w \u017cycie 01.09.2019 r.<\/span><\/p>\n<ul>\n<li style=\"font-weight: 400;\"><span style=\"font-weight: 400;\">Wydane na podstawie: Ustawa o systemie o\u015bwiaty, Art. 22 ust. 2 pkt. 11<\/span><\/li>\n<\/ul>\n<p><span style=\"font-weight: 400;\">&#8211; Rozporz\u0105dzenie Ministra Edukacji Narodowej z dnia 30 kwietnia 2013 r. w sprawie zasad udzielania i organizacji pomocy psychologiczno-pedagogicznej w publicznych przedszkolach, szko\u0142ach i plac\u00f3wkach (Dz. U. z 2013 r., poz. 532, z p\u00f3\u017an. zm.)<\/span><\/p>\n<p><span style=\"font-weight: 400;\">&#8211; Rozporz\u0105dzenie Ministra Edukacji Narodowej z dnia 13 lutego 2019 r. zmieniaj\u0105ce rozporz\u0105dzenie w sprawie zasad udzielania i organizacji pomocy psychologiczno-pedagogicznej w publicznych szko\u0142ach i plac\u00f3wkach (Dz. U. 2019 poz. 322) \u2013 wchodzi w \u017cycie 01.09.2019 r.<\/span><\/p>\n<ul>\n<li style=\"font-weight: 400;\"><span style=\"font-weight: 400;\">Wydane na podstawie: Karta Nauczyciela, art. 42 ust. 7b<\/span><\/li>\n<\/ul>\n<p><span style=\"font-weight: 400;\">&#8211; Rozporz\u0105dzenie Ministra Edukacji Narodowej z dnia 3 sierpnia 2018 r. w sprawie wykazu zaj\u0119\u0107 prowadzonych bezpo\u015brednio z uczniami lub wychowankami albo na ich rzecz przez nauczycieli poradni psychologiczno-pedagogicznych oraz nauczycieli: pedagog\u00f3w, psycholog\u00f3w, logoped\u00f3w, terapeut\u00f3w pedagogicznych i doradc\u00f3w zawodowych (Dz. U. z 2018 r. poz. 1601)<\/span><\/p>\n<p><span style=\"font-weight: 400;\">&#8211; Rozporz\u0105dzenie Ministra Edukacji Narodowej z dnia 2 lipca 2019 r. zmieniaj\u0105ce rozporz\u0105dzenie w sprawie wykazu zaj\u0119\u0107 prowadzonych bezpo\u015brednio z uczniami lub wychowankami albo na ich rzecz przez nauczycieli poradni psychologiczno-pedagogicznych oraz nauczycieli: pedagog\u00f3w, psycholog\u00f3w, logoped\u00f3w, terapeut\u00f3w pedagogicznych i doradc\u00f3w zawodowych (Dz. U. 2019 poz. 1322)<\/span><\/p>\n<p>Najwa\u017cniejsze zadania nauczyciela doradcy zawodowego w szkole obejmuj\u0105:<\/p>\n<p>1. &#8211; systematyczne diagnozowanie zapotrzebowania uczni\u00f3w i s\u0142uchaczy na dzia\u0142ania zwi\u0105zane z realizacj\u0105 doradztwa zawodowego;<\/p>\n<p>2. &#8211; opracowywanie we wsp\u00f3\u0142pracy z innymi nauczycielami, w tym nauczycielami wychowawcami opiekuj\u0105cymi si\u0119 oddzia\u0142ami, psychologami lub pedagogami, programu realizacji doradztwa zawodowego, kt\u00f3ry uwzgl\u0119dnia wewn\u0105trzszkolny system doradztwa zawodowego oraz koordynowanie jego realizacji;<\/p>\n<p>3. &#8211; wspieranie nauczycieli, w tym nauczycieli wychowawc\u00f3w opiekuj\u0105cych si\u0119 oddzia\u0142ami, psycholog\u00f3w lub pedagog\u00f3w, w zakresie realizacji dzia\u0142a\u0144 okre\u015blonych w programie realizacji doradztwa zawodowego, kt\u00f3ry uwzgl\u0119dnia wewn\u0105trzszkolny system doradztwa zawodowego;<\/p>\n<p>4. &#8211; koordynowanie dzia\u0142alno\u015bci informacyjno-doradczej realizowanej przez szko\u0142\u0119, w tym gromadzenie, aktualizowanie i udost\u0119pnianie informacji edukacyjnych i zawodowych w\u0142a\u015bciwych dla danego poziomu kszta\u0142cenia;<\/p>\n<p>5. &#8211; realizowanie dzia\u0142a\u0144 wynikaj\u0105cych z programu realizacji doradztwa zawodowego, kt\u00f3ry uwzgl\u0119dnia wewn\u0105trzszkolny system doradztwa zawodowego.<\/p>\n<p>6. &#8211; realizowanie zada\u0144 i dzia\u0142a\u0144 doradcy zawodowego w ramach pomocy psychologiczno-pedagogicznej obejmuj\u0105cych:<\/p>\n<p>a) systematyczne diagnozowanie zapotrzebowania uczni\u00f3w na informacje edukacyjne i zawodowe oraz pomoc w planowaniu kszta\u0142cenia i kariery zawodowej;<\/p>\n<p>b) gromadzenie, aktualizacja i udost\u0119pnianie informacji edukacyjnych i zawodowych w\u0142a\u015bciwych dla danego poziomu kszta\u0142cenia;<\/p>\n<p>c) prowadzenie zaj\u0119\u0107 zwi\u0105zanych z wyborem kierunku kszta\u0142cenia i zawodu oraz planowaniem kszta\u0142cenia i kariery zawodowej, z uwzgl\u0119dnieniem rozpoznanych mocnych stron, predyspozycji, zainteresowa\u0144 i uzdolnie\u0144 uczni\u00f3w;<\/p>\n<p>d) koordynowanie dzia\u0142alno\u015bci informacyjno-doradczej prowadzonej przez szko\u0142\u0119 i plac\u00f3wk\u0119;<\/p>\n<p>e) wsp\u00f3\u0142praca z innymi nauczycielami w tworzeniu i zapewnieniu ci\u0105g\u0142o\u015bci dzia\u0142a\u0144 w zakresie zaj\u0119\u0107 zwi\u0105zanych z wyborem kierunku kszta\u0142cenia i zawodu;<\/p>\n<p>f) wspieranie nauczycieli, wychowawc\u00f3w grup wychowawczych i innych specjalist\u00f3w w udzielaniu pomocy psychologiczno-pedagogicznej.<\/p>\n<p><span style=\"font-weight: 400;\">Wszystkie te zadania mog\u0105 by\u0107 realizowane na godzinach wychowawczych, na godzinach dora\u017anych zast\u0119pstw, w trakcie realizacji zada\u0144 projektowych, w trakcie indywidualnych spotka\u0144 z uczniem.<\/span><\/p>\n<p><b>Nauczyciel doradca zawodowy<\/b><span style=\"font-weight: 400;\"> wspiera szko\u0142\u0119 w zakresie pomocy uczniom w rozwoju zawodowym i osobistym, prowadzi tak\u017ce dzia\u0142ania doradcze skierowane do rodzic\u00f3w. Poprzez swoje dzia\u0142ania w zakresie \u015bwiadczenia us\u0142ug informacji zawodowej i doradztwa zawodowego stara si\u0119 zminimalizowa\u0107 liczb\u0119 nieprzemy\u015blanych, przypadkowych decyzji uczni\u00f3w dotycz\u0105cych ich \u015bcie\u017cki kszta\u0142cenia oraz przysz\u0142o\u015bci edukacyjno-zawodowej. Stara si\u0119 pom\u00f3c m\u0142odzie\u017cy w uzyskaniu odpowiedzi na pytanie: ,,Jaki wybra\u0107 zaw\u00f3d, kt\u00f3ry b\u0119dzie zgodny z posiadanymi przeze mnie predyspozycjami, a jego wykonywanie przyniesie mi satysfakcj\u0119?\u201d<\/span><\/p>\n<p><b>Dzia\u0142ania zwi\u0105zane z doradztwem zawodowym realizowane przez doradc\u0119 zawodowego<\/b><span style=\"font-weight: 400;\"> s\u0105 kierowane do trzech grup adresat\u00f3w: uczni\u00f3w, rodzic\u00f3w i nauczycieli (w tym nauczycieli przedmiot\u00f3w og\u00f3lnych i zawodowych, nauczycieli wychowawc\u00f3w, nauczycieli specjalist\u00f3w, nauczycieli bibliotekarzy).<\/span><\/p>\n<p><b>Godziny pracy doradcy zawodowego<\/b><span style=\"font-weight: 400;\"> w Lubelskim Centrum Kszta\u0142cenia Zawodowego i Ustawicznego w Lublinie (s\u0105 to jednocze\u015bnie godziny otwarcia Szkolnego O\u015brodka Kariery):<\/span><\/p>\n<ul>\n<li style=\"font-weight: 400;\">Poniedzia\u0142ek 8:30 \u2013 12:30<\/li>\n<li style=\"font-weight: 400;\">Wtorek 8:30 \u2013 12:30<\/li>\n<li style=\"font-weight: 400;\">\u015aroda 8:30 \u2013 12:30<\/li>\n<li style=\"font-weight: 400;\">Czwartek 12.30 \u2013 16.30<\/li>\n<li style=\"font-weight: 400;\">Pi\u0105tek 8:30 \u2013 12:30<\/li>\n<\/ul>\n<p><span style=\"font-weight: 400;\">Kto\u015b m\u0105dry kiedy\u015b powiedzia\u0142: \u201eR\u00f3b co lubisz a nie b\u0119dziesz musia\u0142 pracowa\u0107.\u201d Pomoc doradcy zawodowego mo\u017ce okaza\u0107 si\u0119 w tym bardzo przydatna.<\/span><\/p>\n<p><span style=\"font-weight: 400;\">Pliki do pobrania:<\/span><\/p>\n<ul>\n<li style=\"list-style-type: none;\">\n<ul>\n<li style=\"list-style-type: none;\">\n<ul>\n<li style=\"list-style-type: none;\">\n<ul><!--\n \t\n\n<li><a href=\"http:\/\/lckziu.pl\/wp-content\/uploads\/2018\/10\/Gorczynski-ankieta-diagnozujaca-zapotrzebowanie-uczniow-wrzesien-2018.pdf\" target=\"_blank\" rel=\"noopener noreferrer\">Gorczynski - ankieta diagnozujaca zapotrzebowanie uczniow wrzesien 2018.pdf<\/a><\/li>\n\n\n \t\n\n<li><a href=\"http:\/\/lckziu.pl\/wp-content\/uploads\/2018\/10\/Gorczynski-Plan-Pracy-Doradcy-Zawodowego-w-roku-szkolnym-2018-2019.pdf\" target=\"_blank\" rel=\"noopener noreferrer\">Gorczynski - Plan Pracy Doradcy Zawodowego w roku szkolnym 2018-2019.pdf<\/a><\/li>\n\n\n \t\n\n<li><a href=\"http:\/\/lckziu.pl\/wp-content\/uploads\/2014\/09\/ROZ-MEN-z-16.08.2018-w-sprawie-doradztwa-zawodowego-D2018000167501.pdf\" rel=\"\">ROZ MEN z 16.08.2018 w sprawie doradztwa zawodowego D2018000167501<\/a><\/li>\n\n\n \t\n\n<li><a href=\"http:\/\/lckziu.pl\/wp-content\/uploads\/2014\/09\/Doradztwo-zawodowe-od-1-wrzesnia-2018.pdf\" rel=\"\">Doradztwo zawodowe od 1 wrzesnia 2018<\/a><\/li>\n\n\n--><\/ul>\n<\/li>\n<\/ul>\n<\/li>\n<\/ul>\n<\/li>\n<\/ul>\n<p>&nbsp;<\/p>\n<ul>\n<li style=\"list-style-type: none;\">\n<ul>\n<li style=\"list-style-type: none;\">\n<ul>\n<li><a href=\"http:\/\/lckziu.pl\/wp-content\/uploads\/2022\/10\/Plan-Pracy-Doradcy-Zawodowego-w-roku-szkolnym-2022-2023_.pdf\" target=\"_blank\" rel=\"noopener\">Plan Pracy Doradcy Zawodowego w roku szkolnym 2022-2023_.pdf<\/a><\/li>\n<li><a href=\"http:\/\/lckziu.pl\/wp-content\/uploads\/2022\/10\/Zasoby-Informacji-Zawodowej-08.09.2022.pdf\" target=\"_blank\" rel=\"noopener\">Zasoby Informacji Zawodowej 08.09.2022.pdf<\/a><\/li>\n<li><a href=\"http:\/\/lckziu.pl\/wp-content\/uploads\/2022\/10\/Program-realizacji-doradztwa-zawodowego-w-Branzowej-Szkole-I-Stopnia-w-LCKZiU-2022-2023.pdf\" target=\"_blank\" rel=\"noopener\">Program realizacji doradztwa zawodowego w Branzowej Szkole I Stopnia w LCKZiU 2022-2023.pdf<\/a><\/li>\n<li><a href=\"http:\/\/lckziu.pl\/wp-content\/uploads\/2022\/10\/Program-realizacji-doradztwa-zawodowego-w-Technikum-Mechanicznym-w-LCKZiU-2022-2023.pdf\" target=\"_blank\" rel=\"noopener\">Program realizacji doradztwa zawodowego w Technikum Mechanicznym wLCKZiU 2022-2023.pdf<\/a><\/li>\n<li><a href=\"http:\/\/lckziu.pl\/wp-content\/uploads\/2022\/10\/Lubelski-Rynek-Pracy-2030.-Ekspertyza-oparta-na-analizie-scenariuszowej.pdf\" target=\"_blank\" rel=\"noopener\">Lubelski Rynek Pracy 2030. Ekspertyza oparta na analizie scenariuszowej.pdf<\/a><\/li>\n<li><a href=\"http:\/\/lckziu.pl\/wp-content\/uploads\/2022\/10\/Kwalifikacje-szkolnictwa-branzowego-w-scenariuszach-przyszlosci-dla-wojewodztwa-lubelskiego.pdf\" target=\"_blank\" rel=\"noopener\">Kwalifikacje szkolnictwa bran\u017cowego w scenariuszach przysz\u0142o\u015bci dla wojew\u00f3dztwa lubelskiego.pdf<\/a><\/li>\n<li><a href=\"http:\/\/lckziu.pl\/wp-content\/uploads\/2022\/10\/Kwalifikacje-szkolnictwa-branzowego-a-potrzeby-lokalnych-rynkow-pracy-w-wojewodztwie-lubelskim.pdf\" target=\"_blank\" rel=\"noopener\">Kwalifikacje szkolnictwa bran\u017cowego a potrzeby lokalnych rynk\u00f3w pracy w wojew\u00f3dztwie lubelskim.pdf<\/a><\/li>\n<li><a href=\"http:\/\/lckziu.pl\/wp-content\/uploads\/2022\/10\/Talenty-Gallupa_Krotki-Przewodnik-Menedzerski.pdf\" target=\"_blank\" rel=\"noopener\">Talenty Gallupa_Krotki Przewodnik Menedzerski.pdf<\/a><\/li>\n<li><a href=\"http:\/\/lckziu.pl\/wp-content\/uploads\/2014\/09\/rozp.MEN-z-12-lutego-2019-w-sprawie-doradztwa.pdf\" rel=\"\">rozp.MEN z 12 lutego 2019 w sprawie doradztwa<\/a><\/li>\n<li><a href=\"http:\/\/lckziu.pl\/wp-content\/uploads\/2014\/09\/Przykladowy-program-doradztwa-zawodowego-dla-branzowych-szkol.pdf\" rel=\"\">Przykladowy program doradztwa zawodowego dla branzowych szkol<\/a><\/li>\n<li><a href=\"http:\/\/lckziu.pl\/wp-content\/uploads\/2014\/09\/Przykladowy-program-doradztwa-zawodowego-dla-technikum.pdf\" rel=\"\">Przykladowy program doradztwa zawodowego dla technikum<\/a><\/li>\n<li><a href=\"http:\/\/lckziu.pl\/wp-content\/uploads\/2014\/09\/Zalecenie-Rady-Unii-Europejskiej-w-sprawie-europejskich-ram-jakosci-i-skutecznosci-przygotowania-zawodowego-z-15.03.2018.pdf\" rel=\"\">Zalecenie Rady Unii Europejskiej w sprawie europejskich ram jakosci i skutecznosci przygotowania zawodowego z 15.03.2018<\/a><\/li>\n<li><a href=\"http:\/\/80.53.230.229\/pliki\/szok\/Przyszle umiejetnosci zwiazane z praca.doc\">Przysz\u0142e umiej\u0119tno\u015bci zwi\u0105zane z prac\u0105<\/a><\/li>\n<li><a href=\"http:\/\/80.53.230.229\/pliki\/szok\/doradztwo kariery w szkolach zawodowych.pdf\">Doradztwo kariery w szko\u0142ach zawodowych<\/a><\/li>\n<li><a href=\"http:\/\/80.53.230.229\/pliki\/szok\/SCENARIUSZ LEKCJI Z MLODZIEZA KLAS III GIMNAZJUM.pptx\">Scenariusz lekcji<\/a><\/li>\n<li><a href=\"http:\/\/2014.kompetencjeprzyszlosci.pl\/\" target=\"_blank\" rel=\"noopener noreferrer\">Raporty: Dwa \u015awiaty &#8211; pracodawca oraz Dwa \u015awiaty &#8211; student (dost\u0119pne za darmo po zapisaniu si\u0119 na stronie wydawcy)<\/a><\/li>\n<li><a href=\"http:\/\/lckziu.pl\/wp-content\/uploads\/2014\/10\/Skill-CV.pdf\">Skill CV<\/a><\/li>\n<li><a href=\"http:\/\/lckziu.pl\/wp-content\/uploads\/2014\/09\/Ulotka-dla-sluchaczy.doc\">Ulotka dla sluchaczy<\/a><\/li>\n<li><a href=\"http:\/\/lckziu.pl\/wp-content\/uploads\/2014\/09\/Tematy-zajec-z-doradztwa-na-godz.wychowawcze.pdf\">Tematy zajec z doradztwa na godz.wychowawcze<\/a><\/li>\n<li><a href=\"http:\/\/lckziu.pl\/wp-content\/uploads\/2014\/09\/Ankieta-dla-sluchaczy.doc\">Ankieta dla sluchaczy<\/a><\/li>\n<li><a href=\"http:\/\/www.kwalifikacje.praca.gov.pl\/\" target=\"_blank\" rel=\"noopener noreferrer\">Strona z dokumentacj\u0105 &#8222;Krajowy Standard Kompetencji Zawodowych&#8221; Wszystkie poni\u017csze materia\u0142y pochodz\u0105 z tej strony Internetowej<\/a><\/li>\n<li><a href=\"http:\/\/lckziu.pl\/wp-content\/uploads\/2014\/09\/spawacz_reczny_lukiem_elektrycznym-Krajowy-Standard-Kompetencji-Zawodowych.pdf\">spawacz_reczny_lukiem_elektrycznym &#8211; Krajowy Standard Kompetencji Zawodowych<\/a><\/li>\n<li><a href=\"http:\/\/lckziu.pl\/wp-content\/uploads\/2014\/09\/spawacz_reczny_gazowy-Krajowy-Standard-Kompetencji-Zawodowych.pdf\">spawacz_reczny_gazowy &#8211; Krajowy Standard Kompetencji Zawodowych<\/a><\/li>\n<li><a href=\"http:\/\/lckziu.pl\/wp-content\/uploads\/2014\/09\/spawacz_metoda_tig-Krajowy-Standard-Kompetencji-Zawodowych.pdf\">spawacz_metoda_tig &#8211; Krajowy Standard Kompetencji Zawodowych<\/a><\/li>\n<li><a href=\"http:\/\/lckziu.pl\/wp-content\/uploads\/2014\/09\/spawacz_metoda_mig-Krajowy-Standard-Kompetencji-Zawodowych.pdf\">spawacz_metoda_mig &#8211; Krajowy Standard Kompetencji Zawodowych<\/a><\/li>\n<li><a href=\"http:\/\/lckziu.pl\/wp-content\/uploads\/2014\/09\/spawacz_metoda_mag-Krajowy-Standard-Kompetencji-Zawodowych.pdf\">spawacz_metoda_mag &#8211; Krajowy Standard Kompetencji Zawodowych<\/a><\/li>\n<li><a href=\"ftp:\/\/kwalifikacje.praca.gov.pl\/\" target=\"_blank\" rel=\"noopener noreferrer\">Baza standard\u00f3w kompetencji\/kwalifikacji zawodowych<\/a><\/li>\n<li><a href=\"http:\/\/212.182.50.100\/kolba_v5\/\" target=\"_blank\" rel=\"noopener noreferrer\">Samobadanie stylu uczenia si\u0119 (gra multimedialna)<\/a><\/li>\n<li><a href=\"http:\/\/lckziu.pl\/wp-content\/uploads\/2014\/09\/Generacja-dobrej-kariery-raport-pracuj.pl_.pdf\" target=\"_blank\" rel=\"noopener noreferrer\">Generacja dobrej kariery &#8211; raport pracuj.pl_<\/a><\/li>\n<li><a href=\"http:\/\/lckziu.pl\/wp-content\/uploads\/2014\/09\/Pracownik-przysz\u0142o\u015bci-raport.pdf\" target=\"_blank\" rel=\"noopener noreferrer\">Pracownik przysz\u0142o\u015bci &#8211; raport<\/a> <a href=\"http:\/\/lckziu.pl\/wp-content\/uploads\/2014\/09\/WUP-Lublin_Kwalifikacje-w-zawodach-szkolnictwa-bran\u017cowego-a-potrzeby-lokalnych-rynkow-pracy_2019.pdf\" rel=\"\">WUP Lublin_<\/a><\/li>\n<li><a href=\"http:\/\/lckziu.pl\/wp-content\/uploads\/2014\/09\/zalecenia-rady-europejskiej-z-dnia-15-marca-2018-w-sprawie-europejskich-ram-jako\u015bci-i-skuteczno\u015bci-przygotowania-zawodowego.pdf\" target=\"_blank\" rel=\"noopener noreferrer\">zalecenia rady europejskiej z dnia 15 marca 2018 w sprawie europejskich ram jako\u015bci i skuteczno\u015bci przygotowania zawodowego<\/a><\/li>\n<li><a href=\"http:\/\/lckziu.pl\/wp-content\/uploads\/2014\/09\/Zintegrowana_Strategia_Umiejetnosci_2030_czesc_ogolna.pdf\" target=\"_blank\" rel=\"noopener noreferrer\">Zintegrowana_Strategia_Umiej\u0119tno\u015bci_2030_cz\u0119\u015b\u0107_og\u00f3lna<\/a><\/li>\n<\/ul>\n<\/li>\n<\/ul>\n<\/li>\n<\/ul>\n<p>SERDECZNIE ZAPRASZAM<\/p>\n<p>SZKOLNY O\u015aRODEK KARIERY<br \/>\nSALA 109<br \/>\nMIROS\u0141AW G\u00d3RCZY\u0143SKI<br \/>\nPSYCHOLOG DORADCA ZAWODOWY<br \/>\n<a href=\"mailto:mgorczynski@wp.pl\"><strong>mgorczynski@wp.pl<\/strong><\/a><\/p>\n","protected":false},"excerpt":{"rendered":"<p>Wszystkich zainteresowanych podj\u0119ciem nauki w LCKZiU absolwent\u00f3w Szk\u00f3\u0142 Podstawowych (ich rodzic\u00f3w i opiekun\u00f3w) zach\u0119camy do kontaktu z doradc\u0105 zawodowym zatrudnionym w szkole &#8211; Panem Miros\u0142awem G\u00f3rczy\u0144skim. Mo\u017cna z nim porozmawia\u0107 online na platformie Microsoft Teams codziennie, po wcze\u015bniejszym zg\u0142oszeniu e-mail:\u00a0mgorczynski@wp.pl lub telefonicznym: 502 661 342 (celem uzyskania kodu dost\u0119pu do zespo\u0142u \u201ezaj\u0119cia online\u201d na Microsoft&hellip;&nbsp;<a href=\"https:\/\/archiwum.lckziu.pl\/?page_id=197\" class=\"\" rel=\"bookmark\">Czytaj dalej &raquo;<span class=\"screen-reader-text\">Doradca zawodowy w LCKZiU<\/span><\/a><\/p>\n","protected":false},"author":1,"featured_media":0,"parent":0,"menu_order":0,"comment_status":"closed","ping_status":"closed","template":"","meta":{"neve_meta_sidebar":"","neve_meta_container":"","neve_meta_enable_content_width":"off","neve_meta_content_width":0,"neve_meta_title_alignment":"","neve_meta_author_avatar":"","neve_post_elements_order":"","neve_meta_disable_header":"","neve_meta_disable_footer":"","neve_meta_disable_title":"","ngg_post_thumbnail":0,"_themeisle_gutenberg_block_has_review":false,"footnotes":""},"_links":{"self":[{"href":"https:\/\/archiwum.lckziu.pl\/index.php?rest_route=\/wp\/v2\/pages\/197"}],"collection":[{"href":"https:\/\/archiwum.lckziu.pl\/index.php?rest_route=\/wp\/v2\/pages"}],"about":[{"href":"https:\/\/archiwum.lckziu.pl\/index.php?rest_route=\/wp\/v2\/types\/page"}],"author":[{"embeddable":true,"href":"https:\/\/archiwum.lckziu.pl\/index.php?rest_route=\/wp\/v2\/users\/1"}],"replies":[{"embeddable":true,"href":"https:\/\/archiwum.lckziu.pl\/index.php?rest_route=%2Fwp%2Fv2%2Fcomments&post=197"}],"version-history":[{"count":42,"href":"https:\/\/archiwum.lckziu.pl\/index.php?rest_route=\/wp\/v2\/pages\/197\/revisions"}],"predecessor-version":[{"id":8848,"href":"https:\/\/archiwum.lckziu.pl\/index.php?rest_route=\/wp\/v2\/pages\/197\/revisions\/8848"}],"wp:attachment":[{"href":"https:\/\/archiwum.lckziu.pl\/index.php?rest_route=%2Fwp%2Fv2%2Fmedia&parent=197"}],"curies":[{"name":"wp","href":"https:\/\/api.w.org\/{rel}","templated":true}]}}