{"id":1485,"date":"2016-01-27T09:48:50","date_gmt":"2016-01-27T08:48:50","guid":{"rendered":"http:\/\/lckziu.pl\/?page_id=1485"},"modified":"2022-03-17T22:47:20","modified_gmt":"2022-03-17T21:47:20","slug":"gra-w-ramach-projektu-transgraniczne-centrum-wsparcia-rynku-pracy-kompetencje-mlodziezy","status":"publish","type":"page","link":"https:\/\/archiwum.lckziu.pl\/?page_id=1485","title":{"rendered":"Gra w ramach projektu: Transgraniczne Centrum Wsparcia Rynku Pracy: Kompetencje m\u0142odzie\u017cy"},"content":{"rendered":"<p><a href=\"http:\/\/lckziu.pl\/kompetencje-mlodziezy\/mount_everest_ua\/\" target=\"_blank\" rel=\"noopener noreferrer\">\u041c\u0406\u0419 \u0415\u0412\u0415\u0420\u0415\u0421\u0422 \u2013 \u0413\u0420\u0410<\/a><br \/>\n<a href=\"http:\/\/lckziu.pl\/kompetencje-mlodziezy\/mount_everest_pl\/\" target=\"_blank\" rel=\"noopener noreferrer\">M\u00f3j Mount Everest &#8211; Gra<\/a><\/p>\n<h3>UWAGA! Ze wzgl\u0119du na brak wsparcia technologii Flash gra nie jest dost\u0119pna w domy\u015blnych &#8211; nowoczesnych przegl\u0105darkach stron internetowych oraz na wsp\u00f3\u0142czesnych systemach operacyjnych.<\/h3>\n","protected":false},"excerpt":{"rendered":"<p>\u041c\u0406\u0419 \u0415\u0412\u0415\u0420\u0415\u0421\u0422 \u2013 \u0413\u0420\u0410 M\u00f3j Mount Everest &#8211; Gra UWAGA! Ze wzgl\u0119du na brak wsparcia technologii Flash gra nie jest dost\u0119pna w domy\u015blnych &#8211; nowoczesnych przegl\u0105darkach stron internetowych oraz na wsp\u00f3\u0142czesnych systemach operacyjnych.<\/p>\n","protected":false},"author":1,"featured_media":0,"parent":0,"menu_order":0,"comment_status":"closed","ping_status":"closed","template":"","meta":{"neve_meta_sidebar":"","neve_meta_container":"","neve_meta_enable_content_width":"off","neve_meta_content_width":0,"neve_meta_title_alignment":"","neve_meta_author_avatar":"","neve_post_elements_order":"","neve_meta_disable_header":"","neve_meta_disable_footer":"","neve_meta_disable_title":"","ngg_post_thumbnail":0,"_themeisle_gutenberg_block_has_review":false,"footnotes":""},"_links":{"self":[{"href":"https:\/\/archiwum.lckziu.pl\/index.php?rest_route=\/wp\/v2\/pages\/1485"}],"collection":[{"href":"https:\/\/archiwum.lckziu.pl\/index.php?rest_route=\/wp\/v2\/pages"}],"about":[{"href":"https:\/\/archiwum.lckziu.pl\/index.php?rest_route=\/wp\/v2\/types\/page"}],"author":[{"embeddable":true,"href":"https:\/\/archiwum.lckziu.pl\/index.php?rest_route=\/wp\/v2\/users\/1"}],"replies":[{"embeddable":true,"href":"https:\/\/archiwum.lckziu.pl\/index.php?rest_route=%2Fwp%2Fv2%2Fcomments&post=1485"}],"version-history":[{"count":5,"href":"https:\/\/archiwum.lckziu.pl\/index.php?rest_route=\/wp\/v2\/pages\/1485\/revisions"}],"predecessor-version":[{"id":8011,"href":"https:\/\/archiwum.lckziu.pl\/index.php?rest_route=\/wp\/v2\/pages\/1485\/revisions\/8011"}],"wp:attachment":[{"href":"https:\/\/archiwum.lckziu.pl\/index.php?rest_route=%2Fwp%2Fv2%2Fmedia&parent=1485"}],"curies":[{"name":"wp","href":"https:\/\/api.w.org\/{rel}","templated":true}]}}