{"id":120,"date":"2014-09-16T02:39:49","date_gmt":"2014-09-16T00:39:49","guid":{"rendered":"http:\/\/lckziu.pl\/?page_id=120"},"modified":"2014-10-24T14:49:26","modified_gmt":"2014-10-24T12:49:26","slug":"ogloszenia-o-przetargach","status":"publish","type":"page","link":"https:\/\/archiwum.lckziu.pl\/?page_id=120","title":{"rendered":"Og\u0142oszenia o przetargach"},"content":{"rendered":"<h3>Przetargi Bie\u017c\u0105ce<\/h3>\n<ul>\n<\/ul>\n<h3>Przetargi Zako\u0144czone<\/h3>\n<ul>\n<li><a href=\"?page_id=428\">ZAPYTANIE OFERTOWE na \u201eWynajem pomieszczenia szkolnego w Lubelskim Centrum Kszta\u0142cenia Zawodowego i Ustawicznego w Lublinie\u201d Przedmiot zam\u00f3wienia: Wynajem pomieszczenia o powierzchni 34 m2 przeznaczonego na \u201ebarek szkolny\u201d<\/a><\/li>\n<li><a href=\"?page_id=394\">Us\u0142uga edukacyjna Organizacja i przeprowadzenie zaplanowanych godzin zaj\u0119\u0107 dodatkowych w pracowniach i warsztatach szkolnych<\/a><\/li>\n<li><a href=\"?page_id=390\">Dostawa sprz\u0119tu i wyposa\u017cenia w ramach projektu \u201eJu\u017c czas na sta\u017c\u201d (II Przetarg)<\/a><\/li>\n<li><a href=\"?page_id=385\">Dostawa sprz\u0119tu i wyposa\u017cenia w ramach projektu \u201eJu\u017c czas na sta\u017c\u201d (I Przetarg)<\/a><\/li>\n<\/ul>\n","protected":false},"excerpt":{"rendered":"<p>Przetargi Bie\u017c\u0105ce Przetargi Zako\u0144czone ZAPYTANIE OFERTOWE na \u201eWynajem pomieszczenia szkolnego w Lubelskim Centrum Kszta\u0142cenia Zawodowego i Ustawicznego w Lublinie\u201d Przedmiot zam\u00f3wienia: Wynajem pomieszczenia o powierzchni 34 m2 przeznaczonego na \u201ebarek szkolny\u201d Us\u0142uga edukacyjna Organizacja i przeprowadzenie zaplanowanych godzin zaj\u0119\u0107 dodatkowych w pracowniach i warsztatach szkolnych Dostawa sprz\u0119tu i wyposa\u017cenia w ramach projektu \u201eJu\u017c czas na&hellip;&nbsp;<a href=\"https:\/\/archiwum.lckziu.pl\/?page_id=120\" class=\"\" rel=\"bookmark\">Czytaj dalej &raquo;<span class=\"screen-reader-text\">Og\u0142oszenia o przetargach<\/span><\/a><\/p>\n","protected":false},"author":1,"featured_media":0,"parent":0,"menu_order":0,"comment_status":"closed","ping_status":"closed","template":"","meta":{"neve_meta_sidebar":"","neve_meta_container":"","neve_meta_enable_content_width":"","neve_meta_content_width":0,"neve_meta_title_alignment":"","neve_meta_author_avatar":"","neve_post_elements_order":"","neve_meta_disable_header":"","neve_meta_disable_footer":"","neve_meta_disable_title":"","ngg_post_thumbnail":0,"_themeisle_gutenberg_block_has_review":false,"footnotes":""},"_links":{"self":[{"href":"https:\/\/archiwum.lckziu.pl\/index.php?rest_route=\/wp\/v2\/pages\/120"}],"collection":[{"href":"https:\/\/archiwum.lckziu.pl\/index.php?rest_route=\/wp\/v2\/pages"}],"about":[{"href":"https:\/\/archiwum.lckziu.pl\/index.php?rest_route=\/wp\/v2\/types\/page"}],"author":[{"embeddable":true,"href":"https:\/\/archiwum.lckziu.pl\/index.php?rest_route=\/wp\/v2\/users\/1"}],"replies":[{"embeddable":true,"href":"https:\/\/archiwum.lckziu.pl\/index.php?rest_route=%2Fwp%2Fv2%2Fcomments&post=120"}],"version-history":[{"count":15,"href":"https:\/\/archiwum.lckziu.pl\/index.php?rest_route=\/wp\/v2\/pages\/120\/revisions"}],"predecessor-version":[{"id":534,"href":"https:\/\/archiwum.lckziu.pl\/index.php?rest_route=\/wp\/v2\/pages\/120\/revisions\/534"}],"wp:attachment":[{"href":"https:\/\/archiwum.lckziu.pl\/index.php?rest_route=%2Fwp%2Fv2%2Fmedia&parent=120"}],"curies":[{"name":"wp","href":"https:\/\/api.w.org\/{rel}","templated":true}]}}